{"id":104,"date":"2014-07-21T22:33:30","date_gmt":"2014-07-21T20:33:30","guid":{"rendered":"https:\/\/intern.hls.rv.bw.schule.de\/secure\/?page_id=104"},"modified":"2026-01-12T19:53:32","modified_gmt":"2026-01-12T18:53:32","slug":"berufsfachschule-hauswirtschaft-und-ernaehrung","status":"publish","type":"page","link":"https:\/\/www.ess-rv.de\/?page_id=104","title":{"rendered":"Berufsfachschule &#8211; Hauswirtschaft und Ern\u00e4hrung"},"content":{"rendered":"<div class=\"link-anmeldung\"><a href=\"http:\/\/www.ess-rv.de\/?page_id=4699\">Anmeldung<\/a><\/div>\n<ul class=\"tab\" id=\"ReiterBox\">\n<li><a class=\"tablinks active\" onclick=\"ReiterOeffnen(event, 'Ausbildungsziel')\">Ausbildungsziel<\/a><\/li>\n<li><a class=\"tablinks \" onclick=\"ReiterOeffnen(event, 'Pruefung')\">Pr&uuml;fung<\/a><\/li>\n<li><a class=\"tablinks\" onclick=\"ReiterOeffnen(event, 'AufnahmeundAnmeldung')\">Aufnahme\/Anmeldung<\/a><\/li>\n<\/ul>\n<div id=\"Ausbildungsziel\" class=\"tabcontent active\">\n<h2>Ausbildungsziel<\/h2>\n<p>Diese Schulart f\u00fchrt in zwei Jahren zum mittleren Bildungsabschluss (Fachschulreife = Mittlere Reife). Im ersten Schuljahr besuchen Sie die Schulart <a href=\"http:\/\/www.ess-rv.de\/?page_id=6506\">AVdual<\/a> im gew\u00fcnschten Profil. Erf\u00fcllen Sie am Ende des AVdual Jahres die Versetzungsanforderungen im fortgeschrittenen Niveau C, werden Sie in die 2BFS2 versetzt und k\u00f6nnen dort die Pr\u00fcfung zur Fachschulreife ablegen. <\/p>\n<p>Wer die Fachschulreifepr\u00fcfung mit der Note \u201ebefriedigend\u201c (3,0) in den Kernf\u00e4chern Deutsch, Englisch und Mathematik besteht, kann anschlie\u00dfend an einem beruflichen Gymnasium die allgemeine Hochschulreife (Abitur) erwerben.\n<\/p><\/div>\n<div id=\"Pruefung\" class=\"tabcontent\">\n<h2>Pr\u00fcfung<\/h2>\n<p><strong>Schriftliche Pr\u00fcfung<\/strong>: Deutsch, Englisch, Mathematik und Berufsfachliche Kompetenz<\/p>\n<p><strong>Praktische Pr\u00fcfung<\/strong>: Berufspraktische Kompetenz <\/p>\n<p><strong>M\u00fcndliche Pr\u00fcfung<\/strong>: in mindestens einem Fach<\/p>\n<p>Mit Bestehen der Pr\u00fcfung wird der mittlere Bildungsabschluss erworben.<\/p>\n<p><strong>Anmerkung<\/strong>: Die Berufsschulpflicht ist erf\u00fcllt, wenn keine Ausbildung folgt.<\/div>\n<div id=\"AufnahmeundAnmeldung\" class=\"tabcontent\">\n<h2>Aufnahmebedingungen<\/h2>\n<ul>\n<li>Nach Absolvieren des <a href=\"http:\/\/www.ess-rv.de\/?page_id=6506\">AVdual<\/a> auf C-Niveau mit dem Versetzungszeugnis in das 2. Jahr der zweij\u00e4hrigen Berufsfachschule.<\/li>\n<li><strong>Hauptschulabschluss<\/strong> oder<\/li>\n<li><strong>Abschluss des Berufseinstiegsjahres<\/strong> oder<\/li>\n<li><strong>Realschule<\/strong><br \/>\nVersetzungszeugnis nach Klasse 10<\/li>\n<li><strong>Gymnasium<\/strong><br \/>\nVersetzungszeugnis nach Klasse 9 (G 8)<br \/>\nVersetzungszeugnis nach Klasse 10 (G 9)<\/li>\n<li><strong>Abgangszeugnis<\/strong><br \/>\nRealschule Klasse 9<br \/>\nGymnasium Klasse 8 (G8) oder Klasse 9 (G9) wenn in den F\u00e4chern Deutsch, Englisch und Mathematik ein Durchschnitt von h\u00f6chstens 4,0 vorliegt und nicht mehr als einem dieser F\u00e4cher die Note \u201emangelhaft\u201c erteilt wurde.<\/li>\n<\/ul>\n<p>Sie melden sich f\u00fcr die Schulart <a href=\"http:\/\/www.ess-rv.de\/?page_id=6506\">AVdual<\/a> im Profil Hauswirtschaft und Ern\u00e4hrung an.<\/p>\n<p>Es besteht Schulgeld- und Lernmittelfreiheit.<\/p>\n<p>Anmeldeschluss ist jeweils der <strong>8. M\u00e4rz<\/strong> f\u00fcr das folgende Schuljahr. Versp\u00e4tet eingereichte Anmeldungen k\u00f6nnen nur dann ber\u00fccksichtigt werden, wenn nach dem regul\u00e4ren Verfahren noch Pl\u00e4tze zur Verf\u00fcgung stehen. <\/p>\n<p><span style=\"padding: 15px 25px;border-left: 12px solid #fd2;background-color: #fe4\"><a href=\"http:\/\/www.ess-rv.de\/?page_id=4699\">Hier<\/a> finden Sie alle <a href=\"http:\/\/www.ess-rv.de\/?page_id=4699\">weiteren Informationen<\/a> zum Anmeldeverfahren.<\/span>\n<\/div>\n<h2>Weiterbildungsm\u00f6glichkeiten<\/h2>\n<p>Alle Berufe, die als Zugangsvoraussetzung den mittleren Bildungsabschluss verlangen.<\/p>\n<ul>\n<li><strong>im hauswirtschaftlichen Bereich<\/strong> z. B. Hauswirtschaftliche\/r Betriebsleiter\/in, Di\u00e4tassistent\/in<\/li>\n<li>\n<strong>im pflegerischen Bereich<\/strong> z. B. Krankenschwester\/-pfleger, Kinderkranken-schwester\/-pfleger, Krankengymnast\/in, Haus- und Familienpfleger\/in, Besch\u00e4ftigungstherapeut\/in, Medizinisch-technische\/r Assistent\/in, Pharmazeutisch-technische\/r Assistent\/in<\/li>\n<li>\n<strong>im sozialp\u00e4dagogischen\/p\u00e4dagogischen Bereich<\/strong> z. B. Erzieher\/in, Jugend- und Heimerzieher\/in, Technische\/r Lehrer\/in<\/li>\n<\/ul>\n","protected":false},"excerpt":{"rendered":"<p>Anmeldung Ausbildungsziel Pr&uuml;fung Aufnahme\/Anmeldung Ausbildungsziel Diese Schulart f\u00fchrt in zwei Jahren zum mittleren Bildungsabschluss (Fachschulreife = Mittlere Reife). Im ersten Schuljahr besuchen Sie die Schulart AVdual im gew\u00fcnschten Profil. Erf\u00fcllen Sie am Ende des AVdual Jahres die Versetzungsanforderungen im fortgeschrittenen Niveau C, werden Sie in die 2BFS2 versetzt und k\u00f6nnen dort die Pr\u00fcfung zur Fachschulreife &hellip; <a href=\"https:\/\/www.ess-rv.de\/?page_id=104\" class=\"more-link\"><span class=\"screen-reader-text\">Berufsfachschule &#8211; Hauswirtschaft und Ern\u00e4hrung<\/span> weiterlesen <span class=\"meta-nav\">&rarr;<\/span><\/a><\/p>\n","protected":false},"author":3,"featured_media":0,"parent":45,"menu_order":2420,"comment_status":"closed","ping_status":"closed","template":"","meta":{"footnotes":"","_links_to":"","_links_to_target":""},"class_list":["post-104","page","type-page","status-publish","hentry"],"_links":{"self":[{"href":"https:\/\/www.ess-rv.de\/index.php?rest_route=\/wp\/v2\/pages\/104","targetHints":{"allow":["GET"]}}],"collection":[{"href":"https:\/\/www.ess-rv.de\/index.php?rest_route=\/wp\/v2\/pages"}],"about":[{"href":"https:\/\/www.ess-rv.de\/index.php?rest_route=\/wp\/v2\/types\/page"}],"author":[{"embeddable":true,"href":"https:\/\/www.ess-rv.de\/index.php?rest_route=\/wp\/v2\/users\/3"}],"replies":[{"embeddable":true,"href":"https:\/\/www.ess-rv.de\/index.php?rest_route=%2Fwp%2Fv2%2Fcomments&post=104"}],"version-history":[{"count":22,"href":"https:\/\/www.ess-rv.de\/index.php?rest_route=\/wp\/v2\/pages\/104\/revisions"}],"predecessor-version":[{"id":9951,"href":"https:\/\/www.ess-rv.de\/index.php?rest_route=\/wp\/v2\/pages\/104\/revisions\/9951"}],"up":[{"embeddable":true,"href":"https:\/\/www.ess-rv.de\/index.php?rest_route=\/wp\/v2\/pages\/45"}],"wp:attachment":[{"href":"https:\/\/www.ess-rv.de\/index.php?rest_route=%2Fwp%2Fv2%2Fmedia&parent=104"}],"curies":[{"name":"wp","href":"https:\/\/api.w.org\/{rel}","templated":true}]}}