{"id":111,"date":"2014-07-28T09:37:59","date_gmt":"2014-07-28T07:37:59","guid":{"rendered":"https:\/\/intern.hls.rv.bw.schule.de\/secure\/?page_id=111"},"modified":"2025-05-16T08:41:56","modified_gmt":"2025-05-16T06:41:56","slug":"berufsschule-2","status":"publish","type":"page","link":"https:\/\/www.ess-rv.de\/?page_id=111","title":{"rendered":"Berufsschule"},"content":{"rendered":"<p>Am Standort Aulendorf k\u00f6nnen wir ein sehr breitgef\u00e4chertes Angebot f\u00fcr medizinische Ausbildungsberufe anbieten. Informationen zu den einzelnen Berufsausbildungen finden Sie bei den entsprechenden Berufen:<\/p>\n<ul>\n<li><a title=\"Medizinische Fachangestellte\" href=\"http:\/\/www.ess-rv.de\/?page_id=156\">Medizinische Fachangestellte<\/a><\/li>\n<li><a title=\"Tiermedizinische\/r Fachangestellte\/r\" href=\"http:\/\/www.ess-rv.de\/?page_id=164\">Tiermedizinische Fachangestellte<\/a><\/li>\n<li><a title=\"Zahnmedizinische\/r Fachangestellte\/r\" href=\"http:\/\/www.ess-rv.de\/?page_id=167\">Zahnmedizinische Fachangestellte<\/a><\/li>\n<li><a title=\"Pharamzeutisch kfm. Angestellte\/r\" href=\"http:\/\/www.ess-rv.de\/?page_id=170\">Pharmazeutisch-kfm. Angestellte<\/a><\/li>\n<li><a title=\"Kaufleute im Gesundheitswesen\" href=\"http:\/\/www.ess-rv.de\/?page_id=173\">Kaufleute im Gesundheitswesen<\/a><\/li>\n<\/ul>\n<p>Der Bildungsauftrag der Berufsschule in seinem umfassenden Sinn erfordert neben der Vermittlung der beruflichen Kompetenzen auch eine F\u00f6rderung der allgemeinen Bildung. Die Auszubildenden sollen in dieser Schulart nicht nur lernen, sich in beruflichen Situationen zu bew\u00e4hren, sondern auch als Staatsb\u00fcrger in der Gesellschaft verantwortlich zu handeln und sich in ihrer Pers\u00f6nlichkeit zu entfalten.<\/p>\n","protected":false},"excerpt":{"rendered":"<p>Am Standort Aulendorf k\u00f6nnen wir ein sehr breitgef\u00e4chertes Angebot f\u00fcr medizinische Ausbildungsberufe anbieten. Informationen zu den einzelnen Berufsausbildungen finden Sie bei den entsprechenden Berufen: Medizinische Fachangestellte Tiermedizinische Fachangestellte Zahnmedizinische Fachangestellte Pharmazeutisch-kfm. Angestellte Kaufleute im Gesundheitswesen Der Bildungsauftrag der Berufsschule in seinem umfassenden Sinn erfordert neben der Vermittlung der beruflichen Kompetenzen auch eine F\u00f6rderung der allgemeinen &hellip; <a href=\"https:\/\/www.ess-rv.de\/?page_id=111\" class=\"more-link\"><span class=\"screen-reader-text\">Berufsschule<\/span> weiterlesen <span class=\"meta-nav\">&rarr;<\/span><\/a><\/p>\n","protected":false},"author":3,"featured_media":0,"parent":301,"menu_order":230,"comment_status":"closed","ping_status":"closed","template":"","meta":{"footnotes":"","_links_to":"","_links_to_target":""},"class_list":["post-111","page","type-page","status-publish","hentry"],"_links":{"self":[{"href":"https:\/\/www.ess-rv.de\/index.php?rest_route=\/wp\/v2\/pages\/111","targetHints":{"allow":["GET"]}}],"collection":[{"href":"https:\/\/www.ess-rv.de\/index.php?rest_route=\/wp\/v2\/pages"}],"about":[{"href":"https:\/\/www.ess-rv.de\/index.php?rest_route=\/wp\/v2\/types\/page"}],"author":[{"embeddable":true,"href":"https:\/\/www.ess-rv.de\/index.php?rest_route=\/wp\/v2\/users\/3"}],"replies":[{"embeddable":true,"href":"https:\/\/www.ess-rv.de\/index.php?rest_route=%2Fwp%2Fv2%2Fcomments&post=111"}],"version-history":[{"count":16,"href":"https:\/\/www.ess-rv.de\/index.php?rest_route=\/wp\/v2\/pages\/111\/revisions"}],"predecessor-version":[{"id":9536,"href":"https:\/\/www.ess-rv.de\/index.php?rest_route=\/wp\/v2\/pages\/111\/revisions\/9536"}],"up":[{"embeddable":true,"href":"https:\/\/www.ess-rv.de\/index.php?rest_route=\/wp\/v2\/pages\/301"}],"wp:attachment":[{"href":"https:\/\/www.ess-rv.de\/index.php?rest_route=%2Fwp%2Fv2%2Fmedia&parent=111"}],"curies":[{"name":"wp","href":"https:\/\/api.w.org\/{rel}","templated":true}]}}