{"id":1184,"date":"2015-03-20T11:46:31","date_gmt":"2015-03-20T10:46:31","guid":{"rendered":"http:\/\/www.ess-rv.de\/?page_id=1184"},"modified":"2023-03-30T12:23:10","modified_gmt":"2023-03-30T10:23:10","slug":"kinderregenwaldteam","status":"publish","type":"page","link":"https:\/\/www.ess-rv.de\/?page_id=1184","title":{"rendered":"Kinderregenwald-Team"},"content":{"rendered":"<div id=\"Baumzaehler\">\n<div class=\"AnzahlBaeumeInfo\">\n<div class=\"AnzahlBaeume\">2152<\/div>\n<div class=\"AnzahlBaeumeInfoText\">Anzahl gepflanzter Streuobst-Hochstammb\u00e4ume bei 81 Pflanzungen bis M\u00e4rz 2023<\/div>\n<\/div>\n<\/div>\n<hr \/>\n<p>Sch\u00fclerinnen und Sch\u00fcler, die sich regelm\u00e4\u00dfig im Kinderregenwald-Team oder im FairTrade-Team engagieren, erhalten jeweils zum Schuljahresende eine Best\u00e4tigung f\u00fcr ihre Mitarbeit. Wer sich in der Jahrgangsstufe 1 und 2 durchg\u00e4ngig beteiligt, erh\u00e4lt den \u201eBurke-Preis\u201c. Von Burke stammt das sch\u00f6ne Zitat:<\/p>\n<blockquote><p>\u201eNiemand begeht einen gr\u00f6\u00dferen Fehler als jemand, der nichts tut, nur weil er wenig tun k\u00f6nnte.\u201c<\/p><\/blockquote>\n<p style=\"text-align: right;\">(Edmund Burke)<\/p>\n<p>Das Kinderregenwald-Team der Edith-Stein-Schule Ravensburg &amp; Aulendorf setzt sich seit mehr als 30 Jahren f\u00fcr den Schutz und langfristigen Erhalt des tropischen Regenwalds ein. Zusammen mit anderen Regenwaldkindern aus mittlerweile 44 Nationen bem\u00fchen wir uns, der weltweiten Naturzerst\u00f6rung etwas entgegenzusetzen.<\/p>\n<div id='gallery-1' class='gallery galleryid-1184 gallery-columns-3 gallery-size-thumbnail'><figure class='gallery-item'>\n\t\t\t<div class='gallery-icon landscape'>\n\t\t\t\t<a href='https:\/\/www.ess-rv.de\/wp-content\/uploads\/2015\/03\/2014_1107_Unterwaldhausen-5_1.jpg'><img loading=\"lazy\" decoding=\"async\" width=\"180\" height=\"180\" src=\"https:\/\/www.ess-rv.de\/wp-content\/uploads\/2015\/03\/2014_1107_Unterwaldhausen-5_1-180x180.jpg\" class=\"attachment-thumbnail size-thumbnail\" alt=\"\" \/><\/a>\n\t\t\t<\/div><\/figure><figure class='gallery-item'>\n\t\t\t<div class='gallery-icon landscape'>\n\t\t\t\t<a href='https:\/\/www.ess-rv.de\/wp-content\/uploads\/2018\/07\/20180710309261024.jpg'><img loading=\"lazy\" decoding=\"async\" width=\"180\" height=\"180\" src=\"https:\/\/www.ess-rv.de\/wp-content\/uploads\/2018\/07\/20180710309261024-180x180.jpg\" class=\"attachment-thumbnail size-thumbnail\" alt=\"\" \/><\/a>\n\t\t\t<\/div><\/figure><figure class='gallery-item'>\n\t\t\t<div class='gallery-icon landscape'>\n\t\t\t\t<a href='https:\/\/www.ess-rv.de\/wp-content\/uploads\/2018\/07\/20180771024.jpg'><img loading=\"lazy\" decoding=\"async\" width=\"180\" height=\"180\" src=\"https:\/\/www.ess-rv.de\/wp-content\/uploads\/2018\/07\/20180771024-180x180.jpg\" class=\"attachment-thumbnail size-thumbnail\" alt=\"\" \/><\/a>\n\t\t\t<\/div><\/figure><figure class='gallery-item'>\n\t\t\t<div class='gallery-icon landscape'>\n\t\t\t\t<a href='https:\/\/www.ess-rv.de\/wp-content\/uploads\/2015\/03\/Pflanzaktion-09.03.20150022_1.jpg'><img loading=\"lazy\" decoding=\"async\" width=\"180\" height=\"180\" src=\"https:\/\/www.ess-rv.de\/wp-content\/uploads\/2015\/03\/Pflanzaktion-09.03.20150022_1-180x180.jpg\" class=\"attachment-thumbnail size-thumbnail\" alt=\"\" \/><\/a>\n\t\t\t<\/div><\/figure><figure class='gallery-item'>\n\t\t\t<div class='gallery-icon landscape'>\n\t\t\t\t<a href='https:\/\/www.ess-rv.de\/wp-content\/uploads\/2015\/03\/Pflanzaktion-09.03.20150013_1.jpg'><img loading=\"lazy\" decoding=\"async\" width=\"180\" height=\"180\" src=\"https:\/\/www.ess-rv.de\/wp-content\/uploads\/2015\/03\/Pflanzaktion-09.03.20150013_1-180x180.jpg\" class=\"attachment-thumbnail size-thumbnail\" alt=\"\" \/><\/a>\n\t\t\t<\/div><\/figure><figure class='gallery-item'>\n\t\t\t<div class='gallery-icon landscape'>\n\t\t\t\t<a href='https:\/\/www.ess-rv.de\/wp-content\/uploads\/2018\/07\/20180710102001024.jpg'><img loading=\"lazy\" decoding=\"async\" width=\"180\" height=\"180\" src=\"https:\/\/www.ess-rv.de\/wp-content\/uploads\/2018\/07\/20180710102001024-180x180.jpg\" class=\"attachment-thumbnail size-thumbnail\" alt=\"\" \/><\/a>\n\t\t\t<\/div><\/figure><figure class='gallery-item'>\n\t\t\t<div class='gallery-icon landscape'>\n\t\t\t\t<a href='https:\/\/www.ess-rv.de\/wp-content\/uploads\/2018\/07\/20180710402321024.jpg'><img loading=\"lazy\" decoding=\"async\" width=\"180\" height=\"180\" src=\"https:\/\/www.ess-rv.de\/wp-content\/uploads\/2018\/07\/20180710402321024-180x180.jpg\" class=\"attachment-thumbnail size-thumbnail\" alt=\"\" \/><\/a>\n\t\t\t<\/div><\/figure><figure class='gallery-item'>\n\t\t\t<div class='gallery-icon landscape'>\n\t\t\t\t<a href='https:\/\/www.ess-rv.de\/wp-content\/uploads\/2018\/07\/20180726301024.jpg'><img loading=\"lazy\" decoding=\"async\" width=\"180\" height=\"180\" src=\"https:\/\/www.ess-rv.de\/wp-content\/uploads\/2018\/07\/20180726301024-180x180.jpg\" class=\"attachment-thumbnail size-thumbnail\" alt=\"\" \/><\/a>\n\t\t\t<\/div><\/figure><figure class='gallery-item'>\n\t\t\t<div class='gallery-icon landscape'>\n\t\t\t\t<a href='https:\/\/www.ess-rv.de\/wp-content\/uploads\/2018\/07\/20180720161024.jpg'><img loading=\"lazy\" decoding=\"async\" width=\"180\" height=\"180\" src=\"https:\/\/www.ess-rv.de\/wp-content\/uploads\/2018\/07\/20180720161024-180x180.jpg\" class=\"attachment-thumbnail size-thumbnail\" alt=\"\" \/><\/a>\n\t\t\t<\/div><\/figure>\n\t\t<\/div>\n\n<p>Seit 1996 sch\u00fctzen wir auch unseren \u201eheimischen Regenwald\u201c, die Streuobstwiesen und \u2011b\u00e4ume im Landkreis Ravensburg, indem wir neue B\u00e4ume pflanzen, die vielen Tieren (z. B. Spechten) ein Zuhause bieten, die die Landschaft versch\u00f6nern und guten Apfelsaft liefern. Au\u00dferdem verbindet uns eine enge Freundschaft mit den \u201eKakaudus\u201c der Grundschule Kuppelnau in Ravensburg.<\/p>\n<p>Kinderregenwald Deutschland e. V. | <a href=\"http:\/\/www.kinderregenwald.de\/\" target=\"_blank\" rel=\"noopener noreferrer\">www.kinderregenwald.de<\/a><\/p>\n<hr \/>\n<p>Bereits 1987 hatte der neun Jahre alte Roland Teinsuu aus Schweden die Idee, bedrohten Regenwald in Costa Rica zu kaufen und damit vor der Zerst\u00f6rung zu retten. Zun\u00e4chst konnten er und viele Helfer sechs Hektar des Regenwaldes erwerben. Damit war der \u201eRegenwald der Kinder\u201c (\u201eBosque Eterno de los Ni\u00f1os\u201c) gegr\u00fcndet.<\/p>\n<p>Seit der Gr\u00fcndung von \u201eKinderregenwald Deutschland e. V.\u201c\u00a0 im November 1990 hat der Verein dazu beigetragen, drei Schutzgebiete (\u201eKinderregenw\u00e4lder\u201c) entstehen zu lassen. Durch unser Engagement k\u00f6nnen die bestehenden Kinderregenw\u00e4lder kontinuierlich weiter vergr\u00f6\u00dfert werden.<\/p>\n","protected":false},"excerpt":{"rendered":"<p>2152 Anzahl gepflanzter Streuobst-Hochstammb\u00e4ume bei 81 Pflanzungen bis M\u00e4rz 2023 Sch\u00fclerinnen und Sch\u00fcler, die sich regelm\u00e4\u00dfig im Kinderregenwald-Team oder im FairTrade-Team engagieren, erhalten jeweils zum Schuljahresende eine Best\u00e4tigung f\u00fcr ihre Mitarbeit. Wer sich in der Jahrgangsstufe 1 und 2 durchg\u00e4ngig beteiligt, erh\u00e4lt den \u201eBurke-Preis\u201c. Von Burke stammt das sch\u00f6ne Zitat: \u201eNiemand begeht einen gr\u00f6\u00dferen Fehler &hellip; <a href=\"https:\/\/www.ess-rv.de\/?page_id=1184\" class=\"more-link\"><span class=\"screen-reader-text\">Kinderregenwald-Team<\/span> weiterlesen <span class=\"meta-nav\">&rarr;<\/span><\/a><\/p>\n","protected":false},"author":3,"featured_media":0,"parent":333,"menu_order":320,"comment_status":"closed","ping_status":"closed","template":"","meta":{"footnotes":"","_links_to":"","_links_to_target":""},"class_list":["post-1184","page","type-page","status-publish","hentry"],"_links":{"self":[{"href":"https:\/\/www.ess-rv.de\/index.php?rest_route=\/wp\/v2\/pages\/1184","targetHints":{"allow":["GET"]}}],"collection":[{"href":"https:\/\/www.ess-rv.de\/index.php?rest_route=\/wp\/v2\/pages"}],"about":[{"href":"https:\/\/www.ess-rv.de\/index.php?rest_route=\/wp\/v2\/types\/page"}],"author":[{"embeddable":true,"href":"https:\/\/www.ess-rv.de\/index.php?rest_route=\/wp\/v2\/users\/3"}],"replies":[{"embeddable":true,"href":"https:\/\/www.ess-rv.de\/index.php?rest_route=%2Fwp%2Fv2%2Fcomments&post=1184"}],"version-history":[{"count":36,"href":"https:\/\/www.ess-rv.de\/index.php?rest_route=\/wp\/v2\/pages\/1184\/revisions"}],"predecessor-version":[{"id":8179,"href":"https:\/\/www.ess-rv.de\/index.php?rest_route=\/wp\/v2\/pages\/1184\/revisions\/8179"}],"up":[{"embeddable":true,"href":"https:\/\/www.ess-rv.de\/index.php?rest_route=\/wp\/v2\/pages\/333"}],"wp:attachment":[{"href":"https:\/\/www.ess-rv.de\/index.php?rest_route=%2Fwp%2Fv2%2Fmedia&parent=1184"}],"curies":[{"name":"wp","href":"https:\/\/api.w.org\/{rel}","templated":true}]}}