{"id":123,"date":"2014-07-28T09:50:34","date_gmt":"2014-07-28T07:50:34","guid":{"rendered":"https:\/\/intern.hls.rv.bw.schule.de\/secure\/?page_id=123"},"modified":"2023-01-10T17:13:04","modified_gmt":"2023-01-10T16:13:04","slug":"duales-berufskolleg-fachrichtung-soziales","status":"publish","type":"page","link":"https:\/\/www.ess-rv.de\/?page_id=123","title":{"rendered":"Duales Berufskolleg Fachrichtung Soziales"},"content":{"rendered":"<div class=\"link-anmeldung\"><a href=\"http:\/\/www.ess-rv.de\/?page_id=4648\">Anmeldung<\/a><\/div>\n<ul class=\"tab\" id=\"ReiterBox\">\n<li><a class=\"tablinks active\" onclick=\"ReiterOeffnen(event, 'Ausbildungsziel')\">Ausbildungsziel<\/a><\/li>\n<li><a class=\"tablinks\" onclick=\"ReiterOeffnen(event, 'Ausgestaltung')\">Ausgestaltung<\/a><\/li>\n<li><a class=\"tablinks\" onclick=\"ReiterOeffnen(event, 'Pruefung')\">Pr&uuml;fung<\/a><\/li>\n<li><a class=\"tablinks\" onclick=\"ReiterOeffnen(event, 'AufnahmeundAnmeldung')\">Aufnahme\/Anmeldung<\/a><\/li>\n<\/ul>\n<div id=\"Ausbildungsziel\" class=\"tabcontent active\">\n<h2><a name=\"Ausbildungsziel\"><\/a>Ausbildungsziel<\/h2>\n<ul>\n<li>Das Duale Berufskolleg Fachrichtung Soziales vermittelt durch seinen hohen Praktikumsanteil (900 Stunden pro Schuljahr) Berufsorientierung in sozialen Berufsfeldern.<\/li>\n<li>Bei entsprechendem Notendurchschnitt (Durchschnitt 3,0 in den F\u00e4chern D, E, M und Biologie; keines dieser F\u00e4cher schlechter als 4,0) wird die Zugangsberechtigung f\u00fcr das einj\u00e4hrige Berufskolleg zum Erwerb der Fachhochschulreife erreicht.<\/li>\n<li>Die Berufsschulpflicht wird erf\u00fcllt.<\/li>\n<\/ul>\n<\/div>\n<div id=\"Ausgestaltung\" class=\"tabcontent\">\n<h2>Ausgestaltung<\/h2>\n<figure id=\"attachment_3046\" aria-describedby=\"caption-attachment-3046\" style=\"width: 180px\" class=\"wp-caption alignright\"><a href=\"http:\/\/www.ess-rv.de\/wp-content\/uploads\/2016\/03\/stundentafel_1bks.jpg\" rel=\"attachment wp-att-3046\"><img loading=\"lazy\" decoding=\"async\" src=\"http:\/\/www.ess-rv.de\/wp-content\/uploads\/2016\/03\/stundentafel_1bks-180x180.jpg\" alt=\"Stundentafel (Zum Vergr\u00f6\u00dfern bitte klicken)\" width=\"180\" height=\"180\" class=\"size-thumbnail wp-image-3046\" \/><\/a><figcaption id=\"caption-attachment-3046\" class=\"wp-caption-text\">Stundentafel (Zum Vergr\u00f6\u00dfern bitte klicken)<\/figcaption><\/figure>\n<ul>\n<li>Der schulische Teil des einj\u00e4hrigen dualen Berufskollegs umfasst 13 Wochenstunden und beinhaltet Unterricht in den allgemeinbildenden F\u00e4chern (8 Stunden) und in berufsbezogenen Schwerpunktf\u00e4chern (5 Stunden). <\/li>\n<li>Der Praktikumsanteil betr\u00e4gt durchschnittlich 3,5 Tage in sozialen Einrichtungen wie Altenheimen, Krankenh\u00e4usern, Tageseinrichtungen f\u00fcr alte und demente Personen, Behinderteneinrichtungen, Tageseinrichtungen f\u00fcr Kinder und Einrichtungen mit Jugendberufshilfe oder Schulsozialarbeit und bei Kommunen im Bereich der Organisation und T\u00e4tigkeit von Ehrenamtlichen usw.<\/li>\n<li>Das Berufskolleg wird in der Fachrichtung Soziales angeboten und ist auf die hauswirtschaftliche, landwirtschaftliche und sozialp\u00e4dagogische Richtung des Berufskollegs zum Erwerb der Fachhochschulreife abgestimmt.<\/li>\n<\/ul>\n<\/div>\n<div id=\"Pruefung\" class=\"tabcontent\">\n<h2>Pr\u00fcfung<\/h2>\n<p><strong>Zentrale Klassenarbeiten in den F\u00e4chern<\/strong><\/p>\n<ul>\n<li>Englisch<\/li>\n<li>Mathematik<\/li>\n<\/ul>\n<\/div>\n<div id=\"AufnahmeundAnmeldung\" class=\"tabcontent\">\n<h2>Aufnahmebedingungen<\/h2>\n<ul>\n<li><strong>Mittlere Reife<\/strong> oder <strong>Fachschulreife<\/strong><\/li>\n<li><strong>Gymnasium<\/strong><br \/>\nVersetzungszeugnis nach Klasse 10 (G 8)<br \/>\nVersetzungszeugnis nach Klasse 11 (G 9)<\/li>\n<\/ul>\n<p>und<\/p>\n<ul>\n<li><strong>Praktikumsvertrag<\/strong> Der Vertrag \u00fcber die 900 Stunden Praktikumszeit ist der Schule bis sp\u00e4testens zum Schuljahresbeginn vorzulegen. Darin sind Urlaubstage, Verg\u00fctung, Arbeitszeit etc. entsprechend der gesetzlichen Bestimmungen zwischen der Ein richtung und dem Praktikanten\/der Praktikantin festzulegen.<\/li>\n<\/ul>\n<h2>Anmeldeverfahren<\/h2>\n<p>Es m\u00fcssen folgende Anmeldeunterlagen eingereicht werden:<\/p>\n<ul>\n<li>aus <a href=\"www.schule-in-bw.de\/bewo\" target=\"_blank\" rel=\"noopener\">BewO (Bewerbungsverfahren online)<\/a> ausgedrucktes und unterschriebenes Anmeldeformular<\/li>\n<li>tabellarischer Lebenslauf mit Lichtbild<\/li>\n<li>beglaubigte Kopie des letzten Zeugnisses<\/li>\n<\/ul>\n<p>Anmeldeschluss ist jeweils der <strong>1. M\u00e4rz<\/strong> f\u00fcr das folgende Schuljahr. Versp\u00e4tet eingereichte Anmeldungen k\u00f6nnen nur dann ber\u00fccksichtigt werden, wenn nach dem regul\u00e4ren Verfahren noch Pl\u00e4tze zur Verf\u00fcgung stehen.<\/p>\n<\/div>\n","protected":false},"excerpt":{"rendered":"<p>Anmeldung Ausbildungsziel Ausgestaltung Pr&uuml;fung Aufnahme\/Anmeldung Ausbildungsziel Das Duale Berufskolleg Fachrichtung Soziales vermittelt durch seinen hohen Praktikumsanteil (900 Stunden pro Schuljahr) Berufsorientierung in sozialen Berufsfeldern. Bei entsprechendem Notendurchschnitt (Durchschnitt 3,0 in den F\u00e4chern D, E, M und Biologie; keines dieser F\u00e4cher schlechter als 4,0) wird die Zugangsberechtigung f\u00fcr das einj\u00e4hrige Berufskolleg zum Erwerb der Fachhochschulreife erreicht. &hellip; <a href=\"https:\/\/www.ess-rv.de\/?page_id=123\" class=\"more-link\"><span class=\"screen-reader-text\">Duales Berufskolleg Fachrichtung Soziales<\/span> weiterlesen <span class=\"meta-nav\">&rarr;<\/span><\/a><\/p>\n","protected":false},"author":3,"featured_media":0,"parent":49,"menu_order":0,"comment_status":"closed","ping_status":"closed","template":"","meta":{"footnotes":"","_links_to":"","_links_to_target":""},"class_list":["post-123","page","type-page","status-publish","hentry"],"_links":{"self":[{"href":"https:\/\/www.ess-rv.de\/index.php?rest_route=\/wp\/v2\/pages\/123","targetHints":{"allow":["GET"]}}],"collection":[{"href":"https:\/\/www.ess-rv.de\/index.php?rest_route=\/wp\/v2\/pages"}],"about":[{"href":"https:\/\/www.ess-rv.de\/index.php?rest_route=\/wp\/v2\/types\/page"}],"author":[{"embeddable":true,"href":"https:\/\/www.ess-rv.de\/index.php?rest_route=\/wp\/v2\/users\/3"}],"replies":[{"embeddable":true,"href":"https:\/\/www.ess-rv.de\/index.php?rest_route=%2Fwp%2Fv2%2Fcomments&post=123"}],"version-history":[{"count":8,"href":"https:\/\/www.ess-rv.de\/index.php?rest_route=\/wp\/v2\/pages\/123\/revisions"}],"predecessor-version":[{"id":8138,"href":"https:\/\/www.ess-rv.de\/index.php?rest_route=\/wp\/v2\/pages\/123\/revisions\/8138"}],"up":[{"embeddable":true,"href":"https:\/\/www.ess-rv.de\/index.php?rest_route=\/wp\/v2\/pages\/49"}],"wp:attachment":[{"href":"https:\/\/www.ess-rv.de\/index.php?rest_route=%2Fwp%2Fv2%2Fmedia&parent=123"}],"curies":[{"name":"wp","href":"https:\/\/api.w.org\/{rel}","templated":true}]}}