{"id":1282,"date":"2015-03-23T13:14:44","date_gmt":"2015-03-23T12:14:44","guid":{"rendered":"http:\/\/www.ess-rv.de\/?page_id=1282"},"modified":"2015-04-14T11:45:08","modified_gmt":"2015-04-14T10:45:08","slug":"einzugsbereiche-gk","status":"publish","type":"page","link":"https:\/\/www.ess-rv.de\/?page_id=1282","title":{"rendered":"Einzugsbereiche Gesundheitskaufleute"},"content":{"rendered":"<p>Ma\u00dfgebend f\u00fcr den Berufsschulbesuch ist der Sitz des Ausbildungsbetriebes. Befindet sich der Ausbildungsbetrieb im Einzugsbereich der Edith-Stein-Schule, dann muss ein Auszubildender bzw. eine Auszubildende diese Schule besuchen.<\/p>\n<p>Der Einzugsbereich umfasst die Landkreise des Regierungspr\u00e4sidiums T\u00fcbingen Alb-Donau-Kreis und Ulm, Biberach, Sigmaringen, Ravensburg, Bodenseekreis, Zollern-Alb-Kreis, Reutlingen und T\u00fcbingen.<\/p>\n<p>Eine andere Schule darf nur besucht werden, wenn dies auf schriftlichen Antrag hin von der Edith-Stein-Schule Ravensburg\/Standort Aulendorf gestattet wurde.<\/p>\n<p><a href=\"http:\/\/www.ess-rv.de\/wp-content\/uploads\/2015\/03\/einzugsgebiet_gk.jpg\"><img loading=\"lazy\" decoding=\"async\" class=\" wp-image-1377 size-full alignnone\" src=\"http:\/\/www.ess-rv.de\/wp-content\/uploads\/2015\/03\/einzugsgebiet_gk.jpg\" alt=\"Einzugsbereiche Gesundheitskaufleute\" width=\"700\" height=\"744\" srcset=\"https:\/\/www.ess-rv.de\/wp-content\/uploads\/2015\/03\/einzugsgebiet_gk.jpg 700w, https:\/\/www.ess-rv.de\/wp-content\/uploads\/2015\/03\/einzugsgebiet_gk-282x300.jpg 282w\" sizes=\"auto, (max-width: 700px) 100vw, 700px\" \/><\/a><\/p>\n","protected":false},"excerpt":{"rendered":"<p>Ma\u00dfgebend f\u00fcr den Berufsschulbesuch ist der Sitz des Ausbildungsbetriebes. Befindet sich der Ausbildungsbetrieb im Einzugsbereich der Edith-Stein-Schule, dann muss ein Auszubildender bzw. eine Auszubildende diese Schule besuchen. Der Einzugsbereich umfasst die Landkreise des Regierungspr\u00e4sidiums T\u00fcbingen Alb-Donau-Kreis und Ulm, Biberach, Sigmaringen, Ravensburg, Bodenseekreis, Zollern-Alb-Kreis, Reutlingen und T\u00fcbingen. Eine andere Schule darf nur besucht werden, wenn dies &hellip; <a href=\"https:\/\/www.ess-rv.de\/?page_id=1282\" class=\"more-link\"><span class=\"screen-reader-text\">Einzugsbereiche Gesundheitskaufleute<\/span> weiterlesen <span class=\"meta-nav\">&rarr;<\/span><\/a><\/p>\n","protected":false},"author":3,"featured_media":0,"parent":173,"menu_order":0,"comment_status":"closed","ping_status":"closed","template":"","meta":{"footnotes":"","_links_to":"","_links_to_target":""},"class_list":["post-1282","page","type-page","status-publish","hentry"],"_links":{"self":[{"href":"https:\/\/www.ess-rv.de\/index.php?rest_route=\/wp\/v2\/pages\/1282","targetHints":{"allow":["GET"]}}],"collection":[{"href":"https:\/\/www.ess-rv.de\/index.php?rest_route=\/wp\/v2\/pages"}],"about":[{"href":"https:\/\/www.ess-rv.de\/index.php?rest_route=\/wp\/v2\/types\/page"}],"author":[{"embeddable":true,"href":"https:\/\/www.ess-rv.de\/index.php?rest_route=\/wp\/v2\/users\/3"}],"replies":[{"embeddable":true,"href":"https:\/\/www.ess-rv.de\/index.php?rest_route=%2Fwp%2Fv2%2Fcomments&post=1282"}],"version-history":[{"count":4,"href":"https:\/\/www.ess-rv.de\/index.php?rest_route=\/wp\/v2\/pages\/1282\/revisions"}],"predecessor-version":[{"id":1384,"href":"https:\/\/www.ess-rv.de\/index.php?rest_route=\/wp\/v2\/pages\/1282\/revisions\/1384"}],"up":[{"embeddable":true,"href":"https:\/\/www.ess-rv.de\/index.php?rest_route=\/wp\/v2\/pages\/173"}],"wp:attachment":[{"href":"https:\/\/www.ess-rv.de\/index.php?rest_route=%2Fwp%2Fv2%2Fmedia&parent=1282"}],"curies":[{"name":"wp","href":"https:\/\/api.w.org\/{rel}","templated":true}]}}