{"id":131,"date":"2014-07-28T09:55:15","date_gmt":"2014-07-28T07:55:15","guid":{"rendered":"https:\/\/intern.hls.rv.bw.schule.de\/secure\/?page_id=131"},"modified":"2023-01-10T17:06:46","modified_gmt":"2023-01-10T16:06:46","slug":"berufskolleg-fuer-gesundheit-und-pflege","status":"publish","type":"page","link":"https:\/\/www.ess-rv.de\/?page_id=131","title":{"rendered":"Berufskolleg f\u00fcr Gesundheit und Pflege"},"content":{"rendered":"<div class=\"link-anmeldung\"><a href=\"http:\/\/www.ess-rv.de\/?page_id=4648\">Anmeldung<\/a><\/div>\n<ul class=\"tab\" id=\"ReiterBox\">\n<li><a class=\"tablinks active\" onclick=\"ReiterOeffnen(event, 'Ausbildungsziel')\">Ausbildungsziel<\/a><\/li>\n<li><a class=\"tablinks\" onclick=\"ReiterOeffnen(event, 'Ausgestaltung')\">Ausgestaltung<\/a><\/li>\n<li><a class=\"tablinks\" onclick=\"ReiterOeffnen(event, 'Pruefung')\">Pr&uuml;fung<\/a><\/li>\n<li><a class=\"tablinks\" onclick=\"ReiterOeffnen(event, 'AufnahmeundAnmeldung')\">Aufnahme\/Anmeldung<\/a><\/li>\n<\/ul>\n<div id=\"Ausbildungsziel\" class=\"tabcontent active\">\n<h2><a name=\"Ausbildungsziel\"><\/a>Ausbildungsziel<\/h2>\n<ul>\n<li>Durch die Ausbildung am <strong>Berufskolleg f\u00fcr Gesundheit und Pflege<\/strong> wird eine Berufsorientierung in den Bereichen Gesundheit und Pflege vermittelt.<\/li>\n<li>Nach erfolgreichem Abschluss kann bei einem Notendurchschnitt von 3,0 in den Kernf\u00e4chern Deutsch, Englisch, Mathematik und Biologie mit Gesundheitslehre das darauf aufbauende Berufskolleg f\u00fcr Gesundheit und Pflege II (z. B. am Standort Friedrichshafen) besucht werden. Hier kann die Fachhochschulreife und in einem Zusatzprogramm der Assistentenabschluss erworben werden.<\/li>\n<li>Die Berufsschulpflicht wird erf\u00fcllt.<\/li>\n<\/ul>\n<\/div>\n<div id=\"Ausgestaltung\" class=\"tabcontent\">\n<h2>Ausgestaltung<\/h2>\n<figure id=\"attachment_3045\" aria-describedby=\"caption-attachment-3045\" style=\"width: 180px\" class=\"wp-caption alignright\"><a href=\"http:\/\/www.ess-rv.de\/wp-content\/uploads\/2016\/03\/stundentafel_1bkp.jpg\" rel=\"attachment wp-att-3045\"><img loading=\"lazy\" decoding=\"async\" src=\"http:\/\/www.ess-rv.de\/wp-content\/uploads\/2016\/03\/stundentafel_1bkp-180x180.jpg\" alt=\"Stundentafel (Zum Vergr\u00f6\u00dfern bitte klicken)\" width=\"180\" height=\"180\" class=\"size-thumbnail wp-image-3045\" \/><\/a><figcaption id=\"caption-attachment-3045\" class=\"wp-caption-text\">Stundentafel (zum Vergr\u00f6\u00dfern bitte klicken)<\/figcaption><\/figure>\n<ul>\n<li>Das einj\u00e4hrige Berufskolleg f\u00fcr Gesundheit und Pflege vermittelt Grundkenntnisse in den Bereichen Biologie und Gesundheitslehre mit Pflege, Ern\u00e4hrungslehre und Di\u00e4tetik sowie Wirtschaft und Recht. Es bereitet damit auf Berufe im Gesundheits- und Pflegebereich vor.<\/li>\n<li>Praktikum: Die schulische Ausbildung kann durch ein Praktikum in einschl\u00e4gigen Einrichtungen des Gesundheits- und Pflegebereiches und in Kindertagesst\u00e4tten erg\u00e4nzt werden. Das Praktikum kann zum Teil auch in den Schulferien absolviert werden.<\/li>\n<\/ul>\n<p>Es besteht Schulgeld- und Lernmittelfreiheit.\n<\/p><\/div>\n<div id=\"Pruefung\" class=\"tabcontent\">\n<h2>Pr\u00fcfung<\/h2>\n<ul>\n<li><strong>Zentrale Klassenarbeit<\/strong> im Fach &#8222;Biologie mit Gesundheitslehre&#8220;<\/li>\n<\/ul>\n<\/div>\n<div id=\"AufnahmeundAnmeldung\" class=\"tabcontent\">\n<h2>Aufnahmebedingungen<\/h2>\n<ul>\n<li><strong>Mittlere Reife<\/strong> oder <strong>Fachschulreife<\/strong><\/li>\n<li><strong>Gymnasium<\/strong><br \/>\nVersetzungszeugnis nach Klasse 10 (G 8)<br \/>\nVersetzungszeugnis nach Klasse 11 (G 9)<\/li>\n<li>F\u00fcr alle Bewerber\/innen gilt eine Probezeit bis zum Ende des ersten Schulhalbjahres.<\/li>\n<\/ul>\n<h2>Anmeldeverfahren<\/h2>\n<p>Es m\u00fcssen folgende Anmeldeunterlagen eingereicht werden:<\/p>\n<ul>\n<li>aus <a href=\"www.schule-in-bw.de\/bewo\" target=\"_blank\" rel=\"noopener\">BewO (Bewerbungsverfahren online)<\/a> ausgedrucktes und unterschriebenes Anmeldeformular<\/li>\n<li>tabellarischer Lebenslauf mit Lichtbild<\/li>\n<li>beglaubigte Kopie des letzten Zeugnisses<\/li>\n<\/ul>\n<p>Anmeldeschluss ist jeweils der <strong>1. M\u00e4rz<\/strong> f\u00fcr das folgende Schuljahr. Versp\u00e4tet eingereichte Anmeldungen k\u00f6nnen nur dann ber\u00fccksichtigt werden, wenn nach dem regul\u00e4ren Verfahren noch Pl\u00e4tze zur Verf\u00fcgung stehen.<\/p>\n<\/div>\n<h2>Weiterbildungsm\u00f6glichkeiten<\/h2>\n<p><strong>Pflegerische Berufe<\/strong><\/p>\n<ul>\n<li>Gesundheits- und Krankenpfleger\/in<\/li>\n<li>Altenpfleger\/in<\/li>\n<li>Assistent\/in im Gesundheits- und Sozialwesen<\/li>\n<li>Medizinische\/r Fachangestellte\/r<\/li>\n<li>Zahnmedizinische\/r Fachangestellte\/r<\/li>\n<li>Tiermedizinische\/r Fachangestellte\/r<\/li>\n<\/ul>\n<p>Sozialp\u00e4dagogische Berufe<\/p>\n<ul>\n<li>Erzieher\/in<\/li>\n<li>Jugend-, Heim- und Heilerzieher\/in<\/li>\n<\/ul>\n","protected":false},"excerpt":{"rendered":"<p>Anmeldung Ausbildungsziel Ausgestaltung Pr&uuml;fung Aufnahme\/Anmeldung Ausbildungsziel Durch die Ausbildung am Berufskolleg f\u00fcr Gesundheit und Pflege wird eine Berufsorientierung in den Bereichen Gesundheit und Pflege vermittelt. Nach erfolgreichem Abschluss kann bei einem Notendurchschnitt von 3,0 in den Kernf\u00e4chern Deutsch, Englisch, Mathematik und Biologie mit Gesundheitslehre das darauf aufbauende Berufskolleg f\u00fcr Gesundheit und Pflege II (z. B. &hellip; <a href=\"https:\/\/www.ess-rv.de\/?page_id=131\" class=\"more-link\"><span class=\"screen-reader-text\">Berufskolleg f\u00fcr Gesundheit und Pflege<\/span> weiterlesen <span class=\"meta-nav\">&rarr;<\/span><\/a><\/p>\n","protected":false},"author":3,"featured_media":0,"parent":49,"menu_order":0,"comment_status":"closed","ping_status":"closed","template":"","meta":{"footnotes":"","_links_to":"","_links_to_target":""},"class_list":["post-131","page","type-page","status-publish","hentry"],"_links":{"self":[{"href":"https:\/\/www.ess-rv.de\/index.php?rest_route=\/wp\/v2\/pages\/131","targetHints":{"allow":["GET"]}}],"collection":[{"href":"https:\/\/www.ess-rv.de\/index.php?rest_route=\/wp\/v2\/pages"}],"about":[{"href":"https:\/\/www.ess-rv.de\/index.php?rest_route=\/wp\/v2\/types\/page"}],"author":[{"embeddable":true,"href":"https:\/\/www.ess-rv.de\/index.php?rest_route=\/wp\/v2\/users\/3"}],"replies":[{"embeddable":true,"href":"https:\/\/www.ess-rv.de\/index.php?rest_route=%2Fwp%2Fv2%2Fcomments&post=131"}],"version-history":[{"count":11,"href":"https:\/\/www.ess-rv.de\/index.php?rest_route=\/wp\/v2\/pages\/131\/revisions"}],"predecessor-version":[{"id":8135,"href":"https:\/\/www.ess-rv.de\/index.php?rest_route=\/wp\/v2\/pages\/131\/revisions\/8135"}],"up":[{"embeddable":true,"href":"https:\/\/www.ess-rv.de\/index.php?rest_route=\/wp\/v2\/pages\/49"}],"wp:attachment":[{"href":"https:\/\/www.ess-rv.de\/index.php?rest_route=%2Fwp%2Fv2%2Fmedia&parent=131"}],"curies":[{"name":"wp","href":"https:\/\/api.w.org\/{rel}","templated":true}]}}