{"id":134,"date":"2014-07-28T09:56:16","date_gmt":"2014-07-28T07:56:16","guid":{"rendered":"https:\/\/intern.hls.rv.bw.schule.de\/secure\/?page_id=134"},"modified":"2023-08-05T18:02:12","modified_gmt":"2023-08-05T16:02:12","slug":"berufskolleg-fuer-ernaehrung-und-hauswirtschaft-ii","status":"publish","type":"page","link":"https:\/\/www.ess-rv.de\/?page_id=134","title":{"rendered":"Berufskolleg f\u00fcr Ern\u00e4hrung und Hauswirtschaft II"},"content":{"rendered":"<p><div data-post-id=\"8050\" class=\"insert-page insert-page-8050 \"><div class=\"highlight\">Die Berufskollegs f\u00fcr Ern\u00e4hrung und Erziehung (1BKEE) und f\u00fcr Ern\u00e4hrung und Hauswirtschaft (2BKH) werden ab dem Schuljahr 2023\/2024 nicht mehr angeboten.<\/p>\n<p>Informationen zum neu angebotenen <a href=\"http:\/\/www.ess-rv.de\/?page_id=8014\">Berufskolleg f\u00fcr Ern\u00e4hrung und Haushaltsmanagement (2BKEH)<\/a> finden Sie <a href=\"http:\/\/www.ess-rv.de\/?page_id=8014\">hier<\/a><\/div>\n<\/div><br \/>\n<!-- \n\n<div class=\"link-anmeldung\"><a href=\"http:\/\/www.ess-rv.de\/?page_id=4648\">Anmeldung<\/a><\/div>\n\n\n\n<ul class=\"tab\" id=\"ReiterBox\">\n  \n\n<li><a class=\"tablinks active\" onclick=\"ReiterOeffnen(event, 'Ausbildungsziel')\">Ausbildungsziel<\/a><\/li>\n\n\n  \n\n<li><a class=\"tablinks\" onclick=\"ReiterOeffnen(event, 'Ausgestaltung')\">Ausgestaltung<\/a><\/li>\n\n\n  \n\n<li><a class=\"tablinks \" onclick=\"ReiterOeffnen(event, 'Pruefung')\">Pr&uuml;fung<\/a><\/li>\n\n\n  \n\n<li><a class=\"tablinks\" onclick=\"ReiterOeffnen(event, 'AufnahmeundAnmeldung')\">Aufnahme\/Anmeldung<\/a><\/li>\n\n\n<\/ul>\n\n\n\n\n<div id=\"Ausbildungsziel\" class=\"tabcontent active\">\n\n\n<h2>Ausbildungsziel<\/h2>\n\n\n\n\n<ul>\n\t\n\n<li>Durch die Ausbildung am Berufskolleg f\u00fcr Ern\u00e4hrung und Hauswirtschaft erwerben die Sch\u00fcler\/innen hauswirtschaftliche Kompetenzen, die sie bef\u00e4higen, Aufgaben in den verschiedenen Praxisfeldern und in der Verwaltung hauswirtschaftlicher Betriebe\u00a0 selbstst\u00e4ndig wahrzunehmen.<\/li>\n\n\n\t\n\n<li>Die Ausbildung dauert zwei Schuljahre und endet mit einer Pr\u00fcfung f\u00fcr den Berufsabschluss \u201eAssistent\/in in hauswirtschaftlichen Betrieben\u201c.<\/li>\n\n\n\t\n\n<li>Mit dem erfolgreichen Ablegen einer Zusatzpr\u00fcfung kann die Fachhochschulreife erworben werden.<\/li>\n\n\n<\/ul>\n\n<\/div>\n\n\n\n\n<div id=\"Ausgestaltung\" class=\"tabcontent\">\n\n\n<h2>Ausgestaltung<\/h2>\n\n\n[caption id=\"attachment_3047\" align=\"alignright\" width=\"180\"]<a href=\"http:\/\/www.ess-rv.de\/wp-content\/uploads\/2016\/03\/stundentafel_2bkh.jpg\" rel=\"attachment wp-att-3047\"><img loading=\"lazy\" decoding=\"async\" src=\"http:\/\/www.ess-rv.de\/wp-content\/uploads\/2016\/03\/stundentafel_2bkh-180x180.jpg\" alt=\"Stundentafel (Zum Verg\u00f6\u00dfern bitte klicken)\" width=\"180\" height=\"180\" class=\"size-thumbnail wp-image-3047\" \/><\/a> Stundentafel (Zum Verg\u00f6\u00dfern bitte klicken)[\/caption]\n\n<ul>\n\t\n\n<li>Der Schwerpunkt der beruflichen Ausbildung deckt u. a. die Bereiche Ern\u00e4hrungslehre und Di\u00e4tetik, Wirtschaft und Recht sowie Betriebsorganisation ab.<\/li>\n\n\n\t\n\n<li>Praktische Kenntnisse werden z. B. in Nahrungszubereitung in der Gro\u00dfk\u00fcche, Textilarbeit, Werken und Betriebshygiene vermittelt.<\/li>\n\n\n\t\n\n<li>Zus\u00e4tzlich werden die Inhalte der pers\u00f6nlichen Eignung als Ausbilder\/in als auch das F\u00fchren einer Juniorfi rma mit au\u00dferschulischen Gesch\u00e4ftspartnern vermittelt.<\/li>\n\n\n\t\n\n<li>Zur Erg\u00e4nzung der schulischen Ausbildung sind 300 Stunden Praktika in hauswirtschaftlichen Betrieben, wie Alten- und Pflegeheimen, Krankenh\u00e4usern, Hotels oder Gastst\u00e4tten oder anderen Einrichtungen mit Gemeinschaftsverpflegung durchzuf\u00fchren.<\/li>\n\n\n<\/ul>\n\n\n<\/div>\n\n\n\n\n<div id=\"Pruefung\" class=\"tabcontent\">\n\n\n<h2>Pr\u00fcfung<\/h2>\n\n\n<strong>Schriftliche Pr\u00fcfung in den F\u00e4chern:<\/strong>\n\n\n<ul>\n\t\n\n<li>Wirtschaft und Recht<\/li>\n\n\n\t\n\n<li>Ern\u00e4hrungslehre und Di\u00e4tetik<\/li>\n\n\n\t\n\n<li>Betriebsorganisation mit \u00dcbungen<\/li>\n\n\n<\/ul>\n\n\n<strong>Praktische Pr\u00fcfung in den F\u00e4chern:<\/strong>\n\n\n<ul>\n\t\n\n<li>Betriebsorganisation mit \u00dcbungen<\/li>\n\n\n\t\n\n<li>Textverarbeitung<\/li>\n\n\n<\/ul>\n\n\n<strong>M\u00fcndliche Pr\u00fcfungen <\/strong>in mindestens einem Fach.\n\n<strong>Fachhochschulreifepr\u00fcfung (optional):<\/strong>\nSchriftliche Pr\u00fcfungen in den F\u00e4chern:\n\n\n<ul>\n\t\n\n<li>Deutsch<\/li>\n\n\n\t\n\n<li>Englisch<\/li>\n\n\n\t\n\n<li>Mathematik<\/li>\n\n\n<\/ul>\n\n<\/div>\n\n\n\n\n<div id=\"AufnahmeundAnmeldung\" class=\"tabcontent\">\n\n\n<h2>Aufnahmebedingungen<\/h2>\n\n\n\n\n<ul>\n\n\n<li>Abschlusszeugnis des <a href=\"http:\/\/www.ess-rv.de\/?page_id=127\">Berufskollegs Ern\u00e4hrung und Erziehung<\/a> oder<\/li>\n\n\n\t\n\n<li>Abschlusszeugnis der zweij\u00e4hrigen zur Fachschulreife f\u00fchrenden hauswirtschaftlichen-sozialp\u00e4dagogischen Berufsfachschule oder<\/li>\n\n\n\t\n\n<li>Berufsschulabschluss in einem einschl\u00e4gigen, mindestens zweij\u00e4hrigen Ausbildungsberuf im Berufsfeld Ern\u00e4hrung und Hauswirtschaft in Verbindung mit einem mittleren Bildungsabschluss<\/li>\n\n\n\t\n\n<li>F\u00fcr alle Bewerber\/innen gilt eine Probezeit bis zum Ende des ersten Schulhalbjahres.<\/li>\n\n\n<\/ul>\n\n\n\n\n<p>Die Anmeldung auf dieses Berufskolleg erfolgt in diesem Jahr \u00fcber <a href=\"http:\/\/www.ess-rv.de\/?page_id=4648\">BewO-online<\/a><\/p>\n\n\nAnmeldeschluss ist jeweils der <strong>1. M\u00e4rz<\/strong> f\u00fcr das folgende Schuljahr. Versp\u00e4tet eingereichte Anmeldungen k\u00f6nnen nur dann ber\u00fccksichtigt werden, wenn nach dem regul\u00e4ren Verfahren noch Pl\u00e4tze zur Verf\u00fcgung stehen.\n<\/div>\n\n\n\n\n<h2>Weiterbildungsm\u00f6glichkeiten<\/h2>\n\n\nIm Anschluss an den Schulabschluss k\u00f6nnen Zusatzausbildungen bzw. ein Studium erfolgen:\n\n\n<ul>\n\t\n\n<li>Zur Technischen Lehrkraft oder Hauswirtschaftlichem\/n Betriebsleiter\/in<\/li>\n\n\n\t\n\n<li>Studium an allen Fachhochschulen (mit Fachhochschulreifeabschluss)<\/li>\n\n\n<\/ul>\n\n--><\/p>\n","protected":false},"excerpt":{"rendered":"","protected":false},"author":3,"featured_media":0,"parent":49,"menu_order":0,"comment_status":"closed","ping_status":"closed","template":"","meta":{"footnotes":"","_links_to":"","_links_to_target":""},"class_list":["post-134","page","type-page","status-publish","hentry"],"_links":{"self":[{"href":"https:\/\/www.ess-rv.de\/index.php?rest_route=\/wp\/v2\/pages\/134","targetHints":{"allow":["GET"]}}],"collection":[{"href":"https:\/\/www.ess-rv.de\/index.php?rest_route=\/wp\/v2\/pages"}],"about":[{"href":"https:\/\/www.ess-rv.de\/index.php?rest_route=\/wp\/v2\/types\/page"}],"author":[{"embeddable":true,"href":"https:\/\/www.ess-rv.de\/index.php?rest_route=\/wp\/v2\/users\/3"}],"replies":[{"embeddable":true,"href":"https:\/\/www.ess-rv.de\/index.php?rest_route=%2Fwp%2Fv2%2Fcomments&post=134"}],"version-history":[{"count":24,"href":"https:\/\/www.ess-rv.de\/index.php?rest_route=\/wp\/v2\/pages\/134\/revisions"}],"predecessor-version":[{"id":8296,"href":"https:\/\/www.ess-rv.de\/index.php?rest_route=\/wp\/v2\/pages\/134\/revisions\/8296"}],"up":[{"embeddable":true,"href":"https:\/\/www.ess-rv.de\/index.php?rest_route=\/wp\/v2\/pages\/49"}],"wp:attachment":[{"href":"https:\/\/www.ess-rv.de\/index.php?rest_route=%2Fwp%2Fv2%2Fmedia&parent=134"}],"curies":[{"name":"wp","href":"https:\/\/api.w.org\/{rel}","templated":true}]}}