{"id":148,"date":"2014-07-28T10:06:27","date_gmt":"2014-07-28T08:06:27","guid":{"rendered":"https:\/\/intern.hls.rv.bw.schule.de\/secure\/?page_id=148"},"modified":"2024-02-08T14:06:28","modified_gmt":"2024-02-08T13:06:28","slug":"berufsfachschule-fuer-haus-und-familienpflege","status":"publish","type":"page","link":"https:\/\/www.ess-rv.de\/?page_id=148","title":{"rendered":"Berufsfachschule f\u00fcr sozialp\u00e4dagogische Assistenz"},"content":{"rendered":"<div class=\"link-anmeldung\"><a href=\"http:\/\/www.ess-rv.de\/?page_id=4699\">Anmeldung<\/a><\/div>\n<p>Die staatlich anerkannte sozialp\u00e4dagogische Assistentin\/der staatlich anerkannte sozialp\u00e4dagogische Assistent ist Zweitkraft bei der Betreuung von Kleinkindern und Kindern im Vorschulalter in Kinderg\u00e4rten, Kinderkrippen, Kindertagesst\u00e4tten, Kinderheimen sowie in der Familie. Sie\/er erf\u00fcllt unter Anleitung der Erzieherin\/des Erziehers oder der Hausfrau\/Mutter die erzieherischen, pflegerischen und hauswirtschaftlichen Aufgaben. Dies erfordert, neben besonderer Wertsch\u00e4tzung zum Kind, fachliches K\u00f6nnen, Kontaktf\u00e4higkeit und Verantwortungsbewusstsein.<\/p>\n<p>Der Abschluss kann auf vier Wegen erreicht werden, die sich u. a. in den Voraussetzungen, der Dauer und der Bezahlung unterscheiden, aber zum gleichen Ziel f\u00fchren:<\/p>\n<div class=\"table\" style=\"width: 100%;font-size: 92%\">\n<div class=\"tinhalt bfsa\">\n<div class=\"zeile\">\n<div class=\"zelle\">&nbsp;<\/div>\n<div class=\"zelle\">Dauer<\/div>\n<div class=\"zelle\">Voraussetzungen<\/div>\n<div class=\"zelle\">Verdienst\/Urlaub<\/div>\n<\/p><\/div>\n<div class=\"zeile\">\n<div class=\"zelle\"><a href=\"https:\/\/www.ess-rv.de\/?page_id=145\" title=\"Schulische Ausbildung (BFSA)\">Schulische Ausbildung (BFSA) <span class=\"more-link\">mehr<\/span><\/a><\/div>\n<div class=\"zelle\"><span class=\"bfsa-descriptor\">Dauer<\/span>3 Jahre<\/div>\n<div class=\"zelle\"><span class=\"bfsa-descriptor\">Voraussetzung<\/span>Hauptschulabschluss<\/div>\n<div class=\"zelle\"><span class=\"bfsa-descriptor\">Verdienst<\/span>Erst im Anerkennungsjahr<br \/>Schulferien<\/div>\n<\/p><\/div>\n<div class=\"zeile\">\n<div class=\"zelle\"><a href=\"https:\/\/www.ess-rv.de\/?page_id=6895\" title=\"Praxisintegrierte Ausbildung (BFSAIT)\">Praxisintegrierte Ausbildung (BFSAIT) <span class=\"more-link\">mehr<\/span><\/a><\/div>\n<div class=\"zelle\"><span class=\"bfsa-descriptor\">Dauer<\/span>3 Jahre<\/div>\n<div class=\"zelle\"><span class=\"bfsa-descriptor\">Voraussetzung<\/span>Hauptschulabschluss<\/p>\n<ul>\n<li>Ausbildungsvertrag mit sozialp\u00e4d. Einrichtung<\/li>\n<\/ul>\n<\/div>\n<div class=\"zelle\"><span class=\"bfsa-descriptor\">Verdienst<\/span>Ab dem ersten Ausbildungsjahr ca.&nbsp;1100&nbsp;&euro;\/Monat<br \/>30 Tage Urlaub<\/div>\n<\/p><\/div>\n<div class=\"zeile\">\n<div class=\"zelle\"><a href=\"https:\/\/www.ess-rv.de\/?page_id=151\" title=\"Praxisintegrierte Ausbildung mit Direkteinstieg\">Direkteinstieg verk\u00fcrzte Laufzeit (BFSAID) <span class=\"more-link\">mehr<\/span><\/a><\/div>\n<div class=\"zelle\"><span class=\"bfsa-descriptor\">Dauer<\/span>2 Jahre<\/div>\n<div class=\"zelle\"><span class=\"bfsa-descriptor\">Voraussetzung<\/span>Hauptschulabschluss<\/p>\n<ul>\n<li>Abgeschlossene Berufsausbildung<\/li>\n<li>Arbeitsvertrag mit sozialp\u00e4d. Einrichtung<\/li>\n<li>F\u00f6rderf\u00e4hig durch die Arbeitsagentur<\/li>\n<\/ul><\/div>\n<div class=\"zelle\"><span class=\"bfsa-descriptor\">Verdienst<\/span>Ab dem ersten Ausbildungsjahr ca.&nbsp;2620&nbsp;&euro;\/Monat<br \/>30 Tage Urlaub<\/div>\n<\/p><\/div>\n<div class=\"zeile\">\n<div class=\"zelle\">Schul&shy;fremden&shy;pr\u00fcfung<\/div>\n<div class=\"zelle\"><span class=\"bfsa-descriptor\">Dauer<\/span>Pr\u00fcfung + Aner&shy;ken&shy;nungsj.<\/div>\n<div class=\"zelle\"><span class=\"bfsa-descriptor\">Voraussetzung<\/span>Hauptschulabschluss<\/p>\n<ul>\n<li>Nachweis einer sozialp\u00e4d. T\u00e4tigkeit (mind.&nbsp;900&nbsp;h)<\/li>\n<\/ul>\n<\/div>\n<div class=\"zelle\"><span class=\"bfsa-descriptor\">Verdienst<\/span>Erst im Aner&shy;ken&shy;nungs&shy;jahr<\/div>\n<\/p><\/div>\n<\/p><\/div>\n<\/div>\n<p>Bei Interesse kontaktieren Sie uns gerne! Weitere Informationen zu den Details und zu Kontaktpersonen finden Sie unter den einzelnen Schularten.<\/p>\n","protected":false},"excerpt":{"rendered":"<p>Anmeldung Die staatlich anerkannte sozialp\u00e4dagogische Assistentin\/der staatlich anerkannte sozialp\u00e4dagogische Assistent ist Zweitkraft bei der Betreuung von Kleinkindern und Kindern im Vorschulalter in Kinderg\u00e4rten, Kinderkrippen, Kindertagesst\u00e4tten, Kinderheimen sowie in der Familie. Sie\/er erf\u00fcllt unter Anleitung der Erzieherin\/des Erziehers oder der Hausfrau\/Mutter die erzieherischen, pflegerischen und hauswirtschaftlichen Aufgaben. Dies erfordert, neben besonderer Wertsch\u00e4tzung zum Kind, fachliches K\u00f6nnen, &hellip; <a href=\"https:\/\/www.ess-rv.de\/?page_id=148\" class=\"more-link\"><span class=\"screen-reader-text\">Berufsfachschule f\u00fcr sozialp\u00e4dagogische Assistenz<\/span> weiterlesen <span class=\"meta-nav\">&rarr;<\/span><\/a><\/p>\n","protected":false},"author":3,"featured_media":0,"parent":45,"menu_order":2499,"comment_status":"closed","ping_status":"closed","template":"","meta":{"footnotes":"","_links_to":"","_links_to_target":""},"class_list":["post-148","page","type-page","status-publish","hentry"],"_links":{"self":[{"href":"https:\/\/www.ess-rv.de\/index.php?rest_route=\/wp\/v2\/pages\/148","targetHints":{"allow":["GET"]}}],"collection":[{"href":"https:\/\/www.ess-rv.de\/index.php?rest_route=\/wp\/v2\/pages"}],"about":[{"href":"https:\/\/www.ess-rv.de\/index.php?rest_route=\/wp\/v2\/types\/page"}],"author":[{"embeddable":true,"href":"https:\/\/www.ess-rv.de\/index.php?rest_route=\/wp\/v2\/users\/3"}],"replies":[{"embeddable":true,"href":"https:\/\/www.ess-rv.de\/index.php?rest_route=%2Fwp%2Fv2%2Fcomments&post=148"}],"version-history":[{"count":24,"href":"https:\/\/www.ess-rv.de\/index.php?rest_route=\/wp\/v2\/pages\/148\/revisions"}],"predecessor-version":[{"id":8649,"href":"https:\/\/www.ess-rv.de\/index.php?rest_route=\/wp\/v2\/pages\/148\/revisions\/8649"}],"up":[{"embeddable":true,"href":"https:\/\/www.ess-rv.de\/index.php?rest_route=\/wp\/v2\/pages\/45"}],"wp:attachment":[{"href":"https:\/\/www.ess-rv.de\/index.php?rest_route=%2Fwp%2Fv2%2Fmedia&parent=148"}],"curies":[{"name":"wp","href":"https:\/\/api.w.org\/{rel}","templated":true}]}}