{"id":1482,"date":"2015-04-05T12:58:02","date_gmt":"2015-04-05T11:58:02","guid":{"rendered":"http:\/\/www.ess-rv.de\/?page_id=1482"},"modified":"2015-04-05T13:01:55","modified_gmt":"2015-04-05T12:01:55","slug":"entschuldigung-und-beurlaubung-sg-aulendorf","status":"publish","type":"page","link":"https:\/\/www.ess-rv.de\/?page_id=1482","title":{"rendered":"Entschuldigung und Beurlaubung"},"content":{"rendered":"<p>Jeder Sch\u00fcler ist verpflichtet, den Unterricht und die \u00fcbrigen verbindlichen Veranstaltungen der Schule regelm\u00e4\u00dfig und ordnungsgem\u00e4\u00df zu besuchen und die Schulordnung einzuhalten (Schulbesuchsverordnung \u00a7 1).<\/p>\n<p>Ist ein Sch\u00fcler aus zwingenden Gr\u00fcnden (z.B. Krankheit) am Schulbesuch verhindert, ist dies der Schule unter Angabe des Grundes und der voraussichtlichen Dauer der Verhinderung unverz\u00fcglich mitzuteilen. Entschuldigungspflichtig sind f\u00fcr minderj\u00e4hrige Sch\u00fclerinnen oder Sch\u00fcler die Erziehungsberechtigten, vollj\u00e4hrige Sch\u00fcler f\u00fcr sich selbst.<\/p>\n<p>Die Entschuldigungspflicht ist sp\u00e4testens am zweiten Tag der Verhinderung zu erf\u00fcllen. Im Falle elektronischer oder fernm\u00fcndlicher Verst\u00e4ndigung der Schule ist die schriftliche Mitteilung binnen drei Tagen nachzureichen (Schulbesuchsverordnung \u00a7 2).<\/p>\n<p>Jedes Fehlen, das nicht ordnungsgem\u00e4\u00df entschuldigt ist, wird als unentschuldigtes Fehlen dokumentiert. Unentschuldigt vers\u00e4umte Klassenarbeiten werden mit der Note &#8222;ungen\u00fcgend&#8220; bewertet (Notenbildungsverordnung \u00a7 8).<\/p>\n<p>Eine Beurlaubung vom Unterricht ist nur in besonderen Ausnahmef\u00e4llen m\u00f6glich. Arzt- und Beh\u00f6rdenbesuche, Fahrstunden usw. sind in die unterrichtsfreie Zeit zu legen. Eine Beurlaubung vom Unterricht muss, auch bei Einzelstunden, rechtzeitig vorher schriftlich beim Klassenlehrer (bis zu 2 Tage) oder bei der Schulleitung beantragt werden (Schulbesuchsverordnung \u00a7 4).<\/p>\n","protected":false},"excerpt":{"rendered":"<p>Jeder Sch\u00fcler ist verpflichtet, den Unterricht und die \u00fcbrigen verbindlichen Veranstaltungen der Schule regelm\u00e4\u00dfig und ordnungsgem\u00e4\u00df zu besuchen und die Schulordnung einzuhalten (Schulbesuchsverordnung \u00a7 1). Ist ein Sch\u00fcler aus zwingenden Gr\u00fcnden (z.B. Krankheit) am Schulbesuch verhindert, ist dies der Schule unter Angabe des Grundes und der voraussichtlichen Dauer der Verhinderung unverz\u00fcglich mitzuteilen. Entschuldigungspflichtig sind f\u00fcr &hellip; <a href=\"https:\/\/www.ess-rv.de\/?page_id=1482\" class=\"more-link\"><span class=\"screen-reader-text\">Entschuldigung und Beurlaubung<\/span> weiterlesen <span class=\"meta-nav\">&rarr;<\/span><\/a><\/p>\n","protected":false},"author":3,"featured_media":0,"parent":473,"menu_order":0,"comment_status":"closed","ping_status":"closed","template":"","meta":{"footnotes":"","_links_to":"","_links_to_target":""},"class_list":["post-1482","page","type-page","status-publish","hentry"],"_links":{"self":[{"href":"https:\/\/www.ess-rv.de\/index.php?rest_route=\/wp\/v2\/pages\/1482","targetHints":{"allow":["GET"]}}],"collection":[{"href":"https:\/\/www.ess-rv.de\/index.php?rest_route=\/wp\/v2\/pages"}],"about":[{"href":"https:\/\/www.ess-rv.de\/index.php?rest_route=\/wp\/v2\/types\/page"}],"author":[{"embeddable":true,"href":"https:\/\/www.ess-rv.de\/index.php?rest_route=\/wp\/v2\/users\/3"}],"replies":[{"embeddable":true,"href":"https:\/\/www.ess-rv.de\/index.php?rest_route=%2Fwp%2Fv2%2Fcomments&post=1482"}],"version-history":[{"count":4,"href":"https:\/\/www.ess-rv.de\/index.php?rest_route=\/wp\/v2\/pages\/1482\/revisions"}],"predecessor-version":[{"id":1486,"href":"https:\/\/www.ess-rv.de\/index.php?rest_route=\/wp\/v2\/pages\/1482\/revisions\/1486"}],"up":[{"embeddable":true,"href":"https:\/\/www.ess-rv.de\/index.php?rest_route=\/wp\/v2\/pages\/473"}],"wp:attachment":[{"href":"https:\/\/www.ess-rv.de\/index.php?rest_route=%2Fwp%2Fv2%2Fmedia&parent=1482"}],"curies":[{"name":"wp","href":"https:\/\/api.w.org\/{rel}","templated":true}]}}