{"id":156,"date":"2014-07-28T10:13:33","date_gmt":"2014-07-28T08:13:33","guid":{"rendered":"https:\/\/intern.hls.rv.bw.schule.de\/secure\/?page_id=156"},"modified":"2025-05-16T08:17:23","modified_gmt":"2025-05-16T06:17:23","slug":"medizinische-fachangestellte","status":"publish","type":"page","link":"https:\/\/www.ess-rv.de\/?page_id=156","title":{"rendered":"Medizinische Fachangestellte &#8211; Medizinischer Fachangestellter"},"content":{"rendered":"<div class=\"link-anmeldung\"><a href=\"http:\/\/anmeldung.ess-rv.de\">Anmeldung<\/a><\/div>\n<div data-post-id=\"9519\" class=\"insert-page insert-page-9519 \"><div class=\"highlight\"><a href=\"https:\/\/anmeldung.ess-rv.de\">Hinweis: Anmeldung durch die Ausbildungsbetriebe ab sofort nur noch online<\/a>.<\/div>\n<\/div>\n<p><strong>T\u00e4tigkeitsfelder:<\/strong> Medizinische Fachangestellte sind in Hausarzt- und Facharztpraxen, Krankenh\u00e4usern sowie anderen medizinischen Versorgungseinrichtungen t\u00e4tig. Sie werden auch in medizinischen Laboratorien, in betriebs\u00e4rztlichen Abteilungen von Unternehmen und im \u00f6ffentlichen Gesundheitsdienst eingesetzt. Dar\u00fcber hinaus sind sie in Institutionen und Organisationen des Gesundheitswesens besch\u00e4ftigt.<\/p>\n<p><strong>Berufliche Qualifikation:<\/strong> Die T\u00e4tigkeitsbereiche der Medizinischen Fachangestellten liegen insbesondere in der Assistenz bei der Untersuchung und der Behandlung, der Betreuung und Beratung von Patienten und sowie in der Betriebsorganisation und -verwaltung.<\/p>\n<p><strong>Medizinische Fachangestellte<\/strong><\/p>\n<ul>\n<li>assistieren bei Untersuchung, Behandlung und chirurgischen Eingriffen und helfen bei Notf\u00e4llen,<\/li>\n<li>betreuen und beraten Patienten vor, w\u00e4hrend und nach der Behandlung,<\/li>\n<li>informieren Patienten \u00fcber die Ziele und M\u00f6glichkeiten der Vor- und Nachsorge,<\/li>\n<li>f\u00fchren Hygienema\u00dfnahmen durch,<\/li>\n<li>f\u00fchren Laborarbeiten durch,<\/li>\n<li>wenden Vorschriften und Richtlinien des Umweltschutzes an,<\/li>\n<li>organisieren Betriebsabl\u00e4ufe und \u00fcberwachen Terminplanungen,<\/li>\n<li>wirken beim Qualit\u00e4tsmanagement mit,<\/li>\n<li>f\u00fchren Verwaltungsarbeiten durch,<\/li>\n<li>dokumentieren Behandlungsabl\u00e4ufe und erfassen erbrachte Leistungen f\u00fcr die Abrechnung,<\/li>\n<li>ermitteln Bedarf an Material, beschaffen und verwalten es,<\/li>\n<li>wenden Informations- und Kommunikationssysteme an,<\/li>\n<li>beachten die Regeln des Datenschutzes und der Datensicherheit und<\/li>\n<li>arbeiten team- und prozessorientiert.<\/li>\n<\/ul>\n<h3>Informationen zum Ausbildungsberuf<\/h3>\n<p>(Quelle: Neue und modernisierte Ausbildungsberufe 2006 &#8211; Berufsinstitut f\u00fcr Berufsbildung in Bonn)<\/p>\n<p>Seit dem Schuljahr 2006\/2007 ist der Lehrplan des neu gestalteten Ausbildungsberufes \u201cMedizinische Fachangestellte\u201d (ehemals Arzthelferin) in Kraft, der nach Lernfelder aufgebaut ist.<\/p>\n<h3>Was ist neu?<\/h3>\n<p>Das Gesundheitswesen befindet sich gegenw\u00e4rtig in einem tiefgreifenden Wandlungsprozess. In den \u00e4rztlichen Praxen ist die Pr\u00e4vention zu einem wesentlichen Handlungsgebiet in der Medizin geworden. In dem Ma\u00dfe wie Vorsorge zum Behandlungskonzept wird, wird die Qualifizierung von Medizinischen Fachangestellten auf diesem Gebiet immer wichtiger. Um mit entsprechend ausgebildetem Personal ein ad\u00e4quates Leistungsspektrum in den Praxen anbieten zu k\u00f6nnen, sind die dazu notwendigen Fertigkeiten, Kenntnisse und F\u00e4higkeiten, insbesondere zu Themen der Gesundheitsvorsorge, der Fr\u00fcherkennung von Krankheiten und der Gesundheitsf\u00f6rderung (u. a. gesunde Lebensweise) verst\u00e4rkt in die neue Ausbildungsordnung aufgenommen worden. Die gewachsenen Anforderungen im Bereich der Hygiene und des Arbeitsschutzes sowie des Notfallmanagements spielen in der neuen Ausbildungsordnung ebenfalls eine wichtige Rolle.<br \/>\nNeben der Pr\u00e4vention ber\u00fccksichtigt die Neuordnung auch eine personenorientierte, situationsgerechte Beratung und Betreuung von Patienten vor, w\u00e4hrend und nach der Behandlung durch die Medizinische Fachangestellte. Dementsprechend erwerben Auszubildende Fertigkeiten, Kenntnisse und F\u00e4higkeiten zur Ber\u00fccksichtigung von psychosozialen und somalischen Bedingungen des Patientenverhaltens, zu Methoden und Techniken der Kommunikation, zur Patientenmotivation, zum Arbeiten im Team, zur L\u00f6sung von Konfliktsituationen und zum eigenverantwortlichen Handeln. Dar\u00fcber hinaus haben durch die Modernisierung der Versorgungsstrukturen und die erheblich ver\u00e4nderten Rahmenbedingungen und Arbeitsinhalte im Bereich der Praxisorganisation und -verwaltung Qualifikationen zur Gestaltung von Kooperationsprozessen, zur systematischen Planung von Arbeitsabl\u00e4ufen, zur Sicherung von Qualit\u00e4tsstandards, zur F\u00f6rderung der Patientenzufriedenheit, zur Abrechnung und Dokumentation von Leistungen sowie zur Nutzung der Informations- und Kommunikationssysteme unter Beachtung von Datenschutz und Datensicherheit stark an Bedeutung gewonnen.<\/p>\n","protected":false},"excerpt":{"rendered":"<p>Anmeldung T\u00e4tigkeitsfelder: Medizinische Fachangestellte sind in Hausarzt- und Facharztpraxen, Krankenh\u00e4usern sowie anderen medizinischen Versorgungseinrichtungen t\u00e4tig. Sie werden auch in medizinischen Laboratorien, in betriebs\u00e4rztlichen Abteilungen von Unternehmen und im \u00f6ffentlichen Gesundheitsdienst eingesetzt. Dar\u00fcber hinaus sind sie in Institutionen und Organisationen des Gesundheitswesens besch\u00e4ftigt. Berufliche Qualifikation: Die T\u00e4tigkeitsbereiche der Medizinischen Fachangestellten liegen insbesondere in der Assistenz bei &hellip; <a href=\"https:\/\/www.ess-rv.de\/?page_id=156\" class=\"more-link\"><span class=\"screen-reader-text\">Medizinische Fachangestellte &#8211; Medizinischer Fachangestellter<\/span> weiterlesen <span class=\"meta-nav\">&rarr;<\/span><\/a><\/p>\n","protected":false},"author":3,"featured_media":0,"parent":111,"menu_order":231,"comment_status":"closed","ping_status":"closed","template":"","meta":{"footnotes":"","_links_to":"","_links_to_target":""},"class_list":["post-156","page","type-page","status-publish","hentry"],"_links":{"self":[{"href":"https:\/\/www.ess-rv.de\/index.php?rest_route=\/wp\/v2\/pages\/156","targetHints":{"allow":["GET"]}}],"collection":[{"href":"https:\/\/www.ess-rv.de\/index.php?rest_route=\/wp\/v2\/pages"}],"about":[{"href":"https:\/\/www.ess-rv.de\/index.php?rest_route=\/wp\/v2\/types\/page"}],"author":[{"embeddable":true,"href":"https:\/\/www.ess-rv.de\/index.php?rest_route=\/wp\/v2\/users\/3"}],"replies":[{"embeddable":true,"href":"https:\/\/www.ess-rv.de\/index.php?rest_route=%2Fwp%2Fv2%2Fcomments&post=156"}],"version-history":[{"count":17,"href":"https:\/\/www.ess-rv.de\/index.php?rest_route=\/wp\/v2\/pages\/156\/revisions"}],"predecessor-version":[{"id":9525,"href":"https:\/\/www.ess-rv.de\/index.php?rest_route=\/wp\/v2\/pages\/156\/revisions\/9525"}],"up":[{"embeddable":true,"href":"https:\/\/www.ess-rv.de\/index.php?rest_route=\/wp\/v2\/pages\/111"}],"wp:attachment":[{"href":"https:\/\/www.ess-rv.de\/index.php?rest_route=%2Fwp%2Fv2%2Fmedia&parent=156"}],"curies":[{"name":"wp","href":"https:\/\/api.w.org\/{rel}","templated":true}]}}