{"id":164,"date":"2014-07-28T10:21:13","date_gmt":"2014-07-28T08:21:13","guid":{"rendered":"https:\/\/intern.hls.rv.bw.schule.de\/secure\/?page_id=164"},"modified":"2025-05-16T08:17:40","modified_gmt":"2025-05-16T06:17:40","slug":"tiermedizinischer-fachangestellter","status":"publish","type":"page","link":"https:\/\/www.ess-rv.de\/?page_id=164","title":{"rendered":"Tiermedizinische Fachangestellte &#8211; Tiermedizinischer Fachangestellter"},"content":{"rendered":"<div class=\"link-anmeldung\"><a href=\"http:\/\/anmeldung.ess-rv.de\">Anmeldung<\/a><\/div>\n<div data-post-id=\"9519\" class=\"insert-page insert-page-9519 \"><div class=\"highlight\"><a href=\"https:\/\/anmeldung.ess-rv.de\">Hinweis: Anmeldung durch die Ausbildungsbetriebe ab sofort nur noch online<\/a>.<\/div>\n<\/div>\n<p><strong>T\u00e4tigkeitsfelder:<\/strong> Tiermedizinische Fachangestellte sind vorwiegend in Tierarztpraxen sowie Tierkliniken t\u00e4tig. Sie werden auch in veterin\u00e4rmedizinischen Laboratorien, Zoos, Tierheimen oder in der Tierhaltung eingesetzt. Dar\u00fcber hinaus sind sie in der tiermedizinischen Forschung, der chemischen Industrie oder bei Institutionen und Organisationen des Gesundheits- und des Veterin\u00e4rwesens besch\u00e4ftigt.<\/p>\n<p><strong>Berufliche Qualifikationen:<\/strong> Die T\u00e4tigkeitsbereiche der Tiermedizinischen Fachangestellten liegen insbesondere in der Assistenz bei der Untersuchung und Behandlung von Tieren, der Betreuung von Patienten und Tierhaltern sowie in der Betriebsorganisation und -verwaltung.<\/p>\n<p><strong>Tiermedizinische Fachangestellte<\/strong><\/p>\n<ul>\n<li>assistieren bei Untersuchungen, Behandlungen und chirurgischen Eingriffen,<\/li>\n<li>betreuen Patienten vor, w\u00e4hrend und nach der Behandlung,<\/li>\n<li>versorgen und pflegen Patienten bei station\u00e4rer Unterbringung,<\/li>\n<li>sorgen f\u00fcr tierartgerechte und verhaltensgem\u00e4\u00dfe Haltung von Tieren,<\/li>\n<li>beachten die Einhaltung des Tierschutzgesetzes,<\/li>\n<li>wenden Vorschriften und Richtlinien des Umweltschutzes an,<\/li>\n<li>f\u00fchren Hygienema\u00dfnahmen durch,<\/li>\n<li>sch\u00fctzen sich und andere vor Infektionen und Seuchen,<\/li>\n<li>erstellen R\u00f6ntgenaufnahmen,<\/li>\n<li>f\u00fchren Laborarbeiten durch,<\/li>\n<li>beraten und betreuen Tierhalter und Tierhalterinnen,<\/li>\n<li>informieren Tierhalter und Tierhalterinnen \u00fcber die M\u00f6glichkeiten der Pr\u00e4vention und Rehabilitation,<\/li>\n<li>organisieren Betriebsabl\u00e4ufe und \u00fcberwachen Terminplanungen,<\/li>\n<li>wirken bei Ma\u00dfnahmen zur Qualit\u00e4tssicherung mit,<\/li>\n<li>f\u00fchren Verwaltungsarbeiten durch,<\/li>\n<li>dokumentieren Behandlungsabl\u00e4ufe und erfassen erbrachte Leistungen f\u00fcr die Abrechnung,<\/li>\n<li>ermitteln Bedarf an Material, beschaffen und verwalten es,<\/li>\n<li>wenden Informations- und Kommunikationssysteme an,<\/li>\n<li>beachten die Regeln des Datenschutzes und der Datensicherheit und<\/li>\n<li>arbeiten team- und prozessorientiert.<\/li>\n<\/ul>\n<h2>Informationen zum Ausbildungsberuf<br \/>\n\u201dTiermedizinische\/r Fachangestellte\/r\u201d<\/h2>\n<p>(Quelle: Neue und modernisierte Ausbildungsberufe 2006 &#8211; Berufsinstitut f\u00fcr Berufsbildung in Bonn)<\/p>\n<h3>Was ist neu?<\/h3>\n<p>In den tier\u00e4rztlichen Praxen sind Pr\u00e4vention und Rehabilitation zu einem wesentlichen Handlungsgebiet in der Tierheilkunde geworden. In dem Ma\u00dfe wie Vor- und Nachsorge zum Behandlungskonzept werden, wird die Qualifizierung von Tiermedizinischen Fachange- stellten auf diesem Gebiet immer wichtiger. Um mit entsprechend ausgebildetem Personal ein ad\u00e4quates Leistungsspektrum in den Praxen anbieten zu k\u00f6nnen, sind die dazu notwendigen Fertigkeiten, Kenntnisse und F\u00e4higkeiten, insbesondere im Bereich des Tierschutzes, der Tierern\u00e4hrung, der Di\u00e4tetik sowie der Tierverhaltenskunde verst\u00e4rkt in die neue Ausbildungsordnung aufgenommen worden. Die gewachsenen Anforderungen an das R\u00f6ntgen und den Strahlenschutz in der Tierheilkunde, das Notfallmanagement sowie die Organisation der Tier\u00e4rztlichen Apotheke spielen in der neuen Ausbildungsordnung ebenfalls eine wichtige Rolle.<\/p>\n<p>Neben den genannten Ver\u00e4nderungen im Bereich der Tierheilkunde ber\u00fccksichtigt die Neuordnung eine tierartgerechte und verhaltensgem\u00e4\u00dfe Pflege, Versorgung und Betreuung von Patienten sowie eine personenorientierte, situationsgerechte Beratung und Betreuung von Tierhaltern durch die Tiermedizinische Fachangestellte. Dementsprechend erwerben Auszubildende Fertigkeiten, Kenntnisse und F\u00e4higkeiten zur Ber\u00fccksichtigung tierpsychologischer Aspekte, zu Methoden und Techniken der Kommunikation, zur Motivation, zum Arbeiten im Team, zur L\u00f6sung von Konfliktsituationen und zum eigenverantwortlichen Handeln. Dar\u00fcber hinaus haben durch die erheblich ver\u00e4nderten Rahmenbedingungen und Arbeitsinhalte im Bereich der Praxisorganisation und -verwaltung Qualifikationen zur systematischen Planung von Arbeitsabl\u00e4ufen, zur Sicherung von Qualit\u00e4tsstandards, zur F\u00f6rderung der Kundenzufriedenheit, zur Abrechnung und Dokumentation von Leistungen sowie zur Nutzung der Informations- und Kommunikationssysteme unter Beachtung von Datenschutz und Datensicherheit stark an Bedeutung gewonnen.<\/p>\n","protected":false},"excerpt":{"rendered":"<p>Anmeldung T\u00e4tigkeitsfelder: Tiermedizinische Fachangestellte sind vorwiegend in Tierarztpraxen sowie Tierkliniken t\u00e4tig. Sie werden auch in veterin\u00e4rmedizinischen Laboratorien, Zoos, Tierheimen oder in der Tierhaltung eingesetzt. Dar\u00fcber hinaus sind sie in der tiermedizinischen Forschung, der chemischen Industrie oder bei Institutionen und Organisationen des Gesundheits- und des Veterin\u00e4rwesens besch\u00e4ftigt. Berufliche Qualifikationen: Die T\u00e4tigkeitsbereiche der Tiermedizinischen Fachangestellten liegen insbesondere &hellip; <a href=\"https:\/\/www.ess-rv.de\/?page_id=164\" class=\"more-link\"><span class=\"screen-reader-text\">Tiermedizinische Fachangestellte &#8211; Tiermedizinischer Fachangestellter<\/span> weiterlesen <span class=\"meta-nav\">&rarr;<\/span><\/a><\/p>\n","protected":false},"author":3,"featured_media":0,"parent":111,"menu_order":232,"comment_status":"closed","ping_status":"closed","template":"","meta":{"footnotes":"","_links_to":"","_links_to_target":""},"class_list":["post-164","page","type-page","status-publish","hentry"],"_links":{"self":[{"href":"https:\/\/www.ess-rv.de\/index.php?rest_route=\/wp\/v2\/pages\/164","targetHints":{"allow":["GET"]}}],"collection":[{"href":"https:\/\/www.ess-rv.de\/index.php?rest_route=\/wp\/v2\/pages"}],"about":[{"href":"https:\/\/www.ess-rv.de\/index.php?rest_route=\/wp\/v2\/types\/page"}],"author":[{"embeddable":true,"href":"https:\/\/www.ess-rv.de\/index.php?rest_route=\/wp\/v2\/users\/3"}],"replies":[{"embeddable":true,"href":"https:\/\/www.ess-rv.de\/index.php?rest_route=%2Fwp%2Fv2%2Fcomments&post=164"}],"version-history":[{"count":8,"href":"https:\/\/www.ess-rv.de\/index.php?rest_route=\/wp\/v2\/pages\/164\/revisions"}],"predecessor-version":[{"id":9526,"href":"https:\/\/www.ess-rv.de\/index.php?rest_route=\/wp\/v2\/pages\/164\/revisions\/9526"}],"up":[{"embeddable":true,"href":"https:\/\/www.ess-rv.de\/index.php?rest_route=\/wp\/v2\/pages\/111"}],"wp:attachment":[{"href":"https:\/\/www.ess-rv.de\/index.php?rest_route=%2Fwp%2Fv2%2Fmedia&parent=164"}],"curies":[{"name":"wp","href":"https:\/\/api.w.org\/{rel}","templated":true}]}}