{"id":167,"date":"2014-07-28T10:23:49","date_gmt":"2014-07-28T08:23:49","guid":{"rendered":"https:\/\/intern.hls.rv.bw.schule.de\/secure\/?page_id=167"},"modified":"2025-05-16T08:17:56","modified_gmt":"2025-05-16T06:17:56","slug":"zahnmedizinischer-fachangestellter","status":"publish","type":"page","link":"https:\/\/www.ess-rv.de\/?page_id=167","title":{"rendered":"Zahnmedizinische Fachangestellte &#8211; Zahnmedizinischer Fachangestellter"},"content":{"rendered":"<div class=\"link-anmeldung\"><a href=\"http:\/\/anmeldung.ess-rv.de\">Anmeldung<\/a><\/div>\n<div data-post-id=\"9519\" class=\"insert-page insert-page-9519 \"><div class=\"highlight\"><a href=\"https:\/\/anmeldung.ess-rv.de\">Hinweis: Anmeldung durch die Ausbildungsbetriebe ab sofort nur noch online<\/a>.<\/div>\n<\/div>\n<p><strong>T\u00e4tigkeitsfelder: <\/strong>In der Zahnarztpraxis spielt der richtige Umgang mit dem Patienten eine entscheidende Rolle. Zahnmedizinische Fachangestellte sind die ersten Ansprechpartner und Bindeglieder zwischen Zahnarzt und Patient. Um sich auf alle in der Praxis auftretenden Situationen einstellen zu k\u00f6nnen, brauchen sie Kommunikationsf\u00e4higkeit, Menschenkennntnis, Flexibilit\u00e4t und Kreativit\u00e4t.<\/p>\n<p><strong>Berufliche Qualifikation:<\/strong> Die Aus\u00fcbung des Berufes erfordert ein hohes Ma\u00df an Verantwortung, die Kenntnis gesetzlicher Vorschriften und Vertr\u00e4ge sowie psychologische F\u00e4higkeiten<\/p>\n<h2>Informationen zum Ausbildungsberuf<br \/>\n\u201dZahnmedizinische\/r Fachangestellte\/r\u201d<\/h2>\n<p>Zahnmedizinische Fachangestellte \u00fcben ihren Beruf in einem Team aus. Fach-, Sozial- und Methodenkompetenzen sind deshalb unabdingbar. Der Beruf umfasst drei gro\u00dfe Aufgabenbereiche:<\/p>\n<ul>\n<li>zahnmedizinischer Bereich<\/li>\n<li>Verwaltungs- und Organisationsbereich<\/li>\n<li>Patientenbetreuung<\/li>\n<\/ul>\n<p>Zum zahnmedizinischen Bereich geh\u00f6ren die fachgerechte Assistenz bei allen diagnostischen und therapeutischen Ma\u00dfnahmen des Zahnarztes, die Behandlungsorganisation, das Anfertigen von R\u00f6ntgenaufnahmen, die Hilfeleistung bei Notf\u00e4llen sowie das Ausf\u00fchren und \u00dcberwachen von Hygienema\u00dfnahmen.<\/p>\n<p>Zum Verwaltungsbereich geh\u00f6rt die gesamte Organisation der Praxis, die Empfangsorganisation mit Terminvereinbarung, die Materialverwaltung, die Koordination mit den Dental-Labors und den Zahntechniklabors, die \u00dcberwachung des Zahlungsverkehrs und die Abrechnung der erbrachten Behandlungsleistungen mit den Patienten bzw. den Kostentr\u00e4gern. Moderne B\u00fcrotechnik und die Praxis-EDV ist in diesem Beruf in allen Bereichen zu einem integralen Werkzeug geworden. Qualit\u00e4tsmanagement hat eine wichtige Bedeutung.<\/p>\n","protected":false},"excerpt":{"rendered":"<p>Anmeldung T\u00e4tigkeitsfelder: In der Zahnarztpraxis spielt der richtige Umgang mit dem Patienten eine entscheidende Rolle. Zahnmedizinische Fachangestellte sind die ersten Ansprechpartner und Bindeglieder zwischen Zahnarzt und Patient. Um sich auf alle in der Praxis auftretenden Situationen einstellen zu k\u00f6nnen, brauchen sie Kommunikationsf\u00e4higkeit, Menschenkennntnis, Flexibilit\u00e4t und Kreativit\u00e4t. Berufliche Qualifikation: Die Aus\u00fcbung des Berufes erfordert ein hohes &hellip; <a href=\"https:\/\/www.ess-rv.de\/?page_id=167\" class=\"more-link\"><span class=\"screen-reader-text\">Zahnmedizinische Fachangestellte &#8211; Zahnmedizinischer Fachangestellter<\/span> weiterlesen <span class=\"meta-nav\">&rarr;<\/span><\/a><\/p>\n","protected":false},"author":3,"featured_media":0,"parent":111,"menu_order":234,"comment_status":"closed","ping_status":"closed","template":"","meta":{"footnotes":"","_links_to":"","_links_to_target":""},"class_list":["post-167","page","type-page","status-publish","hentry"],"_links":{"self":[{"href":"https:\/\/www.ess-rv.de\/index.php?rest_route=\/wp\/v2\/pages\/167","targetHints":{"allow":["GET"]}}],"collection":[{"href":"https:\/\/www.ess-rv.de\/index.php?rest_route=\/wp\/v2\/pages"}],"about":[{"href":"https:\/\/www.ess-rv.de\/index.php?rest_route=\/wp\/v2\/types\/page"}],"author":[{"embeddable":true,"href":"https:\/\/www.ess-rv.de\/index.php?rest_route=\/wp\/v2\/users\/3"}],"replies":[{"embeddable":true,"href":"https:\/\/www.ess-rv.de\/index.php?rest_route=%2Fwp%2Fv2%2Fcomments&post=167"}],"version-history":[{"count":6,"href":"https:\/\/www.ess-rv.de\/index.php?rest_route=\/wp\/v2\/pages\/167\/revisions"}],"predecessor-version":[{"id":9527,"href":"https:\/\/www.ess-rv.de\/index.php?rest_route=\/wp\/v2\/pages\/167\/revisions\/9527"}],"up":[{"embeddable":true,"href":"https:\/\/www.ess-rv.de\/index.php?rest_route=\/wp\/v2\/pages\/111"}],"wp:attachment":[{"href":"https:\/\/www.ess-rv.de\/index.php?rest_route=%2Fwp%2Fv2%2Fmedia&parent=167"}],"curies":[{"name":"wp","href":"https:\/\/api.w.org\/{rel}","templated":true}]}}