{"id":1679,"date":"2015-04-21T12:04:15","date_gmt":"2015-04-21T11:04:15","guid":{"rendered":"http:\/\/www.ess-rv.de\/?page_id=1679"},"modified":"2017-02-06T12:25:06","modified_gmt":"2017-02-06T11:25:06","slug":"v3po-jugend-forscht","status":"publish","type":"page","link":"https:\/\/www.ess-rv.de\/?page_id=1679","title":{"rendered":"Jugend forscht | Projekt V3PO"},"content":{"rendered":"<div style=\"width: 604px;\" class=\"wp-video\"><video class=\"wp-video-shortcode\" id=\"video-1679-1\" width=\"604\" height=\"340\" poster=\"http:\/\/www.ess-rv.de\/wp-content\/uploads\/2015\/04\/snap.png\" preload=\"none\" controls=\"controls\"><source type=\"video\/mp4\" src=\"http:\/\/www.ess-rv.de\/wp-content\/uploads\/2015\/04\/Science-Starter-V3PO-Low.mp4?_=1\" \/><a href=\"http:\/\/www.ess-rv.de\/wp-content\/uploads\/2015\/04\/Science-Starter-V3PO-Low.mp4\">http:\/\/www.ess-rv.de\/wp-content\/uploads\/2015\/04\/Science-Starter-V3PO-Low.mp4<\/a><\/video><\/div>\n<h2>Worum geht es in diesem Projekt?<\/h2>\n<p>Ist es m\u00f6glich, auf einer Raumstation pflanzliche Nahrungsmittel in einer gr\u00f6\u00dferen Menge mit gleicher Qualit\u00e4t zu produzieren und damit die Versorgung der Astronauten mit frischem Gem\u00fcse auf langen Missionen gew\u00e4hrleisten zu k\u00f6nnen? Dieser Frage werden wir auf den Grund gehen! Ihr fragt euch jetzt bestimmt, warum \u201evegetative Pflanzenvermehrung\u201c?<\/p>\n<blockquote><p>\u00a0\u201eVegetative Vermehrungsf\u00e4higkeit von Pflanzen im Orbit\u201c<\/p><\/blockquote>\n<p>Bei vielen Pflanzenarten erfolgt die Vermehrung \u00fcber die Aussaat (generative Vermehrung). Allerdings bleiben bei der Samenvermehrung in folgenden Generationen die gew\u00fcnschten Eigenschaften nicht immer einheitlich erhalten. Im Gegensatz dazu kann durch die vegetative Vermehrung (z.B. Stecklinge) ein einheitlicher Bestand erreicht werden. Zudem gew\u00e4hrleistet die vegetative Vermehrung den Bestand auch dann, wenn Pflanzen nur wenig, schlecht keimf\u00e4hige oder gar keine Samen hervorbringen.<\/p>\n<p>Bei normalen Schwerkraftbedingungen auf der Erde bilden sich an Stecklingen Wurzeln und Bl\u00e4tter. Dabei wachsen die Pflanzenwurzeln zum Erdmittelpunkt und die Sprosse dagegen zum Licht. Bisher wurden Versuche zum Wachstumsverhalten der Wurzeln bei S\u00e4mlingen in der Schwerelosigkeit durchgef\u00fchrt. Stecklinge enthalten aber im Gegensatz zu einem S\u00e4mling noch keine Wurzelanlage. Wir wollen wissen, ob die Stecklinge auch in der Schwerelosigkeit in der Lage sind, Wurzeln zu bilden, d.h. ob sich Sprosszellen zu Wurzelzellen differenzieren und wie sich die Wurzeln, Sprosse und Bl\u00e4tter in der Schwerelosigkeit entwickeln.<\/p>\n<p>Dazu m\u00f6chten wir einen Vermehrungsversuch auf der Raumstation ISS durchf\u00fchren und mit einem parallel auf der Erde laufenden Referenzversuch vergleichen. Wir verwenden bebl\u00e4tterte, krautige Triebstecklinge, die in N\u00e4hragar gesteckt werden. Die Stecklinge stehen in 2 kleinen Experimentcontainern, sogenannte \u201eAFEx Habitate\u201c mit je 2 Kammern, die uns die NASA bzw. die Firma Intrinsyx zur Verf\u00fcgung stellt. Die Versuchsbox ist bereits f\u00fcr biologische Versuche auf der ISS eingesetzt worden.<\/p>\n<p>Damit die Umsetzung unseres Experiments auch gelingt, arbeiten wir gegenw\u00e4rtig daran, ein passendes Versuchsdesign f\u00fcr die ISS zu entwickeln. D.h. eine Methode zu entwickeln, um mit der gegebenen Hardware (AFEx Habitat) und den gegebenen Umweltbedingungen auf der ISS eine m\u00f6glichst gleichm\u00e4\u00dfige Bewurzelung der Steckling und einen gleichm\u00e4\u00dfigen Austrieb der Reserveknospen, ohne Pilzbefall, in den 25-30 Missionstagen zu erreichen.<\/p>\n<h2>Was sind unsere Ziele und unsere Zielgruppe?<\/h2>\n<p>Unser Ziel ist es, dass unser entwickelter Versuch auch tats\u00e4chlich auf der Raumstation ISS durchgef\u00fchrt wird, um weitere Erkenntnisse im Bereich des Pflanzenwachstums und der Pflanzenphysiologie in der Schwerelosigkeit zu gewinnen. Das w\u00e4re ein Schritt, um dem Anbau und der Vermehrung von Pflanzen auf einer Raumstation n\u00e4her zu kommen.<\/p>\n<p>Wir wollen mit unserer Forschungsarbeit beim Jugend forscht Wettbewerb, Deutschlands bekanntestem Nachwuchswettbewerb, teilnehmen. Beim Wettbewerb pr\u00e4sentieren wir unser Projekt an einem selbst gestalteten Ausstellungsstand einer unabh\u00e4ngigen Jury. Auch haben wir uns zum Ziel gesetzt, wissenschaftliche Arbeitsweisen anzueignen, um somit unsere Kenntnisse au\u00dferschulisch zu vertiefen.<\/p>\n<p>Unsere Forschungsergebnisse sind nicht nur f\u00fcr die botanische Grundlagenforschung interessant, sondern liefern Erkenntnisse f\u00fcr das Verst\u00e4ndnis von Anbau und Vermehrung von Pflanzen auf Raumstationen.<\/p>\n<h2>Warum sollte jemand unser Projekt unterst\u00fctzen?<\/h2>\n<ul>\n<li>Wir m\u00f6chten mithilfe der Gelder den Flug zur ISS finanzieren, um somit unsere Idee zu verwirklichen<\/li>\n<li>Unser Projekt ist das erste deutsche Sch\u00fclerprojekt, das im Educational Programm der NASA aufgenommen wurde Wir haben bereits die offizielle Best\u00e4tigung der Firma NanoRacks, dass unser Projekt starten kann, falls wir die finanziellen Mittel aufbringen<\/li>\n<li>Anhand unserer Forschungsarbeit sollen Antworten gefunden werden, ob man Astronauten auf einer langen Mission mit frischen Lebensmitteln versorgen kann und wie die Vermehrungsf\u00e4higkeit von Pflanzen unter Weltraumbedingungen ist.<\/li>\n<li>Wir wollen Ansporn f\u00fcr andere Jugendliche sein, dass es m\u00f6glich ist, mit Engagement, Neugier und Zielstrebigkeit Tr\u00e4ume zu verwirklichen.<\/li>\n<\/ul>\n<p>Das Team vom Projekt V3PO freut sich \u00fcber jede Unterst\u00fctzung. Spenden k\u00f6nnen Sie auf das Konto des F\u00f6rdervereins der Schule \u00fcberweisen.<\/p>\n<p>Freunde und F\u00f6rderer der Edith-Stein-Schule e.V.<br \/>\nKreissparkasse Ravensburg<br \/>\nBLZ 650 501 10<br \/>\nKtn 48 763 914<br \/>\nVerwendungszweck: Jugend forscht Projekt V3PO<\/p>\n<p>W\u00fcnschen Sie eine Spendenbescheinigung? Dann geben Sie bitte Ihre Adresse auf der \u00dcberweisung an.<\/p>\n<h2>Was passiert mit dem Geld bei erfolgreicher Finanzierung?<\/h2>\n<p>Eure finanzielle Unterst\u00fctzung deckt die Kosten f\u00fcr die Firma NanoRacks (NR) und CSS-Dynamac ab und wird verwendet f\u00fcr:<\/p>\n<ul>\n<li>Organisation und Festlegung des Missionsablaufs<\/li>\n<li>Vorbereitung der Stecklinge und des Experimentes in den Laboreirichtungen am Kennedy Space Center (KSC) in Florida<\/li>\n<li>Transport der Stecklinge zur ISS, Durchf\u00fchrung des Experiments auf der Raumstation und R\u00fcckholung der Stecklinge mittels R\u00fcckkehrkapsel<\/li>\n<li>Momentaner Starttermin der Tr\u00e4gerrakete SpaceX-8 ist f\u00fcr den 13.08.2015 vorgesehen<\/li>\n<\/ul>\n<p>Erreichen wir eine Unterst\u00fctzung von \u00fcber 50.000\u20ac, verwenden wir das zus\u00e4tzlicher Geld f\u00fcr:<\/p>\n<ul>\n<li>Optimierung der AFEx Habitate<\/li>\n<li>Reisekostenunterst\u00fctzung (Flug, Unterbringung am KSC)<\/li>\n<\/ul>\n<h2>Wer steht hinter dem Projekt?<\/h2>\n<p>Wir, Maria Koch, Raphael Schilling und David Geray, sind drei Sch\u00fcler der Klasse 12des Agrarwissenschaftlichen Gymnasiums der Edith-Stein Schule Ravensburg.<\/p>\n<p><a href=\"http:\/\/www.ess-rv.de\/wp-content\/uploads\/2015\/04\/v3po-Team.png\"><img loading=\"lazy\" decoding=\"async\" class=\"alignnone wp-image-1704 size-full\" src=\"http:\/\/www.ess-rv.de\/wp-content\/uploads\/2015\/04\/v3po-Team.png\" alt=\"Das V3PO-Team pr\u00e4sentiert das Projekt\" width=\"646\" height=\"427\" srcset=\"https:\/\/www.ess-rv.de\/wp-content\/uploads\/2015\/04\/v3po-Team.png 646w, https:\/\/www.ess-rv.de\/wp-content\/uploads\/2015\/04\/v3po-Team-300x198.png 300w\" sizes=\"auto, (max-width: 646px) 100vw, 646px\" \/><\/a><\/p>\n<p>Unsere Forschungsarbeit wird unterst\u00fctzt durch:<\/p>\n<h3>Unsere technische Seite:<\/h3>\n<p>Dipl. Ingenieur Christian Bruderrek, als Projekt Manager f\u00fcr Life Science Experimente im Weltraum bei der Firma Airbus DS in Friedrichshafen t\u00e4tig. Er \u00fcbernimmt die gesamte technische Organisation und Koordination, welche f\u00fcr den Ablauf der Mission notwendig ist.<\/p>\n<h3>Unsere Projektleiterin:<\/h3>\n<p>Dipl. Agraringenieurin Brigitte Sch\u00fcrmann. Sie ist Lehrerin an der Edith-Stein-Schule und f\u00fchrte seit 2007 insgesamt acht Gruppen, im Rahmen der Labor AG, erfolgreich zum Jugend forscht Wettbewerb in der Sparte Biologie. So konnte sie bereits viel Erfahrung als Betreuerin sammeln. Als Gartenbauwissenschaftlerin hat sie einen engen Bezug zum Thema und bringt ihr praktisches und theoretisches Wissen in das Projekt ein.<\/p>\n<h2>V3PO in der Presse<\/h2>\n<ul>\n<li><a href=\"http:\/\/www.ess-rv.de\/wp-content\/uploads\/2016\/06\/WiMo_V3PO.pdf\">Wirtschafts-Morgen vom 1. Juni 2016<\/a><\/li>\n<li><a href=\"http:\/\/www.ess-rv.de\/wp-content\/uploads\/2015\/04\/schwaebischezeitung_2015-01-17.pdf\">Schw\u00e4bische Zeitung vom 17. Januar 2015<\/a><\/li>\n<li><a href=\"http:\/\/www.ess-rv.de\/wp-content\/uploads\/2015\/04\/schwaebischezeitung_2015-03-03.pdf\">Schw\u00e4bische Zeitung vom 3. M\u00e4rz 2015<\/a><\/li>\n<li><a href=\"http:\/\/www.ess-rv.de\/wp-content\/uploads\/2015\/04\/sue.pdf\">S\u00fcdfinder im M\u00e4rz 2015\u00a0<\/a><\/li>\n<li><a href=\"http:\/\/www.ess-rv.de\/wp-content\/uploads\/2015\/04\/bwagrar.pdf\">BWagrar im\u00a0April 2015<\/a><\/li>\n<li><a href=\"http:\/\/www.ess-rv.de\/wp-content\/uploads\/2015\/04\/Mint-Zirkel-04-2015-S.-12-zur-Ansicht.pdf\">Mint Zirkel im August 2015<\/a><\/li>\n<li><a href=\"http:\/\/www.focus.de\/wissen\/weltraum\/raumfahrt\/frisches-essen-auf-der-iss-drei-schueler-aus-ravensburg-wollen-hoch-hinaus_id_4862030.html\" target=\"_blank\">Focus im August<\/a><\/li>\n<li><a href=\"http:\/\/swrmediathek.de\/player.htm?show=a6743c60-591c-11e5-8a02-0026b975f2e6\" target=\"_blank\">SWR Landesschau im September<\/a><\/li>\n<\/ul>\n<h2 class=\"ivycat-content\">Aktuelle Beitr\u00e4ge zum Thema<\/h2>\n<!-- NOTE: If you need to make changes to this file, copy it to your current theme's main\n\tdirectory so your changes won't be overwritten when the plugin is upgraded. -->\n<!-- Start of Post Wrap -->\n<div class=\"post hentry ivycat-post\">\n\t<!-- This is the output of the post TITLE -->\n\t<h2 class=\"entry-title\"><a href=\"https:\/\/www.ess-rv.de\/?p=4129\">R\u00fcckkehr des V3PO Experimentes<\/a><\/h2>\n\n\t<!-- This is the output of the EXCERPT -->\n\t<div class=\"entry-summary\">\n\t\t<p>Am Sonntag, 19. M\u00e4rz 2017 ist die Dragon-Kapsel mit Hilfe von 3 Fallschirmen im Pazifischen Ozean vor der K\u00fcste Kaliforniens erfolgreich gelandet. Die Pflanzenstecklinge werden bis Freitag, 24. M\u00e4rz 2017 zur Auswertung in das BASF Labor zum Agrarzentrum Limburgerhof geschickt. Dort wird das neue V3PO-Sch\u00fclerteam (Tanja Forster, Nadine Scherbaum und Felix Sp\u00e4th, BTG 1) die &hellip; <a href=\"https:\/\/www.ess-rv.de\/?p=4129\" class=\"more-link\"><span class=\"screen-reader-text\">R\u00fcckkehr des V3PO Experimentes<\/span> weiterlesen <span class=\"meta-nav\">&rarr;<\/span><\/a><\/p>\n\t<\/div>\n\n\t<!-- This is the output of the META information -->\n\t<div class=\"entry-utility\">\t<\/div>\n<\/div>\n<!-- \/\/ End of Post Wrap -->\n<!-- NOTE: If you need to make changes to this file, copy it to your current theme's main\n\tdirectory so your changes won't be overwritten when the plugin is upgraded. -->\n<!-- Start of Post Wrap -->\n<div class=\"post hentry ivycat-post\">\n\t<!-- This is the output of the post TITLE -->\n\t<h2 class=\"entry-title\"><a href=\"https:\/\/www.ess-rv.de\/?p=4075\">V3PO Versuchsbox auf der ISS erfolgreich angekommen<\/a><\/h2>\n\n\t<!-- This is the output of the EXCERPT -->\n\t<div class=\"entry-summary\">\n\t\t<p>Am Mittwoch, 23. Februar 2017 ist die Dragon-Kapsel erfolgreich an der Internationalen Raumstation (ISS) angedockt. Nun ist unser Versuch auf der ISS und die ersten Bilder sind auch schon da! Der Versuch soll insgesamt ca. 30 Tage auf der ISS bleiben.<\/p>\n\t<\/div>\n\n\t<!-- This is the output of the META information -->\n\t<div class=\"entry-utility\">\t<\/div>\n<\/div>\n<!-- \/\/ End of Post Wrap -->\n<!-- NOTE: If you need to make changes to this file, copy it to your current theme's main\n\tdirectory so your changes won't be overwritten when the plugin is upgraded. -->\n<!-- Start of Post Wrap -->\n<div class=\"post hentry ivycat-post\">\n\t<!-- This is the output of the post TITLE -->\n\t<h2 class=\"entry-title\"><a href=\"https:\/\/www.ess-rv.de\/?p=4046\">10&#8230; 9&#8230; 8&#8230; V3PO hebt ab<\/a><\/h2>\n\n\t<!-- This is the output of the EXCERPT -->\n\t<div class=\"entry-summary\">\n\t\t<p>UPDATE: Die Rakete ist nun nach mehreren Startverschiebungen erfolgreich gestartet!! Herzlichen Gl\u00fcckwunsch an das V3PO-Team! Das Team von V3PO ist mittlerweile in Florida und bereitet den Versuch vor. Der Start der SpaceX-Rakete, die die Stecklinge auf die ISS bringt, wurde einige Mal verschoben. Aktueller Starttermin ist der 18. Februar. Hier finden Sie einen Countdown.<\/p>\n\t<\/div>\n\n\t<!-- This is the output of the META information -->\n\t<div class=\"entry-utility\">\t<\/div>\n<\/div>\n<!-- \/\/ End of Post Wrap -->\n<!-- NOTE: If you need to make changes to this file, copy it to your current theme's main\n\tdirectory so your changes won't be overwritten when the plugin is upgraded. -->\n<!-- Start of Post Wrap -->\n<div class=\"post hentry ivycat-post\">\n\t<!-- This is the output of the post TITLE -->\n\t<h2 class=\"entry-title\"><a href=\"https:\/\/www.ess-rv.de\/?p=3996\">V3PO kurz vor dem Start in den Weltraum<\/a><\/h2>\n\n\t<!-- This is the output of the EXCERPT -->\n\t<div class=\"entry-summary\">\n\t\t<p>Die komplette Playlist gibt es auf youtube.com Maria, David und Raphael haben es bald geschafft! In den n\u00e4chsten Tage fliegt das Jugend forscht-Team nach Florida und starten ihren Versuch zur Stecklingsvermehrung im All. Der Projektname V3PO steht dabei f\u00fcr &#8222;Vegetative Verehrmehrungsf\u00e4higkeit von Pflanzen im Orbit&#8220;. Die drei ehemaligen Sch\u00fcler der Edith-Stein-Schule bereiten die Stecklinge in &hellip; <a href=\"https:\/\/www.ess-rv.de\/?p=3996\" class=\"more-link\"><span class=\"screen-reader-text\">V3PO kurz vor dem Start in den Weltraum<\/span> weiterlesen <span class=\"meta-nav\">&rarr;<\/span><\/a><\/p>\n\t<\/div>\n\n\t<!-- This is the output of the META information -->\n\t<div class=\"entry-utility\">\t<\/div>\n<\/div>\n<!-- \/\/ End of Post Wrap -->\n<!-- NOTE: If you need to make changes to this file, copy it to your current theme's main\n\tdirectory so your changes won't be overwritten when the plugin is upgraded. -->\n<!-- Start of Post Wrap -->\n<div class=\"post hentry ivycat-post\">\n\t<!-- This is the output of the post TITLE -->\n\t<h2 class=\"entry-title\"><a href=\"https:\/\/www.ess-rv.de\/?p=3317\">Wirtschafts-Morgen: Sch\u00fclerprojekt schafft Sprung in den Orbit<\/a><\/h2>\n\n\t<!-- This is the output of the EXCERPT -->\n\t<div class=\"entry-summary\">\n\t\t<p>Unter der Abk\u00fcrzung V3PO erobern drei Sch\u00fcler mit dem Ludwigshafener Chemiekonzern BASF den Weltraum \u2013 ihr Versuch zur Entwicklung von Pflanzen startet im November mit einem Space Shuttle zur Internationalen Raumstation ISS. Wirtschafts-Morgen vom 1. Juni 2016<\/p>\n\t<\/div>\n\n\t<!-- This is the output of the META information -->\n\t<div class=\"entry-utility\">\t<\/div>\n<\/div>\n<!-- \/\/ End of Post Wrap -->\n\n","protected":false},"excerpt":{"rendered":"<p>Worum geht es in diesem Projekt? Ist es m\u00f6glich, auf einer Raumstation pflanzliche Nahrungsmittel in einer gr\u00f6\u00dferen Menge mit gleicher Qualit\u00e4t zu produzieren und damit die Versorgung der Astronauten mit frischem Gem\u00fcse auf langen Missionen gew\u00e4hrleisten zu k\u00f6nnen? Dieser Frage werden wir auf den Grund gehen! Ihr fragt euch jetzt bestimmt, warum \u201evegetative Pflanzenvermehrung\u201c? \u00a0\u201eVegetative &hellip; <a href=\"https:\/\/www.ess-rv.de\/?p=3317\" class=\"more-link\"><span class=\"screen-reader-text\">Wirtschafts-Morgen: Sch\u00fclerprojekt schafft Sprung in den Orbit<\/span> weiterlesen <span class=\"meta-nav\">&rarr;<\/span><\/a><\/p>\n","protected":false},"author":3,"featured_media":0,"parent":1544,"menu_order":0,"comment_status":"closed","ping_status":"closed","template":"","meta":{"footnotes":"","_links_to":"","_links_to_target":""},"class_list":["post-1679","page","type-page","status-publish","hentry"],"_links":{"self":[{"href":"https:\/\/www.ess-rv.de\/index.php?rest_route=\/wp\/v2\/pages\/1679","targetHints":{"allow":["GET"]}}],"collection":[{"href":"https:\/\/www.ess-rv.de\/index.php?rest_route=\/wp\/v2\/pages"}],"about":[{"href":"https:\/\/www.ess-rv.de\/index.php?rest_route=\/wp\/v2\/types\/page"}],"author":[{"embeddable":true,"href":"https:\/\/www.ess-rv.de\/index.php?rest_route=\/wp\/v2\/users\/3"}],"replies":[{"embeddable":true,"href":"https:\/\/www.ess-rv.de\/index.php?rest_route=%2Fwp%2Fv2%2Fcomments&post=1679"}],"version-history":[{"count":31,"href":"https:\/\/www.ess-rv.de\/index.php?rest_route=\/wp\/v2\/pages\/1679\/revisions"}],"predecessor-version":[{"id":4005,"href":"https:\/\/www.ess-rv.de\/index.php?rest_route=\/wp\/v2\/pages\/1679\/revisions\/4005"}],"up":[{"embeddable":true,"href":"https:\/\/www.ess-rv.de\/index.php?rest_route=\/wp\/v2\/pages\/1544"}],"wp:attachment":[{"href":"https:\/\/www.ess-rv.de\/index.php?rest_route=%2Fwp%2Fv2%2Fmedia&parent=1679"}],"curies":[{"name":"wp","href":"https:\/\/api.w.org\/{rel}","templated":true}]}}