{"id":1684,"date":"2015-04-21T12:06:48","date_gmt":"2015-04-21T11:06:48","guid":{"rendered":"http:\/\/www.ess-rv.de\/?page_id=1684"},"modified":"2025-01-17T18:11:35","modified_gmt":"2025-01-17T17:11:35","slug":"uebersicht-jugend-forscht","status":"publish","type":"page","link":"https:\/\/www.ess-rv.de\/?page_id=1684","title":{"rendered":"\u00dcbersicht | Jugend forscht"},"content":{"rendered":"<div class=\"tabelle zweispalten\">\n<div class=\"tkopf\">\n<div class=\"zeile\">\n<div class=\"zelle hervorheben\">Jahr<\/div>\n<div class=\"zelle hervorheben\">Projekt<\/div>\n<\/div>\n<\/div>\n<div class=\"tinhalt\">\n<div class=\"zeile\">\n<div class=\"zelle\">2022-2024<\/div>\n<div class=\"zelle\"><strong>Eva Rommelspacher, Marla Wiedemann, Lennox Elle: &#8222;Sind Hefen farbenblind? Untersuchungen zur Auswirkung von verschiedenen Lichtwellenl\u00e4ngen auf die Stoffwechselaktivit\u00e4t von S. cerevisiae und B. fulva&#8220;<\/strong><br \/>\n\t\t3. Platz Regionalwettbewerb Jugend forscht 2024\n\t<\/div>\n<\/p><\/div>\n<div class=\"zeile\">\n<div class=\"zelle\">2021-2023<\/div>\n<div class=\"zelle\"><strong>Helen Frick, Theresa Knisel: \u201eTrockenstress lass nach: Einfluss einer Priming Behandlung mit Acetylsalicyls\u00e4ure, dem Wirkstoff aus einer handels\u00fcblichen Aspirintablette und mit Salicyls\u00e4ure aus M\u00e4des\u00fc\u00df Pflanzenjauche auf die Trockenresistenz verschiedener Pflanzen.&#8220;<\/strong><br \/>\n\t\t2. Platz Regionalwettbewerb Jugend forscht 2023\n\t<\/div>\n<\/p><\/div>\n<div class=\"zeile\">\n<div class=\"zelle\">2020-2022<\/div>\n<div class=\"zelle\"><strong>Emma Junker, Marlena Frick, Luisa Baur: &#8222;Heimischer Apfelsaft \u2013 Genuss oder Verdruss? Untersuchungen zur Verhinderung des Auskeimens von Byssochlamys fulva-Sporen in Apfeldirektsaft&#8220;<\/strong><br \/>\n\t\t1. Platz Regionalwettbewerb Jugend forscht 2022<br \/>\n\t\t3. Platz Landeswettbewerb Jugend forscht 2022\n\t<\/div>\n<\/p><\/div>\n<div class=\"zeile\">\n<div class=\"zelle\">2020-2022<\/div>\n<div class=\"zelle\"><strong>Saskia Blaha, Marlene Best, Helena Podarschil: &#8222;Chloroplastik &#8211; Entwicklung eines Bioplastiks auf der Basis von Algenst\u00e4rke&#8220;<\/strong><br \/>\n\t\t3. Platz Regionalwettbewerb Jugend forscht 2022\n\t<\/div>\n<\/p><\/div>\n<div class=\"zeile\">\n<div class=\"zelle\">2019-2021<\/div>\n<div class=\"zelle\"><strong>Fabian Martin und Katharina Ried \u201eQuadratisch, praktisch, gut &#8211; Spannungsfeldversuche mit Nutzpflanzen\u201c<\/strong><br \/>\n\t\tSonderpreis beim Regionalwettbewerb von Jugend forscht 2021\n\t<\/div>\n<\/p><\/div>\n<div class=\"zeile\">\n<div class=\"zelle\">2017-2019<\/div>\n<div class=\"zelle\"><strong>Leonardo Bercea, Ishac Boudenne und Moritz Stein \u201eSedimentbrennstoffzelle &#8211; Mikrobiologische Stromerzeugung\u201c<\/strong><br \/>\n\t\t2. Preis beim Regionalwettbewerb von Jugend forscht 2019 in der Kategorie &bdquo;Biologie&ldquo;  <\/p>\n<p>\t\t<strong>Sara Brkic, Ruth Huber und Gianluca Rizza \u201eAppbasiertes Training zur Verbesserung der Ausdauerleistung im schulischen Umfeld\u201c<\/strong><br \/>\n\t\t2. Preis beim Regionalwettbewerb von Jugend forscht 2019 in der Kategorie &bdquo;Arbeitswelt&ldquo;<\/p>\n<p>\t\t<strong>Anne Bungard und Katrin Hiller \u201eNat\u00fcrliche Antibiotika und ihr Beitrag zur Gesundheit\u201c<\/strong><br \/>\n\t\t3. Preis beim Regionalwettbewerb von Jugend forscht 2019 in der Kategorie &bdquo;Biologie&ldquo;<\/div>\n<\/p><\/div>\n<div class=\"zeile\">\n<div class=\"zelle\">2016-2018<\/div>\n<div class=\"zelle\"><strong>Jasmin Gorzelany und Daniel Sauter \u201eWeniger Futter und trotzdem zugenommen?\u201c<\/strong> &#8211; Einfluss von EM1 bzw. Cobiotex auf die Mastleistung und den Futterverbrauch von Masth\u00e4hnchen im Biobetrieb<br \/>\n\t\t1. Preis beim Regionalwettbewerb von Jugend forscht 2018; 3. Preis beim Landeswettbewerb von Jugend forscht 2018 <\/p>\n<p>\t\t<strong>Tanja Forster, Nadine Scherbaum und Felix Sp\u00e4th \u201eV3PO &#8211; Vegetative Vermehrungsf\u00e4higkeit von Pflanzen im Orbit\u201c<\/strong><br \/>\n\t\tSonderpreis \u201eNachwachsende Rohstoffe\u201c 2018 und Sonderpreis der Firma Airbus 2018<\/div>\n<\/p><\/div>\n<div class=\"zeile\">\n<div class=\"zelle\">2015-2017<\/div>\n<div class=\"zelle\"><strong>Melissa G\u00e4rtner, Anabel Kr\u00fcger und Ronja Mall \u201eBiologisches Nachweisverfahren f\u00fcr Medikamenten R\u00fcckst\u00e4nde im Abwasser\u201c<\/strong><\/div>\n<\/p><\/div>\n<div class=\"zeile\">\n<div class=\"zelle\">2014-2016<\/div>\n<div class=\"zelle\"><strong>David Geray, Maria Koch und Raphael Schilling \u201eV3PO &#8211; Vegetative Vermehrungsf\u00e4higkeit von Pflanzen im Orbit\u201c<\/strong><br \/>\n1. Preis beim Regionalwettbewerb von Jugend forscht 2016; 2. Preis beim Landeswettbewerb von Jugend forscht 2016<\/div>\n<\/div>\n<div class=\"zeile\">\n<div class=\"zelle\">2013-2015<\/div>\n<div class=\"zelle\"><strong>Evelyn Amann, Rebecca Hermann und Marina Tischler \u201eWisch und Weg?\u201c<\/strong> &#8211; Untersuchungen zur Keimbelastung von Sp\u00fcllappen<br \/>\n2. Preis beim Regionalwettbewerb von Jugend forscht 2015<strong><\/p>\n<p>\tNico Brandt, Christoph Hohl und Michael Stibin \u201eVoll unter Spannung\u201c<\/strong> &#8211; Mikroorganismen erzeugen aus Molke Strom<br \/>\n2. Preis beim Regionalwettbewerb von Jugend forscht 2015<\/p>\n<\/div>\n<\/div>\n<div class=\"zeile\">\n<div class=\"zelle\">2011-2013<\/div>\n<div class=\"zelle\"><strong>Lucas Wiggenhauser und Elena Kempter \u201eDie keimfreie Welle\u201c<\/strong> Die Mikrowelle im Schullabor als Alternative zum Autoklav<br \/>\n1. Preis beim Regionalwettbewerb, Teilnahme beim Landeswettbewerb von Jugend forscht 2013<\/div>\n<\/div>\n<div class=\"zeile\">\n<div class=\"zelle\">2010-2012<\/div>\n<div class=\"zelle\"><strong>Julian Hafen, Ann-Kathrin Boos und Katja Hagmann \u201eBoden aktiv\u201c<\/strong> Der Einfluss von Effektiven Mikroorgansimen (EM) auf die Abbauleistung von Bodenorganismen, (Untersuchungen zum Abbau von Cellulose und Salatbl\u00e4tter in mit EM behandelten B\u00f6den)<br \/>\n3. Preis beim Regionalwettbewerb von Jugend forscht 2012<strong><\/p>\n<p>\tJanna Pfister \u201eNat\u00fcrlich frisch!\u201c<\/strong> Der Einfluss von g\u00e4ngigen antibakteriell wirkenden Naturstoffen und Haushaltschemikalien auf die Haltbarkeit von Schnittblumen, am Beispiel Rosen<br \/>\n1. Preis beim Regionalwettbewerb, Teilnahme beim Landeswettbewerb von Jugend forscht 2012<\/p>\n<p><strong>Birgit Locher und Ulrike Dreher \u201eWenn Fliegen nicht mehr hinter Fliegen fliegen\u2026\u201c<\/strong> Einfluss von effektiven Mikroorganismen auf die Fliegenpopulation im Schweinestall<br \/>\n1. Preis beim Regionalwettbewerb, 1. Preis beim Landeswettbewerb,<br \/>\n5. Preis beim Bundeswettbewerb von Jugend forscht 2012<\/p>\n<\/div>\n<\/div>\n<div class=\"zeile\">\n<div class=\"zelle\">2008-2010<\/div>\n<div class=\"zelle\"><strong>Nadine Hilburg und Anja Maciejok \u201eKontaminiertes Dachregenwasser \u2013 einem Geheimnis auf der Spur&#8220;<\/strong><br \/>\n2. Preis beim Regionalwettbewerb von Jugend forscht 2010<\/div>\n<\/div>\n<div class=\"zeile\">\n<div class=\"zelle\">2007-2009<\/div>\n<div class=\"zelle\"><strong>Tine Albrecht \u201eDas Risiko mit dem Risiko\u201c<\/strong> \u2013 Die \u00dcberlebensf\u00e4higkeit (gentechnisch ver\u00e4nderter) Mikroorganismen im Teichwasser und deren Interagieren innerhalb der Bioz\u00f6nose am Modell zweier unterschiedlicher E.coli K12-St\u00e4mme<br \/>\n1. Platz, Regionalsiegerin Jugend forscht und Sonderpreis: \u201eUmwelttechnik und Naturschutz\u201c; 2. Platz beim Landeswettbewerb von Jugend forscht 2009<strong>Corina Brugger, Diana Duttle und Martina Schmid \u201eBakterien in der Leitung?\u201c<\/strong>\u2013 Haltbarkeitsstudien von Schnittblumen am Beispiel der Rose<br \/>\n2. Platz Jugend forscht und Sonderpreis \u201eNatur und Kosmos\u201c<\/p>\n<\/div>\n<\/div>\n<div class=\"zeile\">\n<div class=\"zelle\">2005-2007<\/div>\n<div class=\"zelle\"><strong>Jennifer Sch\u00fctz, Leonie Storz und Georg Schalaschov \u201ePerplex, weil zu komplex\u201c<\/strong> &#8211; Suche nach Gr\u00fcnden f\u00fcr das Entstehen der Ablaufspuren auf Kupfer- bzw. Zinktitand\u00e4chern<br \/>\n2. Preis beim Regionalwettbewerb von Jugend forscht 2007 und Sonderpreis<\/div>\n<\/div>\n<div class=\"zeile\">\n<div class=\"zelle\">2003-2005<\/div>\n<div class=\"zelle\">\u201eBeeintr\u00e4chtigung des Wachstumsverhalten von Weizengraskeimlingen (Triticum sativum) durch Grauwasser von Kupfer- und Titanzinkd\u00e4chern\u201c<\/div>\n<\/div>\n<div class=\"zeile\">\n<div class=\"zelle\">2000-2002<\/div>\n<div class=\"zelle\"><strong>Verena Brauchle und Dirk Paul \u201eDer Duft, der in die Falle lockt&#8220; &#8211;<\/strong> Neukonstruktion einer Aromafalle f\u00fcr den weiblichen Apfelwickler, Komposition neuer Lockstoffe<br \/>\n2. Preis beim Regionalwettbewerb von Jugend forscht 2003<\/div>\n<\/div>\n<div class=\"zeile\">\n<div class=\"zelle\">1998-2000<\/div>\n<div class=\"zelle\"><strong>Judith Wagner, Reinhard Wahl und Christian J\u00e4ger \u201eEntwicklung einer Aromafalle f\u00fcr den weiblichen Apfelwickler (Cydia pomonella)\u201c<\/strong><br \/>\n2. Preis beim Regionalwettbewerb von Jugend forscht 2002; Landwirtschaftlicher Innovationspreis der Gemeinde Bodnegg 2003<\/div>\n<\/div>\n<div class=\"zeile\">\n<div class=\"zelle\">1996-1998<\/div>\n<div class=\"zelle\"><strong>Heike D\u00f6rfler und Christian Widdascheck \u201eRecycling von gebrauchtem Brauerei-Kieselgur\u201c<\/strong><br \/>\n5. Preis beim Landeswettbewerb &#8222;Umweltschutz 1998&#8220;; Sonderpreis beim Landeswettbewerb von Jugend forscht; Einladung zum Europakolloquium; Silbermedaille auf der Erfindermesse in N\u00fcrnberg\u201eDas Recycling-Haus\u201c<br \/>\n3. Preis beim Landeswettbewerb von Jugend forscht, Sonderpreis \u201eEnergietechnik II\u201c, Bronzemedaille auf der Erfindermesse in N\u00fcrnberg<\/p>\n<\/div>\n<\/div>\n<div class=\"zeile\">\n<div class=\"zelle\">1992-1994<\/div>\n<div class=\"zelle\"><strong>Tobias J\u00fcngling und Jochen Lawrenz \u201eBeeinflussung der Fruchtf\u00e4rbung von \u00c4pfeln der Sorte Jonagold\u201c<\/strong><br \/>\nSonderpreis beim Regionalwettbewerb von Jugend forscht 1994<\/div>\n<\/div>\n<div class=\"zeile\">\n<div class=\"zelle\">1991-1993<\/div>\n<div class=\"zelle\">&#8222;Quantitative Bestimmungen von ausgew\u00e4hlten tinhaltsstoffen der Apfelsorte Jonagold&#8220;<\/div>\n<\/div>\n<div class=\"zeile\">\n<div class=\"zelle\">1990-1992<\/div>\n<div class=\"zelle\">&#8222;Integrierte Produktion in Oberschwaben&#8220;<\/div>\n<\/div>\n<div class=\"zeile\">\n<div class=\"zelle\">1988-1990<\/div>\n<div class=\"zelle\">&#8222;Pflanzenphysiologische Effekte bei Pflanzenkeimlingen, hervorgerufen durch Waschmitteltinhaltsstoffe&#8220; (&#8222;Wei\u00dfe W\u00e4sche &#8211; Reines Gewissen?&#8220;)<br \/>\nBuchpreis beim Sch\u00fclerwettbewerb des Landes Baden W\u00fcrttemberg &#8222;Umweltschutz 1990&#8220;<\/div>\n<\/div>\n<div class=\"zeile\">\n<div class=\"zelle\">1987-1989<\/div>\n<div class=\"zelle\">&#8222;Keimlings- und Wachstumsbeeinflussungen von Helianthus-Keimlingen, hervorgerufen durch ausgew\u00e4hlte Chemikalien&#8220;<br \/>\n2. Preis beim Sch\u00fclerwettbewerb des Landes Baden W\u00fcrttemberg &#8222;Umweltschutz 1989&#8220;)<\/div>\n<\/div>\n<div class=\"zeile\">\n<div class=\"zelle\">1985-1987<\/div>\n<div class=\"zelle\">&#8222;Analytische Untersuchungen an H\u00fchnereiern&#8220;<\/div>\n<\/div>\n<div class=\"zeile\">\n<div class=\"zelle\">1984-1986<\/div>\n<div class=\"zelle\">&#8222;Pflanzenphysiologische Wirkungen von para-Dichlorbenzol und Natriumperborat auf Pflanzenkeimlinge&#8220;<\/div>\n<\/div>\n<\/div>\n<\/div>\n","protected":false},"excerpt":{"rendered":"<p>Jahr Projekt 2022-2024 Eva Rommelspacher, Marla Wiedemann, Lennox Elle: &#8222;Sind Hefen farbenblind? Untersuchungen zur Auswirkung von verschiedenen Lichtwellenl\u00e4ngen auf die Stoffwechselaktivit\u00e4t von S. cerevisiae und B. fulva&#8220; 3. Platz Regionalwettbewerb Jugend forscht 2024 2021-2023 Helen Frick, Theresa Knisel: \u201eTrockenstress lass nach: Einfluss einer Priming Behandlung mit Acetylsalicyls\u00e4ure, dem Wirkstoff aus einer handels\u00fcblichen Aspirintablette und mit &hellip; <a href=\"https:\/\/www.ess-rv.de\/?page_id=1684\" class=\"more-link\"><span class=\"screen-reader-text\">\u00dcbersicht | Jugend forscht<\/span> weiterlesen <span class=\"meta-nav\">&rarr;<\/span><\/a><\/p>\n","protected":false},"author":3,"featured_media":0,"parent":1544,"menu_order":0,"comment_status":"closed","ping_status":"closed","template":"","meta":{"footnotes":"","_links_to":"","_links_to_target":""},"class_list":["post-1684","page","type-page","status-publish","hentry"],"_links":{"self":[{"href":"https:\/\/www.ess-rv.de\/index.php?rest_route=\/wp\/v2\/pages\/1684","targetHints":{"allow":["GET"]}}],"collection":[{"href":"https:\/\/www.ess-rv.de\/index.php?rest_route=\/wp\/v2\/pages"}],"about":[{"href":"https:\/\/www.ess-rv.de\/index.php?rest_route=\/wp\/v2\/types\/page"}],"author":[{"embeddable":true,"href":"https:\/\/www.ess-rv.de\/index.php?rest_route=\/wp\/v2\/users\/3"}],"replies":[{"embeddable":true,"href":"https:\/\/www.ess-rv.de\/index.php?rest_route=%2Fwp%2Fv2%2Fcomments&post=1684"}],"version-history":[{"count":15,"href":"https:\/\/www.ess-rv.de\/index.php?rest_route=\/wp\/v2\/pages\/1684\/revisions"}],"predecessor-version":[{"id":9229,"href":"https:\/\/www.ess-rv.de\/index.php?rest_route=\/wp\/v2\/pages\/1684\/revisions\/9229"}],"up":[{"embeddable":true,"href":"https:\/\/www.ess-rv.de\/index.php?rest_route=\/wp\/v2\/pages\/1544"}],"wp:attachment":[{"href":"https:\/\/www.ess-rv.de\/index.php?rest_route=%2Fwp%2Fv2%2Fmedia&parent=1684"}],"curies":[{"name":"wp","href":"https:\/\/api.w.org\/{rel}","templated":true}]}}