{"id":173,"date":"2014-07-28T10:27:38","date_gmt":"2014-07-28T08:27:38","guid":{"rendered":"https:\/\/intern.hls.rv.bw.schule.de\/secure\/?page_id=173"},"modified":"2025-05-16T08:20:40","modified_gmt":"2025-05-16T06:20:40","slug":"kaufleute-im-gesundheitswesen","status":"publish","type":"page","link":"https:\/\/www.ess-rv.de\/?page_id=173","title":{"rendered":"Kaufleute im Gesundheitswesen"},"content":{"rendered":"<div data-post-id=\"9519\" class=\"insert-page insert-page-9519 \"><div class=\"highlight\"><a href=\"https:\/\/anmeldung.ess-rv.de\">Hinweis: Anmeldung durch die Ausbildungsbetriebe ab sofort nur noch online<\/a>.<\/div>\n<\/div>\n<div class=\"link-anmeldung\"><a href=\"http:\/\/anmeldung.ess-rv.de\">Anmeldung<\/a><\/div>\n<p><strong>T\u00e4tigkeitsfelder:<\/strong> Kaufleute im Gesundheitswesen wirken bei der Entwicklung von Dienstleistungsangeboten mit. Sie planen und organisieren die Gesch\u00e4fts- und Leistungsprozesse in den unterschiedlichen Arbeitsgebieten des Gesundheitswesens. Sie arbeiten insbesondere in der Kundenbetreuung, Personalwirtschaft und Materialverwaltung, bei der Leistungsabrechnung und im gesundheitlichen Rechnungswesen. Durch ihre T\u00e4tigkeit \u00fcben sie eine Schnittstellenfunktion innerhalb des Betriebes sowie zu anderen Einrichtungen des Gesundheits- und Sozialwesens aus. Dabei spielen Aufgaben des Qualit\u00e4tsmanagements und des Marketings eine immer gr\u00f6\u00dfere Rolle.<\/p>\n<p>Einsatzgebiete f\u00fcr den Einsatz von Kaufleuten im Gesundheitswesen finden sich in:<\/p>\n<ul>\n<li>Krankenh\u00e4usern<\/li>\n<li>Pflegeeinrichtungen<\/li>\n<li>Vorsorge- und Rehabilitationseinrichtungen<\/li>\n<li>Krankenkassen<\/li>\n<li>\u00e4rztlichen Organisationen und Verb\u00e4nden<\/li>\n<li>Arztpraxen<\/li>\n<li>Rettungsdiensten<\/li>\n<li>Verb\u00e4nden der freien Wohlfahrtspflege<\/li>\n<\/ul>\n<h2>Informationen zum Ausbildungsberuf<br \/>\n\u201cKaufleute im Gesundheitswesen\u201d<\/h2>\n<p>Die Ausbildung dauert drei Jahre und erfolgt im dualen System an den Lernorten Betrieb und Berufsschule. Der Berufsschulunterricht erfolgt in Teilzeitunterricht mit einem regelm\u00e4\u00dfigen w\u00f6chentlichen Schultag sowie einem zus\u00e4tzlichen zweiw\u00f6chentlichen Schultag mit jeweils acht Unterrichtsstunden.<\/p>\n<p>Besondere Vorgaben f\u00fcr die schulische Vorbildung existieren nicht, d.h., auch gute Hauptsch\u00fcler k\u00f6nnen diesen Beruf erlernen. Zu den Voraussetzungen geh\u00f6ren Interesse an medizinischen und kaufm\u00e4nnischen Vorg\u00e4ngen, flexible Arbeitseinstellung, Freundlichkeit, Verantwortungsbewusstsein sowie k\u00f6rperliche und psychische Belastbarkeit.<\/p>\n<p>Eine Ausbildungsverk\u00fcrzung ist mit Genehmigung der zust\u00e4ndigen Industrie- und Handelskammer m\u00f6glich.<\/p>\n","protected":false},"excerpt":{"rendered":"<p>Anmeldung T\u00e4tigkeitsfelder: Kaufleute im Gesundheitswesen wirken bei der Entwicklung von Dienstleistungsangeboten mit. Sie planen und organisieren die Gesch\u00e4fts- und Leistungsprozesse in den unterschiedlichen Arbeitsgebieten des Gesundheitswesens. Sie arbeiten insbesondere in der Kundenbetreuung, Personalwirtschaft und Materialverwaltung, bei der Leistungsabrechnung und im gesundheitlichen Rechnungswesen. Durch ihre T\u00e4tigkeit \u00fcben sie eine Schnittstellenfunktion innerhalb des Betriebes sowie zu anderen &hellip; <a href=\"https:\/\/www.ess-rv.de\/?page_id=173\" class=\"more-link\"><span class=\"screen-reader-text\">Kaufleute im Gesundheitswesen<\/span> weiterlesen <span class=\"meta-nav\">&rarr;<\/span><\/a><\/p>\n","protected":false},"author":3,"featured_media":0,"parent":111,"menu_order":237,"comment_status":"closed","ping_status":"closed","template":"","meta":{"footnotes":"","_links_to":"","_links_to_target":""},"class_list":["post-173","page","type-page","status-publish","hentry"],"_links":{"self":[{"href":"https:\/\/www.ess-rv.de\/index.php?rest_route=\/wp\/v2\/pages\/173","targetHints":{"allow":["GET"]}}],"collection":[{"href":"https:\/\/www.ess-rv.de\/index.php?rest_route=\/wp\/v2\/pages"}],"about":[{"href":"https:\/\/www.ess-rv.de\/index.php?rest_route=\/wp\/v2\/types\/page"}],"author":[{"embeddable":true,"href":"https:\/\/www.ess-rv.de\/index.php?rest_route=\/wp\/v2\/users\/3"}],"replies":[{"embeddable":true,"href":"https:\/\/www.ess-rv.de\/index.php?rest_route=%2Fwp%2Fv2%2Fcomments&post=173"}],"version-history":[{"count":5,"href":"https:\/\/www.ess-rv.de\/index.php?rest_route=\/wp\/v2\/pages\/173\/revisions"}],"predecessor-version":[{"id":9529,"href":"https:\/\/www.ess-rv.de\/index.php?rest_route=\/wp\/v2\/pages\/173\/revisions\/9529"}],"up":[{"embeddable":true,"href":"https:\/\/www.ess-rv.de\/index.php?rest_route=\/wp\/v2\/pages\/111"}],"wp:attachment":[{"href":"https:\/\/www.ess-rv.de\/index.php?rest_route=%2Fwp%2Fv2%2Fmedia&parent=173"}],"curies":[{"name":"wp","href":"https:\/\/api.w.org\/{rel}","templated":true}]}}