{"id":187,"date":"2014-07-28T11:07:59","date_gmt":"2014-07-28T09:07:59","guid":{"rendered":"https:\/\/intern.hls.rv.bw.schule.de\/secure\/?page_id=187"},"modified":"2023-10-06T10:24:37","modified_gmt":"2023-10-06T08:24:37","slug":"anmeldeformulare","status":"publish","type":"page","link":"https:\/\/www.ess-rv.de\/?page_id=187","title":{"rendered":"Anmeldung Berufsschule"},"content":{"rendered":"<p>Die Anmeldung f\u00fcr die Ausbildungsberufe erfolgt \u00fcber die jeweiligen Formulare. Das ausgef\u00fcllte Formular k\u00f6nnen Sie uns als E-Mail-Anhang, per Fax oder per Post senden (die Kontaktdaten finden Sie in der rechten Spalte).<\/p>\n<h3>Standort Aulendorf<\/h3>\n<ul>\n<li><a title=\"Medizinische Fachangestellte\" href=\"http:\/\/www.ess-rv.de\/?page_id=156\">Medizinische Fachangestellte<\/a><\/li>\n<li><a title=\"Tiermedizinische\/r Fachangestellte\/r\" href=\"http:\/\/www.ess-rv.de\/?page_id=164\">Tiermedizinische Fachangestellte<\/a><\/li>\n<li><a title=\"Zahnmedizinische\/r Fachangestellte\/r\" href=\"http:\/\/www.ess-rv.de\/?page_id=167\">Zahnmedizinische Fachangestellte<\/a><\/li>\n<li><a title=\"Pharamzeutisch kfm. Angestellte\/r\" href=\"http:\/\/www.ess-rv.de\/?page_id=170\">Pharmazeutisch-kfm. Angestellte<\/a><\/li>\n<li><a title=\"Kaufleute im Gesundheitswesen\" href=\"http:\/\/www.ess-rv.de\/?page_id=173\">Kaufleute im Gesundheitswesen<\/a><\/li>\n<\/ul>\n","protected":false},"excerpt":{"rendered":"<p>Die Anmeldung f\u00fcr die Ausbildungsberufe erfolgt \u00fcber die jeweiligen Formulare. Das ausgef\u00fcllte Formular k\u00f6nnen Sie uns als E-Mail-Anhang, per Fax oder per Post senden (die Kontaktdaten finden Sie in der rechten Spalte). Standort Aulendorf Medizinische Fachangestellte Tiermedizinische Fachangestellte Zahnmedizinische Fachangestellte Pharmazeutisch-kfm. Angestellte Kaufleute im Gesundheitswesen<\/p>\n","protected":false},"author":3,"featured_media":0,"parent":337,"menu_order":430,"comment_status":"closed","ping_status":"closed","template":"","meta":{"footnotes":"","_links_to":"","_links_to_target":""},"class_list":["post-187","page","type-page","status-publish","hentry"],"_links":{"self":[{"href":"https:\/\/www.ess-rv.de\/index.php?rest_route=\/wp\/v2\/pages\/187","targetHints":{"allow":["GET"]}}],"collection":[{"href":"https:\/\/www.ess-rv.de\/index.php?rest_route=\/wp\/v2\/pages"}],"about":[{"href":"https:\/\/www.ess-rv.de\/index.php?rest_route=\/wp\/v2\/types\/page"}],"author":[{"embeddable":true,"href":"https:\/\/www.ess-rv.de\/index.php?rest_route=\/wp\/v2\/users\/3"}],"replies":[{"embeddable":true,"href":"https:\/\/www.ess-rv.de\/index.php?rest_route=%2Fwp%2Fv2%2Fcomments&post=187"}],"version-history":[{"count":33,"href":"https:\/\/www.ess-rv.de\/index.php?rest_route=\/wp\/v2\/pages\/187\/revisions"}],"predecessor-version":[{"id":8354,"href":"https:\/\/www.ess-rv.de\/index.php?rest_route=\/wp\/v2\/pages\/187\/revisions\/8354"}],"up":[{"embeddable":true,"href":"https:\/\/www.ess-rv.de\/index.php?rest_route=\/wp\/v2\/pages\/337"}],"wp:attachment":[{"href":"https:\/\/www.ess-rv.de\/index.php?rest_route=%2Fwp%2Fv2%2Fmedia&parent=187"}],"curies":[{"name":"wp","href":"https:\/\/api.w.org\/{rel}","templated":true}]}}