{"id":2617,"date":"2015-11-04T09:17:31","date_gmt":"2015-11-04T08:17:31","guid":{"rendered":"http:\/\/www.ess-rv.de\/?page_id=2617"},"modified":"2017-03-15T08:52:35","modified_gmt":"2017-03-15T07:52:35","slug":"beitraege-fuer-homepage","status":"publish","type":"page","link":"https:\/\/www.ess-rv.de\/?page_id=2617","title":{"rendered":"Beitr\u00e4ge f\u00fcr Homepage"},"content":{"rendered":"<p>Als Beitr\u00e4ge f\u00fcr die Homepage k\u00f6nnen Sie mir s\u00e4mtliche Texte, Bilder und Dateien senden. Unten stehende Hinweise dienen der besseren Darstellung unserer Aktivit\u00e4ten auf der Schulhomepage.<\/p>\n<p>Email an <a href=\"mailto:markus.klauser@ess-rv.de\">markus.klauser@ess-rv.de <\/a>oder \u00fcber das <a href=\"http:\/\/www.ess-rv.de\/?page_id=2631\">Kontaktformular<\/a><\/p>\n<h2>Text<\/h2>\n<ul>\n<li>Formulieren Sie \u00dcberschriften im Aktiv z. B. &#8222;Die Sch\u00fclerinnen pr\u00e4sentieren&#8230;&#8220;<\/li>\n<li>Schreiben Sie Artikel mit nur 50-300 W\u00f6rtern.<\/li>\n<li>Verwenden Sie keine Abk\u00fcrzungen &#8211; das erh\u00f6ht die Lesbarkeit und die Trefferquote in Suchmaschinen.<\/li>\n<li>Verwenden Sie f\u00fcr das Datum die Langform z. B. 21. M\u00e4rz 2016.<\/li>\n<li>Stellen Sie in den Texten das Wichtigste an den Anfang und Hintergrundinformationen ans Ende.<\/li>\n<\/ul>\n<h2>Bilder<\/h2>\n<ul>\n<li>W\u00e4hlen Sie \u201eSprechende Bilder\u201c mit Personen, die etwas tun.<\/li>\n<li>Versehen Sie jedes Bild mit Titel-Text und Namen des Fotografen.<\/li>\n<li>Achten Sie darauf, dass Sie die Bilder verwenden d\u00fcrfen (Recht am Bild).<\/li>\n<li>Reichen Sie entweder ein Bild oder drei Bilder ein (oder ein vielfaches von drei).<\/li>\n<\/ul>\n<h2>Sonstiges<\/h2>\n<ul>\n<li>Geben Sie Links zu den Internetauftritten von Kooperationen, Partnern, Presseartikel etc. an.<\/li>\n<li>Vermeiden Sie Scans von Texten, Flyern o. \u00e4., da deren Inhalte h\u00e4ufig f\u00fcr Suchmaschinen nicht lesbar sind.<\/li>\n<li>Senden Sie Texte und Bilder einfach per Email. Es ist nicht n\u00f6tig Texte und Bilder zu gestalten und als Word-Dokument, PDF o. \u00e4. abzuspeichern.<\/li>\n<\/ul>\n","protected":false},"excerpt":{"rendered":"<p>Als Beitr\u00e4ge f\u00fcr die Homepage k\u00f6nnen Sie mir s\u00e4mtliche Texte, Bilder und Dateien senden. Unten stehende Hinweise dienen der besseren Darstellung unserer Aktivit\u00e4ten auf der Schulhomepage. Email an markus.klauser@ess-rv.de oder \u00fcber das Kontaktformular Text Formulieren Sie \u00dcberschriften im Aktiv z. B. &#8222;Die Sch\u00fclerinnen pr\u00e4sentieren&#8230;&#8220; Schreiben Sie Artikel mit nur 50-300 W\u00f6rtern. Verwenden Sie keine Abk\u00fcrzungen &hellip; <a href=\"https:\/\/www.ess-rv.de\/?page_id=2617\" class=\"more-link\"><span class=\"screen-reader-text\">Beitr\u00e4ge f\u00fcr Homepage<\/span> weiterlesen <span class=\"meta-nav\">&rarr;<\/span><\/a><\/p>\n","protected":false},"author":3,"featured_media":0,"parent":21,"menu_order":0,"comment_status":"closed","ping_status":"closed","template":"","meta":{"footnotes":"","_links_to":"","_links_to_target":""},"class_list":["post-2617","page","type-page","status-publish","hentry"],"_links":{"self":[{"href":"https:\/\/www.ess-rv.de\/index.php?rest_route=\/wp\/v2\/pages\/2617","targetHints":{"allow":["GET"]}}],"collection":[{"href":"https:\/\/www.ess-rv.de\/index.php?rest_route=\/wp\/v2\/pages"}],"about":[{"href":"https:\/\/www.ess-rv.de\/index.php?rest_route=\/wp\/v2\/types\/page"}],"author":[{"embeddable":true,"href":"https:\/\/www.ess-rv.de\/index.php?rest_route=\/wp\/v2\/users\/3"}],"replies":[{"embeddable":true,"href":"https:\/\/www.ess-rv.de\/index.php?rest_route=%2Fwp%2Fv2%2Fcomments&post=2617"}],"version-history":[{"count":10,"href":"https:\/\/www.ess-rv.de\/index.php?rest_route=\/wp\/v2\/pages\/2617\/revisions"}],"predecessor-version":[{"id":4117,"href":"https:\/\/www.ess-rv.de\/index.php?rest_route=\/wp\/v2\/pages\/2617\/revisions\/4117"}],"up":[{"embeddable":true,"href":"https:\/\/www.ess-rv.de\/index.php?rest_route=\/wp\/v2\/pages\/21"}],"wp:attachment":[{"href":"https:\/\/www.ess-rv.de\/index.php?rest_route=%2Fwp%2Fv2%2Fmedia&parent=2617"}],"curies":[{"name":"wp","href":"https:\/\/api.w.org\/{rel}","templated":true}]}}