{"id":31,"date":"2014-02-03T17:56:00","date_gmt":"2014-02-03T15:56:00","guid":{"rendered":"https:\/\/intern.hls.rv.bw.schule.de\/secure\/?page_id=31"},"modified":"2026-03-25T09:07:13","modified_gmt":"2026-03-25T08:07:13","slug":"foerderverein","status":"publish","type":"page","link":"https:\/\/www.ess-rv.de\/?page_id=31","title":{"rendered":"F\u00f6rderverein der Edith-Stein-Schule e.V."},"content":{"rendered":"<hr\/>\n<p style=\"text-align: center\"><a href=\"http:\/\/www.ess-rv.de\/download\/flyer_foerderverein_2025.pdf\" download target=\"_blank\" rel=\"noopener\">Flyer F\u00f6rderverein<\/a><\/p>\n<hr\/>\n<div>\nSeit M\u00e4rz 1988 gibt es den F\u00f6rderverein der Edith-Stein-Schule. Der F\u00f6rderverein verfolgt folgende Ziele:<\/p>\n<ol>\n<li>Fort- und Weiterbildungsangebote (z.B. j\u00e4hrliche Einsteigerkurse in Englisch und Mathematik f\u00fcr Sch\u00fcler, die nach mehrj\u00e4hriger Berufsphase einen h\u00f6heren Bildungsabschluss anstreben);<\/li>\n<li>F\u00f6rderung des kulturellen Lebens an der Schule (z.B. Finanzierung von Expertenvortr\u00e4gen f\u00fcr Sch\u00fcler unserer Schule);<\/li>\n<li>Unterst\u00fctzung der Theater- und Kunst-AG;<\/li>\n<li>Gew\u00e4hrung von Zusch\u00fcssen an Sch\u00fcler f\u00fcr Klassenfahrten, Schullandheimaufenthalte, u.a.;<\/li>\n<li>Hilfe f\u00fcr einzelne Sch\u00fcler in Notsituationen.<\/li>\n<\/ol>\n<p>Um auch in den kommenden Jahren unsere f\u00fcr das Schulleben wichtigen Ziele verfolgen zu k\u00f6nnen, bitten wir Sie um eine einmalige Spende f\u00fcr den Verein &#8222;F\u00f6rderverein der Edith-Stein-Schule e.V.&#8220;. Nat\u00fcrlich k\u00f6nnen Sie auch als Mitglied unserem F\u00f6rderverein beitreten (Jahresbeitrag: 15 Euro; <a href=\"http:\/\/www.ess-rv.de\/download\/beitrittserklaerung_foerderverein.pdf\" download target=\"_blank\" rel=\"noopener\">Beitrittserkl\u00e4rung<\/a>).<\/p>\n<p>F\u00fcr Ihr Verst\u00e4ndnis und Ihre Unterst\u00fctzung bedanken wir uns im Voraus recht herzlich.<\/p>\n<p>F\u00f6rderverein Edith-Stein-Schule<br \/>\nKreissparkasse Ravensburg<br \/>\nIBAN: DE92 6505 0110 0048 7639 14<br \/>\nBIC: SOLADES1RVB<\/p>\n<p>Tel: 0751 368-201<br \/>\nFax: 0751 368-218<br \/>\n<a href=\"mailto:sekretariat-rv@ess-rv.de\">sekretariat-rv@ess-rv.de<\/a><\/p>\n<p><a href=\"http:\/\/www.ess-rv.de\/download\/beitrittserklaerung_foerderverein.pdf\" download target=\"_blank\" rel=\"noopener\">Download der Beitrittserkl\u00e4rung<\/a><\/p>\n<\/div>\n","protected":false},"excerpt":{"rendered":"<p>Flyer F\u00f6rderverein Seit M\u00e4rz 1988 gibt es den F\u00f6rderverein der Edith-Stein-Schule. Der F\u00f6rderverein verfolgt folgende Ziele: Fort- und Weiterbildungsangebote (z.B. j\u00e4hrliche Einsteigerkurse in Englisch und Mathematik f\u00fcr Sch\u00fcler, die nach mehrj\u00e4hriger Berufsphase einen h\u00f6heren Bildungsabschluss anstreben); F\u00f6rderung des kulturellen Lebens an der Schule (z.B. Finanzierung von Expertenvortr\u00e4gen f\u00fcr Sch\u00fcler unserer Schule); Unterst\u00fctzung der Theater- und &hellip; <a href=\"https:\/\/www.ess-rv.de\/?page_id=31\" class=\"more-link\"><span class=\"screen-reader-text\">F\u00f6rderverein der Edith-Stein-Schule e.V.<\/span> weiterlesen <span class=\"meta-nav\">&rarr;<\/span><\/a><\/p>\n","protected":false},"author":3,"featured_media":0,"parent":331,"menu_order":125,"comment_status":"closed","ping_status":"closed","template":"","meta":{"footnotes":"","_links_to":"","_links_to_target":""},"class_list":["post-31","page","type-page","status-publish","hentry"],"_links":{"self":[{"href":"https:\/\/www.ess-rv.de\/index.php?rest_route=\/wp\/v2\/pages\/31","targetHints":{"allow":["GET"]}}],"collection":[{"href":"https:\/\/www.ess-rv.de\/index.php?rest_route=\/wp\/v2\/pages"}],"about":[{"href":"https:\/\/www.ess-rv.de\/index.php?rest_route=\/wp\/v2\/types\/page"}],"author":[{"embeddable":true,"href":"https:\/\/www.ess-rv.de\/index.php?rest_route=\/wp\/v2\/users\/3"}],"replies":[{"embeddable":true,"href":"https:\/\/www.ess-rv.de\/index.php?rest_route=%2Fwp%2Fv2%2Fcomments&post=31"}],"version-history":[{"count":22,"href":"https:\/\/www.ess-rv.de\/index.php?rest_route=\/wp\/v2\/pages\/31\/revisions"}],"predecessor-version":[{"id":10075,"href":"https:\/\/www.ess-rv.de\/index.php?rest_route=\/wp\/v2\/pages\/31\/revisions\/10075"}],"up":[{"embeddable":true,"href":"https:\/\/www.ess-rv.de\/index.php?rest_route=\/wp\/v2\/pages\/331"}],"wp:attachment":[{"href":"https:\/\/www.ess-rv.de\/index.php?rest_route=%2Fwp%2Fv2%2Fmedia&parent=31"}],"curies":[{"name":"wp","href":"https:\/\/api.w.org\/{rel}","templated":true}]}}