{"id":35,"date":"2014-02-03T17:56:57","date_gmt":"2014-02-03T15:56:57","guid":{"rendered":"https:\/\/intern.hls.rv.bw.schule.de\/secure\/?page_id=35"},"modified":"2025-12-01T16:01:18","modified_gmt":"2025-12-01T15:01:18","slug":"jugendhilfe-und-sozialarbeit","status":"publish","type":"page","link":"https:\/\/www.ess-rv.de\/?page_id=35","title":{"rendered":"Beratung und Unterst\u00fctzung"},"content":{"rendered":"<div class=\"tabelle\">\n<div class=\"tkopf\">\n<div class=\"zeile\">\n<div id=\"thop\" class=\"zelle\">Schulsozialarbeiterin Ravensburg &amp; Aulendorf<\/div>\n<div class=\"zelle\"><\/div>\n<\/div>\n<\/div>\n<div class=\"tinhalt\">\n<div class=\"zeile\">\n<div class=\"zelle\">\n<ul>\n<li>Einzelfallhilfe f\u00fcr Sch\u00fcler*innen<\/li>\n<li>Unterst\u00fctzung bei beh\u00f6rdlichen Angelegenheiten<\/li>\n<li>Beratung f\u00fcr Eltern und Lehrer*innen<\/li>\n<\/ul>\n<\/div>\n<div class=\"zelle\"><strong>Petra Thomas<\/strong><br \/>\n<a href=\"tel:+49751368362\">0751 368-362<\/a><br \/>\n<a href=\"mailto:petra.thomas@ess-rv.de\">petra.thomas@ess-rv.de<\/a><br \/>\nRV Raum N2.06<\/p>\n<p>Offene Sprechstunde:<br \/>Dienstag, Donnerstag und Freitag, <br \/>jeweils 10:00\u201312:00 Uhr<\/p>\n<\/div>\n<\/div>\n<\/div>\n<div class=\"tkopf\">\n<div class=\"zeile\">\n<div id=\"sev\u00f6\" class=\"zelle\">Schulsozialarbeiterin Standort Ravensburg<\/div>\n<div class=\"zelle\"><\/div>\n<\/div>\n<\/div>\n<div class=\"tinhalt\">\n<div class=\"zeile\">\n<div class=\"zelle\">\n<ul>\n<li>Beratung\/Einzelfallhilfe f\u00fcr Sch\u00fcler*innen<\/li>\n<li>Hilfe und Unterst\u00fctzung in Konflikt- und Krisensituationen<\/li>\n<li>Beratung f\u00fcr Eltern und Lehrer*innen<\/li>\n<li>Intervention bei Fernbleiben vom Unterricht<\/li>\n<li>Intervention bei Nichterf\u00fcllung der Berufsschulpflicht<\/li>\n<\/ul>\n<\/div>\n<div class=\"zelle\"><strong>Sevgi \u00d6zt\u00fcrk<\/strong><br \/>\n<a href=\"tel:+49751368363\">0751 368-363<\/a><br \/>\n<a href=\"mailto:sevgi.oeztuerk@ess-rv.de\">sevgi.oeztuerk@ess-rv.de<\/a><br \/>\nRaum N1.03<\/p>\n<p>Offene Sprechstunde:<br \/>Montag und Mittwoch, <br \/>jeweils 9:00\u201311:00 Uhr<\/p>\n<\/div>\n<\/div>\n<\/div>\n<div class=\"tkopf\">\n<div class=\"zeile\">\n<div id=\"fres\" class=\"zelle\">Beratungslehrerin Standort Ravensburg<\/div>\n<div class=\"zelle\"><\/div>\n<\/div>\n<\/div>\n<div class=\"tinhalt\">\n<div class=\"zeile\">\n<div class=\"zelle\">\n<ul>\n<li>Begleitung, Beratung und Unterst\u00fctzung bei Fragen und Problemen rund um die Schullaufbahn<\/li>\n<li>Zust\u00e4ndig f\u00fcr Sch\u00fcler*innen, Eltern und Lehrer*innen<\/li>\n<\/ul>\n<p>(Information \u00fcber Schularten, Ab- und Anschl\u00fcsse, Unterst\u00fctzung bei der Anerkennung ausl\u00e4ndischer Schulabschl\u00fcsse, Lern- und Arbeitsverhalten, LRS, Pr\u00fcfungsangst)<\/p>\n<\/div>\n<div class=\"zelle\"><strong>Silke Freund<\/strong><br \/>\n<a href=\"tel:+49751368226\">0751 368-226<\/a><br \/>\n<a href=\"mailto:silke.freund@ess-rv.de\">silke.freund@ess-rv.de<\/a><br \/>\nRV Raum 083<\/div>\n<\/div>\n<\/div>\n<div class=\"tkopf\">\n<div class=\"zeile\">\n<div id=\"junk\" class=\"zelle\">Beratungslehrer Standort Aulendorf<\/div>\n<div class=\"zelle\"><\/div>\n<\/div>\n<\/div>\n<div class=\"tinhalt\">\n<div class=\"zeile\">\n<div class=\"zelle\">\n<ul>\n<li>Beratung und Unterst\u00fctzung bei schulischen Problemen<\/li>\n<li>Ansprechpartner bei Konflikten mit Mitsch\u00fcler*innen und Problemen mit Eltern, Lehrer*innen oder dem Ausbildungsbetrieb<\/li>\n<li>Beratung bei der Wahl der Schule oder des Berufs<\/li>\n<\/ul>\n<\/div>\n<div class=\"zelle\"><strong>Karin Jung<\/strong><br \/>\n<a href=\"tel:+4975259240630\">07525 92406-30<\/a><br \/>\n<a href=\"mailto:karin.jung@zsl-rstue.de\">karin.jung@zsl-rstue.de<\/a><br \/>\nAulendorf Raum O34<\/div>\n<\/div>\n<\/div>\n<div class=\"tkopf\">\n<div class=\"zeile\">\n<div id=\"avdbegl\" class=\"zelle\">AVdual-Begleitung (AVD)<\/div>\n<div class=\"zelle\"><\/div>\n<\/div>\n<\/div>\n<div class=\"tinhalt\">\n<div class=\"zeile\">\n<div class=\"zelle\">\n<ul>\n<li>F\u00f6rderung der Ausbildungsreife<\/li>\n<li>Praktikumsakquise und -betreuung<\/li>\n<li>Begleitung des \u00dcbergangs in Ausbildung<\/li>\n<\/ul>\n<\/div>\n<div class=\"zelle\"><strong>Karin Kraus<\/strong><br \/>\n<a href=\"mailto:karin.kraus@ess-rv.de\">karin.kraus@ess-rv.de<\/a><br \/>\n<strong>Silke Nagel<\/strong><br \/>\n<a href=\"mailto:silke.nagel@ess-rv.de\">silke.nagel@ess-rv.de<\/a><br \/>\n<strong>Oliver Stoll<\/strong><br \/>\n<a href=\"mailto:oliver.stoll@ess-rv.de\">oliver.stoll@ess-rv.de<\/a><br \/>\n<strong>Daniel Baur<\/strong><br \/>\n<a href=\"mailto:daniel.baur@ess-rv.de\">daniel.baur@ess-rv.de<\/a>Alle:<a href=\"tel:+49751368358\">0751 368-358<\/a><br \/>\nRV Raum N2.03. und N2.04<\/p>\n<\/div>\n<\/div>\n<\/div>\n<div class=\"tkopf\">\n<div class=\"zeile\">\n<div id=\"krak\" class=\"zelle\">Jugendberufshilfe (VABO\/2BFS)<\/div>\n<div class=\"zelle\"><\/div>\n<\/div>\n<\/div>\n<div class=\"tinhalt\">\n<div class=\"zeile\">\n<div class=\"zelle\">\n<ul>\n<li>Berufsorientierung<\/li>\n<li>Bewerbungstraining<\/li>\n<li>Vermittlung in Ausbildung und Arbeit<\/li>\n<\/ul>\n<p>&nbsp;<\/p>\n<\/div>\n<div class=\"zelle\"><strong>Monika Mayer<\/strong><br \/>\n<a href=\"tel:+49751368358\">0751 368-358<\/a><br \/>\n<a href=\"mailto:monika.mayer@ess-rv.de\">monika.mayer@ess-rv.de<\/a><br \/>\nRV Raum N2.03 und N2.04<\/div>\n<\/div>\n<\/div>\n<div class=\"tkopf\">\n<div class=\"zeile\">\n<div id=\"nags\" class=\"zelle\">Jugendmigrationssozialarbeit (VABO\/AVD)<\/div>\n<div class=\"zelle\"><\/div>\n<\/div>\n<\/div>\n<div class=\"tinhalt\">\n<div class=\"zeile\">\n<div class=\"zelle\">\n<ul>\n<li>Begleitung von Sch\u00fcler*innen mit Migrationshintergrund<\/li>\n<li>individuelle Integrationsf\u00f6rderung<\/li>\n<li>Bildungsberatung<\/li>\n<li>Talentf\u00f6rderung<\/li>\n<li>kulturelle Bildung<\/li>\n<\/ul>\n<\/div>\n<div class=\"zelle\"><strong>Silke Nagel<\/strong><br \/>\n<a href=\"tel:+49751368358\">0751 368-358<\/a><br \/>\n<a href=\"mailto:silke.nagel@ess-rv.de\">silke.nagel@ess-rv.de<\/a><br \/>\nRV Raum N2.03 und N2.04<\/div>\n<\/div>\n<\/div>\n<div class=\"tkopf\">\n<div class=\"zeile\">\n<div id=\"wagt\" class=\"zelle\">Schulseelsorge f\u00fcr beide Standorte<\/div>\n<div class=\"zelle\"><\/div>\n<\/div>\n<\/div>\n<div class=\"tinhalt\">\n<div class=\"zeile\">\n<div class=\"zelle\">\n<ul>\n<li>Wenn ein offenes Ohr gebraucht wird, zum Aussprechen oder um gemeinsam nach L\u00f6sungen zu suchen.<\/li>\n<li>Wenn ich allein nicht mehr weiterkomme.<\/li>\n<li>Wenn mein Leben aus den Fugen ger\u00e4t \u2013 bei privaten und beruflichen Problemen.<\/li>\n<li>Wenn es schwierige Entscheidungen zu treffen gilt.<\/li>\n<\/ul>\n<p>Die Gespr\u00e4che bleiben vertraulich und unterliegen der Schweigepflicht! Ein Gespr\u00e4chsangebot f\u00fcr Sch\u00fcler*innen, Lehrer*innen und Eltern \u2013 unabh\u00e4ngig der eigenen Glaubenszugeh\u00f6rigkeit oder weltanschaulichen Bindung.<\/p>\n<\/div>\n<div class=\"zelle\"><strong><a href=\"http:\/\/www.ess-rv.de\/?page_id=7440\">Thomas Wagner<\/a><\/strong><br \/>\nUntis Messenger:<br \/>\nThomas Wagner<br \/>\n<a href=\"mailto:thomas.wagner@ess-rv.de\">thomas.wagner@ess-rv.de<\/a><\/div>\n<\/div>\n<\/div>\n<\/div>\n<p><a href=\" https:\/\/www.arbeitsagentur.de\/vor-ort\/konstanz-ravensburg\/edith-stein-schule-ravensburg?pk_campaign=schulwebsite\" title=\"Informationen zur Studien- und Schulberatung an Ihrer Schule finden Sie hier. Sie gelangen auf das Angebot der Bundesagentur f\u00fcr Arbeit\"><img decoding=\"async\" src=\"https:\/\/web.arbeitsagentur.de\/\/cms-dezentrale-dst-redaktion-prod-media\/prodddst\/s3fs-public\/styles\/webp\/public\/2023-05\/schulbanner-bundesagentur-fuer-arbeit.jpg.webp\" alt=\"Informationen zur Studien- und Schulberatung an Ihrer Schule finden Sie hier. informieren sie sich auf der Seite der Bundesagentur f\u00fcr Arbeit\" width=\"100%\" height=\"auto\"><\/a><\/p>\n","protected":false},"excerpt":{"rendered":"<p>Schulsozialarbeiterin Ravensburg &amp; Aulendorf Einzelfallhilfe f\u00fcr Sch\u00fcler*innen Unterst\u00fctzung bei beh\u00f6rdlichen Angelegenheiten Beratung f\u00fcr Eltern und Lehrer*innen Petra Thomas 0751 368-362 petra.thomas@ess-rv.de RV Raum N2.06 Offene Sprechstunde:Dienstag, Donnerstag und Freitag, jeweils 10:00\u201312:00 Uhr Schulsozialarbeiterin Standort Ravensburg Beratung\/Einzelfallhilfe f\u00fcr Sch\u00fcler*innen Hilfe und Unterst\u00fctzung in Konflikt- und Krisensituationen Beratung f\u00fcr Eltern und Lehrer*innen Intervention bei Fernbleiben vom Unterricht &hellip; <a href=\"https:\/\/www.ess-rv.de\/?page_id=35\" class=\"more-link\"><span class=\"screen-reader-text\">Beratung und Unterst\u00fctzung<\/span> weiterlesen <span class=\"meta-nav\">&rarr;<\/span><\/a><\/p>\n","protected":false},"author":3,"featured_media":0,"parent":331,"menu_order":130,"comment_status":"closed","ping_status":"closed","template":"","meta":{"footnotes":"","_links_to":"","_links_to_target":""},"class_list":["post-35","page","type-page","status-publish","hentry"],"_links":{"self":[{"href":"https:\/\/www.ess-rv.de\/index.php?rest_route=\/wp\/v2\/pages\/35","targetHints":{"allow":["GET"]}}],"collection":[{"href":"https:\/\/www.ess-rv.de\/index.php?rest_route=\/wp\/v2\/pages"}],"about":[{"href":"https:\/\/www.ess-rv.de\/index.php?rest_route=\/wp\/v2\/types\/page"}],"author":[{"embeddable":true,"href":"https:\/\/www.ess-rv.de\/index.php?rest_route=\/wp\/v2\/users\/3"}],"replies":[{"embeddable":true,"href":"https:\/\/www.ess-rv.de\/index.php?rest_route=%2Fwp%2Fv2%2Fcomments&post=35"}],"version-history":[{"count":77,"href":"https:\/\/www.ess-rv.de\/index.php?rest_route=\/wp\/v2\/pages\/35\/revisions"}],"predecessor-version":[{"id":9867,"href":"https:\/\/www.ess-rv.de\/index.php?rest_route=\/wp\/v2\/pages\/35\/revisions\/9867"}],"up":[{"embeddable":true,"href":"https:\/\/www.ess-rv.de\/index.php?rest_route=\/wp\/v2\/pages\/331"}],"wp:attachment":[{"href":"https:\/\/www.ess-rv.de\/index.php?rest_route=%2Fwp%2Fv2%2Fmedia&parent=35"}],"curies":[{"name":"wp","href":"https:\/\/api.w.org\/{rel}","templated":true}]}}