{"id":41,"date":"2014-02-03T17:59:40","date_gmt":"2014-02-03T16:59:40","guid":{"rendered":"https:\/\/intern.hls.rv.bw.schule.de\/secure\/?page_id=41"},"modified":"2017-10-26T10:05:54","modified_gmt":"2017-10-26T08:05:54","slug":"bildung-fuer-nachhaltige-entwicklung","status":"publish","type":"page","link":"https:\/\/www.ess-rv.de\/?page_id=41","title":{"rendered":"Bildung f\u00fcr nachhaltige Entwicklung"},"content":{"rendered":"<h2>Nachhaltigkeit lernen: die UN-Dekade \u201eBildung f\u00fcr nachhaltige Entwicklung\u201c (2005 -2014)<\/h2>\n<p><a href=\"http:\/\/www.ess-rv.de\/wp-content\/uploads\/2014\/02\/UNESCOUrkunde2013_Kopie.jpeg\"><img loading=\"lazy\" decoding=\"async\" class=\" size-medium wp-image-1209 alignright\" src=\"http:\/\/www.ess-rv.de\/wp-content\/uploads\/2014\/02\/UNESCOUrkunde2013_Kopie-213x300.jpeg\" alt=\"UNESCO-Urkunde 2013\" width=\"213\" height=\"300\" srcset=\"https:\/\/www.ess-rv.de\/wp-content\/uploads\/2014\/02\/UNESCOUrkunde2013_Kopie-213x300.jpeg 213w, https:\/\/www.ess-rv.de\/wp-content\/uploads\/2014\/02\/UNESCOUrkunde2013_Kopie.jpeg 612w\" sizes=\"auto, (max-width: 213px) 100vw, 213px\" \/><\/a>Das Konzept \u201eBildung f\u00fcr nachhaltige Entwicklung\u201c kurz BNE, vermittelt Kindern und Erwachsenen nachhaltiges Denken und Handeln. Denn wir alle m\u00fcssen lernen, dass unser Handeln hier und heute Einfluss auf das Leben der Kinder- und Enkelgenerationen hat \u2013 nicht nur vor Ort, sondern auch in anderen Weltregionen.<\/p>\n<p>Bildung f\u00fcr nachhaltige Entwicklung sch\u00e4rft das Bewusstsein daf\u00fcr und gibt uns Handlungsmodelle mit auf den Weg, damit wir sinnvolle Entscheidungen f\u00fcr die Zukunft treffen und dr\u00e4ngende Probleme gemeinsam l\u00f6sen und unser Konsumverhalten im Sinne einer sozialen Vertr\u00e4glichkeit anpassen k\u00f6nnen.<\/p>\n<h3>Richtlinien der Bildung f\u00fcr nachhaltige Entwicklung<\/h3>\n<blockquote><p>\u201eSchlage nur so viel Holz ein, wie der Wald verkraften kann.\u201c<\/p><\/blockquote>\n<p>So formulierte Hans-Karl Carlowitz 1713 als erster das Prinzip der Nachhaltigkeit in seinem Werk \u00fcber die \u00d6konomie der Waldkultur.<\/p>\n<p>Heute wurde der Begriff erweitert und man versteht darunter die Verbindung von wirtschaftlichem Fortschritt mit sozialer Gerechtigkeit und dem Schutz der nat\u00fcrlichen Umwelt. Kerngedanke ist dabei, dass die zuk\u00fcnftigen Generationen dieselben Chancen auf ein er<\/p>\n<p>f\u00fclltes Leben haben sollen wie wir. Gleichzeitig m\u00fcssen Chancen f\u00fcr alle Menschen auf der Erde fairer verteilt werden. Es geht zum einen um Gerechtigkeit zwischen den Generationen zum anderen um Gerechtigkeit zwischen den verschiedenen Weltreligionen, Nationen und Kulturen.<\/p>\n<p>Diese kann nur durch internationale Zusammenarbeit erreicht werden und ber\u00fchrt viele Bereiche des Alltags, wobei zu ber\u00fccksichtigen ist, dass viele Menschen um ihre wirtschaftliche Existenz k\u00e4mpfen m\u00fcssen. Zudem bedrohen das Wachstum der<\/p>\n<p>Weltbev\u00f6lkerung und der wirtschaftliche und technische Fortschritt mit hohem Ressourcenverbrauch die Umwelt und die Lebensgrundlagen. Ziel muss es daher sein, die Lebensqualit\u00e4t zu sichern und zu erhalten, die Natur zu schonen und eine friedliche und gerechte Weltordnung anzustreben.<\/p>\n<p>Bildung f\u00fcr nachhaltige Entwicklung will daher Wissen \u00fcber die globalen Zusammenh\u00e4nge, die Herausforderungen sowie die Ursachen der komplexen wirtschaftlichen, \u00f6kologischen und sozialen Ursachen der Probleme der Welt vermitteln.<\/p>\n<h3>Verwirklichung der Richtlinien an der Edith-Stein-Schule Ravensburg<\/h3>\n<p>Mit unseren Eine-Welt-Projekten hoffen wir einen Beitrag zur Entwicklung der Bildung f\u00fcr nachhaltige Entwicklung leisten zu k\u00f6nnen.<\/p>\n<p>An unserer Schule sollen die Sch\u00fclerInnen lernen, wie in der globalisierten Welt Kontakte , gekn\u00fcpf<\/p>\n<p>t werden k\u00f6nnen, ein Austausch organisiert wird, Hilfsaktionen m\u00f6glich sind und den Beteiligten geholfen werden kann, sich an der Entwicklung ihres Landes zu beteiligen. Das Ziel ist die Teilnahme an einer demokratischen Weltgemeinschaft, die die Menschenrechte sch\u00fctzt, die Gegens\u00e4tze in der Welt kennt und ihr Leben in Freiheit gestaltet. Wichtig ist uns auch, ein Verst\u00e4ndnis f\u00fcr die Notwendigkeit weiterer internationaler Zusammenarbeit zu wecken, um die Probleme einer wachsenden Weltbev\u00f6lkerung mit einem st\u00e4ndig steigenden Bedarf an Ressourcen zu l\u00f6sen. Entwicklungsarbeit begreifen wir deshalb als Friedensarbeit, die Konflikte l\u00f6sen und vermeiden soll. Durch einen Transfer von Wissen, materielle Hilfe und pers\u00f6nliche Kontakte sollen die Projekte positive Entwicklungen ansto\u00dfen, die sich dann im besten Falle verselbstst\u00e4ndigen und weitere Impulse ausl\u00f6sen.<\/p>\n<p>Dabei sollen die Sch\u00fclerInnen sowohl an Einzelbeispielen als auch durch grunds\u00e4tzliche Konzeptionen erlernen, dass mit einer Hilfe zur Selbsthilfe nicht nur gesellschaftliche Verbesserungen erreicht, sondern auch wirtschaftliche Erfolge erzielt und eine Steigerung des Umweltbewusstseins sowie ein aktiver Schutz von Naturr\u00e4umen und der Biodiversit\u00e4t angestrebt werden k\u00f6nnen.<\/p>\n<ul>\n<li><a href=\"http:\/\/www.hls.rv.bw.schule.de\/dokumente\/Bildung_fuer_nachhaltige_Entwicklung_ESS.doc\">Bildung f\u00fcr nachhaltige Entwicklung der ESS RV im \u00dcberblick (36,0 KB)<\/a><\/li>\n<li><a href=\"http:\/\/www.hls.rv.bw.schule.de\/dokumente\/Beispiele_aus_dem_Schulalltag.pdf\">Beispiele aus dem Schulalltag (83,4 KB)<\/a><\/li>\n<li><a href=\"http:\/\/www.hls.rv.bw.schule.de\/dokumente\/Eine-Welt-Tag-Projekte_Zusammenstellung_2010.pdf\">EINE-WELT-TAG-Projekte Zusammenstellung (116 KB)<\/a><\/li>\n<li><a href=\"http:\/\/www.hls.rv.bw.schule.de\/dokumente\/UNESCOBewerbung2012.doc\">UNESCO-Bewerbung 2012 (Kinderregenwald) (209 KB)<\/a><\/li>\n<li><a href=\"http:\/\/www.hls.rv.bw.schule.de\/dokumente\/Erhebungsbogen_Projekt_Erstbewerbung.rtf\">UNESCO-Erst-Bewerbungsbogen (78,7 KB)<\/a><\/li>\n<\/ul>\n<h2>Kinderregenwaldteam<\/h2>\n<p>Das \u201eKinderregenwald-Projekt\u201c der Edith-Stein Schule (PN 1416) unter dem Dach der UNESCO-Projektschule (PN 2420) nimmt im Rahmen der \u201eAktionstage 2012\u201c an der Veranstaltung des Arbeitskreises \u201eEine Welt\u201c der Stadt Ravensburg mit dem Titel \u201edas Gesch\u00e4ft mit der Ware Mensch\u201c teil.<\/p>\n<ul>\n<li><a href=\"http:\/\/www.hls.rv.bw.schule.de\/dokumente\/unesco_aktionstage_2012.pdf\">Beitrag zu den Aktionstagen 2012<\/a><\/li>\n<li><a href=\"http:\/\/bne-aktionstage.de\/index.php?year=2011&amp;d=g&amp;mode=ext&amp;gid=1601\" target=\"_blank\">Ehrenamtsschlange<\/a><\/li>\n<li><a href=\"http:\/\/bne-aktionstage.de\/index.php?year=2011&amp;d=g&amp;mode=ext&amp;gid=1602\" target=\"_blank\">Heimatlos<\/a><\/li>\n<\/ul>\n<p>Das Kinderregenwald-Team wird zum dritten Mal als &#8222;UNESCO-Dekade-Projekt&#8220; ausgezeichnet.<br \/>\n<img loading=\"lazy\" decoding=\"async\" class=\" alignnone\" src=\"http:\/\/www.hls.rv.bw.schule.de\/bilder\/unesco_dekade_08_09.jpg\" alt=\"\" width=\"130\" height=\"304\" \/><img loading=\"lazy\" decoding=\"async\" class=\" alignnone\" src=\"http:\/\/www.hls.rv.bw.schule.de\/bilder\/unesco_dekade_10_11.jpg\" alt=\"\" width=\"134\" height=\"303\" \/><img loading=\"lazy\" decoding=\"async\" class=\"\" src=\"http:\/\/www.hls.rv.bw.schule.de\/bilder\/unesco_dekade_12_13.jpg\" alt=\"\" width=\"134\" height=\"303\" \/><img loading=\"lazy\" decoding=\"async\" class=\" alignnone\" src=\"http:\/\/www.hls.rv.bw.schule.de\/bilder\/logo_un_dekade_aktionstage2013.jpg\" alt=\"\" width=\"132\" height=\"302\" \/><\/p>\n","protected":false},"excerpt":{"rendered":"<p>Nachhaltigkeit lernen: die UN-Dekade \u201eBildung f\u00fcr nachhaltige Entwicklung\u201c (2005 -2014) Das Konzept \u201eBildung f\u00fcr nachhaltige Entwicklung\u201c kurz BNE, vermittelt Kindern und Erwachsenen nachhaltiges Denken und Handeln. Denn wir alle m\u00fcssen lernen, dass unser Handeln hier und heute Einfluss auf das Leben der Kinder- und Enkelgenerationen hat \u2013 nicht nur vor Ort, sondern auch in anderen &hellip; <a href=\"https:\/\/www.ess-rv.de\/?page_id=41\" class=\"more-link\"><span class=\"screen-reader-text\">Bildung f\u00fcr nachhaltige Entwicklung<\/span> weiterlesen <span class=\"meta-nav\">&rarr;<\/span><\/a><\/p>\n","protected":false},"author":3,"featured_media":0,"parent":333,"menu_order":315,"comment_status":"closed","ping_status":"closed","template":"","meta":{"footnotes":"","_links_to":"","_links_to_target":""},"class_list":["post-41","page","type-page","status-publish","hentry"],"_links":{"self":[{"href":"https:\/\/www.ess-rv.de\/index.php?rest_route=\/wp\/v2\/pages\/41","targetHints":{"allow":["GET"]}}],"collection":[{"href":"https:\/\/www.ess-rv.de\/index.php?rest_route=\/wp\/v2\/pages"}],"about":[{"href":"https:\/\/www.ess-rv.de\/index.php?rest_route=\/wp\/v2\/types\/page"}],"author":[{"embeddable":true,"href":"https:\/\/www.ess-rv.de\/index.php?rest_route=\/wp\/v2\/users\/3"}],"replies":[{"embeddable":true,"href":"https:\/\/www.ess-rv.de\/index.php?rest_route=%2Fwp%2Fv2%2Fcomments&post=41"}],"version-history":[{"count":10,"href":"https:\/\/www.ess-rv.de\/index.php?rest_route=\/wp\/v2\/pages\/41\/revisions"}],"predecessor-version":[{"id":1778,"href":"https:\/\/www.ess-rv.de\/index.php?rest_route=\/wp\/v2\/pages\/41\/revisions\/1778"}],"up":[{"embeddable":true,"href":"https:\/\/www.ess-rv.de\/index.php?rest_route=\/wp\/v2\/pages\/333"}],"wp:attachment":[{"href":"https:\/\/www.ess-rv.de\/index.php?rest_route=%2Fwp%2Fv2%2Fmedia&parent=41"}],"curies":[{"name":"wp","href":"https:\/\/api.w.org\/{rel}","templated":true}]}}