{"id":4589,"date":"2017-10-26T10:07:01","date_gmt":"2017-10-26T08:07:01","guid":{"rendered":"http:\/\/www.ess-rv.de\/?page_id=4589"},"modified":"2025-01-17T16:00:44","modified_gmt":"2025-01-17T15:00:44","slug":"unterstuetzte-projekte","status":"publish","type":"page","link":"https:\/\/www.ess-rv.de\/?page_id=4589","title":{"rendered":"Unterst\u00fctzte Projekte"},"content":{"rendered":"<p><div id='gallery-1' class='gallery galleryid-4589 gallery-columns-4 gallery-size-thumbnail'><figure class='gallery-item'>\n\t\t\t<div class='gallery-icon landscape'>\n\t\t\t\t<a href='https:\/\/www.ess-rv.de\/wp-content\/uploads\/2023\/12\/stepsforchildren.png'><img loading=\"lazy\" decoding=\"async\" width=\"215\" height=\"215\" src=\"https:\/\/www.ess-rv.de\/wp-content\/uploads\/2023\/12\/stepsforchildren-215x215.png\" class=\"attachment-thumbnail size-thumbnail\" alt=\"\" \/><\/a>\n\t\t\t<\/div><\/figure><figure class='gallery-item'>\n\t\t\t<div class='gallery-icon landscape'>\n\t\t\t\t<a href='https:\/\/www.ess-rv.de\/wp-content\/uploads\/2023\/12\/netzbangladesh.png'><img loading=\"lazy\" decoding=\"async\" width=\"215\" height=\"215\" src=\"https:\/\/www.ess-rv.de\/wp-content\/uploads\/2023\/12\/netzbangladesh-215x215.png\" class=\"attachment-thumbnail size-thumbnail\" alt=\"\" \/><\/a>\n\t\t\t<\/div><\/figure><figure class='gallery-item'>\n\t\t\t<div class='gallery-icon landscape'>\n\t\t\t\t<a href='https:\/\/www.ess-rv.de\/wp-content\/uploads\/2023\/12\/jardindeleden.png'><img loading=\"lazy\" decoding=\"async\" width=\"215\" height=\"215\" src=\"https:\/\/www.ess-rv.de\/wp-content\/uploads\/2023\/12\/jardindeleden-215x215.png\" class=\"attachment-thumbnail size-thumbnail\" alt=\"\" srcset=\"https:\/\/www.ess-rv.de\/wp-content\/uploads\/2023\/12\/jardindeleden-215x215.png 215w, https:\/\/www.ess-rv.de\/wp-content\/uploads\/2023\/12\/jardindeleden-300x300.png 300w, https:\/\/www.ess-rv.de\/wp-content\/uploads\/2023\/12\/jardindeleden.png 455w\" sizes=\"auto, (max-width: 215px) 100vw, 215px\" \/><\/a>\n\t\t\t<\/div><\/figure><figure class='gallery-item'>\n\t\t\t<div class='gallery-icon landscape'>\n\t\t\t\t<a href='https:\/\/www.ess-rv.de\/wp-content\/uploads\/2023\/12\/kinderregenwald.png'><img loading=\"lazy\" decoding=\"async\" width=\"215\" height=\"215\" src=\"https:\/\/www.ess-rv.de\/wp-content\/uploads\/2023\/12\/kinderregenwald-215x215.png\" class=\"attachment-thumbnail size-thumbnail\" alt=\"\" \/><\/a>\n\t\t\t<\/div><\/figure>\n\t\t<\/div>\n<br \/>\nDie Edith-Stein-Schule unterst\u00fctzt z. B. durch die Einnahmen am Eine-Welt-Tag vier weltweite Projekte:<\/p>\n<div class=\"tabelle\">\n<div class=\"tkopf\">\n<div class=\"zeile\">\n<div class=\"zelle\">Projekt<\/div>\n<div class=\"zelle\">Land<\/div>\n<div class=\"zelle\">Beschreibung<\/div>\n<\/div>\n<\/div>\n<div class=\"tinhalt\">\n<div class=\"zeile\">\n<div class=\"zelle\">Kinderregenwald<\/div>\n<div class=\"zelle\">Costa Rica<br \/>(Mittelamerika)<\/div>\n<div class=\"zelle\">Unterst\u00fctzung von Schutz- und Aufforstungprojekten im Regenwald der Kinder (BEN) in Costa Rica.<\/p>\n<p><a href=\"http:\/\/www.kinderregenwald.de\/projekte\/ewige-wald-der-kinder\/\" target=\"_blank\" rel=\"noopener noreferrer\">Mehr Infos<\/a><\/div>\n<\/div>\n<div class=\"zeile\">\n<div class=\"zelle\">Weltklasse<\/div>\n<div class=\"zelle\">Bangladesh<br \/>(Asien)<\/div>\n<div class=\"zelle\">Unterst\u00fctzung einer Schule f\u00fcr 30 Sch\u00fcler*innen im Distrikt Gaibandha. Die Schule liegt auf einer Schwemmlandinsel. Kinder, die dort leben, haben normalerweise nicht die M\u00f6glichkeit zum Schulbesuch.<\/p>\n<p><a href=\"https:\/\/bangladesch.org\/bangladesch-portal\" target=\"_blank\" rel=\"noopener noreferrer\">Mehr Infos<\/a><\/div>\n<\/div>\n<div class=\"zeile\">\n<div class=\"zelle\">Steps for children<\/div>\n<div class=\"zelle\">Namibia\/Simbabwe<br \/>(Afrika)<\/div>\n<div class=\"zelle\">Unterst\u00fctzung von Bildungsprojekten in den beiden afrikanischen L\u00e4ndern, die Kinder und Jugendliche f\u00fcr die Schul- und Berufsausbildung unterst\u00fctzen.<\/p>\n<p><a href=\"https:\/\/www.stepsforchildren.de\/informieren\/projekte\/\" target=\"_blank\" rel=\"noopener noreferrer\">Mehr Infos<\/a><\/div>\n<\/div>\n<div class=\"zeile\">\n<div class=\"zelle\">Jardin del Eden<\/div>\n<div class=\"zelle\">Ecuador<br \/>(S\u00fcdamerika)<\/div>\n<div class=\"zelle\">Unterst\u00fctzung von Waisen- und Bildungsprojekten, die Kindern und Jugendlichen den Schulbesuch und eine Ausbildung erm\u00f6glichen.<\/p>\n<p><a href=\"http:\/\/www.jardin-del-eden.org\/index.php?rubrik=Kinderheim%20Panzaleo&amp;topic=69\" target=\"_blank\" rel=\"noopener noreferrer\">Mehr Infos<\/a><\/div>\n<\/div>\n<\/div>\n<\/div>\n","protected":false},"excerpt":{"rendered":"<p>Die Edith-Stein-Schule unterst\u00fctzt z. B. durch die Einnahmen am Eine-Welt-Tag vier weltweite Projekte: Projekt Land Beschreibung Kinderregenwald Costa Rica(Mittelamerika) Unterst\u00fctzung von Schutz- und Aufforstungprojekten im Regenwald der Kinder (BEN) in Costa Rica. Mehr Infos Weltklasse Bangladesh(Asien) Unterst\u00fctzung einer Schule f\u00fcr 30 Sch\u00fcler*innen im Distrikt Gaibandha. Die Schule liegt auf einer Schwemmlandinsel. Kinder, die dort leben, &hellip; <a href=\"https:\/\/www.ess-rv.de\/?page_id=4589\" class=\"more-link\"><span class=\"screen-reader-text\">Unterst\u00fctzte Projekte<\/span> weiterlesen <span class=\"meta-nav\">&rarr;<\/span><\/a><\/p>\n","protected":false},"author":3,"featured_media":0,"parent":333,"menu_order":315,"comment_status":"closed","ping_status":"closed","template":"","meta":{"footnotes":"","_links_to":"","_links_to_target":""},"class_list":["post-4589","page","type-page","status-publish","hentry"],"_links":{"self":[{"href":"https:\/\/www.ess-rv.de\/index.php?rest_route=\/wp\/v2\/pages\/4589","targetHints":{"allow":["GET"]}}],"collection":[{"href":"https:\/\/www.ess-rv.de\/index.php?rest_route=\/wp\/v2\/pages"}],"about":[{"href":"https:\/\/www.ess-rv.de\/index.php?rest_route=\/wp\/v2\/types\/page"}],"author":[{"embeddable":true,"href":"https:\/\/www.ess-rv.de\/index.php?rest_route=\/wp\/v2\/users\/3"}],"replies":[{"embeddable":true,"href":"https:\/\/www.ess-rv.de\/index.php?rest_route=%2Fwp%2Fv2%2Fcomments&post=4589"}],"version-history":[{"count":11,"href":"https:\/\/www.ess-rv.de\/index.php?rest_route=\/wp\/v2\/pages\/4589\/revisions"}],"predecessor-version":[{"id":8487,"href":"https:\/\/www.ess-rv.de\/index.php?rest_route=\/wp\/v2\/pages\/4589\/revisions\/8487"}],"up":[{"embeddable":true,"href":"https:\/\/www.ess-rv.de\/index.php?rest_route=\/wp\/v2\/pages\/333"}],"wp:attachment":[{"href":"https:\/\/www.ess-rv.de\/index.php?rest_route=%2Fwp%2Fv2%2Fmedia&parent=4589"}],"curies":[{"name":"wp","href":"https:\/\/api.w.org\/{rel}","templated":true}]}}