{"id":4605,"date":"2017-10-27T21:21:48","date_gmt":"2017-10-27T19:21:48","guid":{"rendered":"http:\/\/www.ess-rv.de\/?page_id=4605"},"modified":"2021-01-09T12:24:21","modified_gmt":"2021-01-09T11:24:21","slug":"aktuelle-beitraege-aus-den-beruflichen-gymnasien","status":"publish","type":"page","link":"https:\/\/www.ess-rv.de\/?page_id=4605","title":{"rendered":"Aktuelle Beitr\u00e4ge aus den Beruflichen Gymnasien"},"content":{"rendered":"<!-- NOTE: If you need to make changes to this file, copy it to your current theme's main\n\tdirectory so your changes won't be overwritten when the plugin is upgraded. -->\n<!-- Start of Post Wrap -->\n<div class=\"post hentry ivycat-post\">\n\t<!-- This is the output of the post TITLE -->\n\t<h2 class=\"entry-title\"><a href=\"https:\/\/www.ess-rv.de\/?p=10110\">1. Platz f\u00fcr unser Sportkletter-Team<\/a><\/h2>\n\n\t<!-- This is the output of the EXCERPT -->\n\t<div class=\"entry-summary\">\n\t\t<p>Tolle Stimmung und ein super Ergebnis! Bereits zum dritten Mal waren wir bei Jugend trainiert f\u00fcr Olympia in der Kategorie Sportklettern dabei. Dieses Mal konnten wir uns sogar den ersten Platz im Finale des Regierungsbezirks sichern und qualifizierten uns somit f\u00fcr das Landesfinale am 19. Juni in Stuttgart. Wir freuen uns schon drauf!<\/p>\n\t<\/div>\n\n\t<!-- This is the output of the META information -->\n\t<div class=\"entry-utility\">\t<\/div>\n<\/div>\n<!-- \/\/ End of Post Wrap -->\n<!-- NOTE: If you need to make changes to this file, copy it to your current theme's main\n\tdirectory so your changes won't be overwritten when the plugin is upgraded. -->\n<!-- Start of Post Wrap -->\n<div class=\"post hentry ivycat-post\">\n\t<!-- This is the output of the post TITLE -->\n\t<h2 class=\"entry-title\"><a href=\"https:\/\/www.ess-rv.de\/?p=10101\">Weltpoesietag &#8211; Sch\u00fclerinnen schenken Gedichte<\/a><\/h2>\n\n\t<!-- This is the output of the EXCERPT -->\n\t<div class=\"entry-summary\">\n\t\t<p>Anl\u00e4sslich des Welttags der Poesie (21. M\u00e4rz) hat die Edith-Stein-Schule an der Kampagne \u201eGift a Poem \u2013 Schenke ein Gedicht\u201c teilgenommen. Im Rahmen des Lyrikunterrichts \u00fcberlegten die Sch\u00fclerinnen, wem sie mit einem Gedicht eine Freude machen k\u00f6nnten. Passend zu der jeweiligen Person suchten sie Werke in deutscher oder englischer Sprache aus, schrieben diese von Hand &hellip; <a href=\"https:\/\/www.ess-rv.de\/?p=10101\" class=\"more-link\"><span class=\"screen-reader-text\">Weltpoesietag &#8211; Sch\u00fclerinnen schenken Gedichte<\/span> weiterlesen <span class=\"meta-nav\">&rarr;<\/span><\/a><\/p>\n\t<\/div>\n\n\t<!-- This is the output of the META information -->\n\t<div class=\"entry-utility\">\t<\/div>\n<\/div>\n<!-- \/\/ End of Post Wrap -->\n<!-- NOTE: If you need to make changes to this file, copy it to your current theme's main\n\tdirectory so your changes won't be overwritten when the plugin is upgraded. -->\n<!-- Start of Post Wrap -->\n<div class=\"post hentry ivycat-post\">\n\t<!-- This is the output of the post TITLE -->\n\t<h2 class=\"entry-title\"><a href=\"https:\/\/www.ess-rv.de\/?p=10089\">Spanien, Sonne und unvergessliche Tage<\/a><\/h2>\n\n\t<!-- This is the output of the EXCERPT -->\n\t<div class=\"entry-summary\">\n\t\t<p>Unsere Reise nach M\u00e1laga startete fr\u00fch morgens in Memmingen und im Nachhinein kann man sagen, es war mehr als nur ein Ausflug \u2013 als wir angekommen waren, wurden wir herzlich in Gastfamilien in El Palo und Pedregalejo aufgenommen und konnten den spanischen Alltag hautnah erleben. Zwischen gemeinsamen Mahlzeiten, neuen Eindr\u00fccken und viel Lachen haben wir &hellip; <a href=\"https:\/\/www.ess-rv.de\/?p=10089\" class=\"more-link\"><span class=\"screen-reader-text\">Spanien, Sonne und unvergessliche Tage<\/span> weiterlesen <span class=\"meta-nav\">&rarr;<\/span><\/a><\/p>\n\t<\/div>\n\n\t<!-- This is the output of the META information -->\n\t<div class=\"entry-utility\">\t<\/div>\n<\/div>\n<!-- \/\/ End of Post Wrap -->\n<!-- NOTE: If you need to make changes to this file, copy it to your current theme's main\n\tdirectory so your changes won't be overwritten when the plugin is upgraded. -->\n<!-- Start of Post Wrap -->\n<div class=\"post hentry ivycat-post\">\n\t<!-- This is the output of the post TITLE -->\n\t<h2 class=\"entry-title\"><a href=\"https:\/\/www.ess-rv.de\/?p=10080\">Jugend-Forscherteam im Bundesfinale von \u201eJugend forscht\u201c<\/a><\/h2>\n\n\t<!-- This is the output of the EXCERPT -->\n\t<div class=\"entry-summary\">\n\t\t<p>Die Erfolgsstr\u00e4hne rei\u00dft nicht ab: Marah Stehle und Dennis Schneider aus dem Biotechnologischen Gymnasium haben sich beim Landeswettbewerb \u201eJugend forscht\u201c in Aalen mit ihrem Projekt \u201eTorf ade &#8211; Damit auch Pflanzen ein gutes Gewissen haben\u201c f\u00fcr das Bundesfinale qualifiziert. Damit ist ihr Projekt eines von insgesamt 11 Projekten, die aus Baden-W\u00fcrttemberg den Weg nach Herzogenaurach &hellip; <a href=\"https:\/\/www.ess-rv.de\/?p=10080\" class=\"more-link\"><span class=\"screen-reader-text\">Jugend-Forscherteam im Bundesfinale von \u201eJugend forscht\u201c<\/span> weiterlesen <span class=\"meta-nav\">&rarr;<\/span><\/a><\/p>\n\t<\/div>\n\n\t<!-- This is the output of the META information -->\n\t<div class=\"entry-utility\">\t<\/div>\n<\/div>\n<!-- \/\/ End of Post Wrap -->\n<!-- NOTE: If you need to make changes to this file, copy it to your current theme's main\n\tdirectory so your changes won't be overwritten when the plugin is upgraded. -->\n<!-- Start of Post Wrap -->\n<div class=\"post hentry ivycat-post\">\n\t<!-- This is the output of the post TITLE -->\n\t<h2 class=\"entry-title\"><a href=\"https:\/\/www.ess-rv.de\/?p=10061\">2. Platz im Landesfinale f\u00fcr Badminton<\/a><\/h2>\n\n\t<!-- This is the output of the EXCERPT -->\n\t<div class=\"entry-summary\">\n\t\t<p>Bei Jugend trainiert f\u00fcr Olympia ist in der Kategorie U20 M\u00e4dchen den Sch\u00fclerinnen der Edith-Stein-Schule ein fantastisches Ergebnis gelungen: Sie haben den 2. Platz im Badminton erreicht. Im Landesfinale, an dem jeweils die Siegerinnen der vier Regierungspr\u00e4sidien teilnehmen, waren die Sch\u00fclerinnen des beruflichen Gymnasiums Madalena Basalone, Olivia Jaehn, Antonia M\u00fctz und Alina Nold mit gro\u00dfem &hellip; <a href=\"https:\/\/www.ess-rv.de\/?p=10061\" class=\"more-link\"><span class=\"screen-reader-text\">2. Platz im Landesfinale f\u00fcr Badminton<\/span> weiterlesen <span class=\"meta-nav\">&rarr;<\/span><\/a><\/p>\n\t<\/div>\n\n\t<!-- This is the output of the META information -->\n\t<div class=\"entry-utility\">\t<\/div>\n<\/div>\n<!-- \/\/ End of Post Wrap -->\n\n","protected":false},"excerpt":{"rendered":"","protected":false},"author":3,"featured_media":0,"parent":9,"menu_order":2107,"comment_status":"closed","ping_status":"closed","template":"","meta":{"footnotes":"","_links_to":"","_links_to_target":""},"class_list":["post-4605","page","type-page","status-publish","hentry"],"_links":{"self":[{"href":"https:\/\/www.ess-rv.de\/index.php?rest_route=\/wp\/v2\/pages\/4605","targetHints":{"allow":["GET"]}}],"collection":[{"href":"https:\/\/www.ess-rv.de\/index.php?rest_route=\/wp\/v2\/pages"}],"about":[{"href":"https:\/\/www.ess-rv.de\/index.php?rest_route=\/wp\/v2\/types\/page"}],"author":[{"embeddable":true,"href":"https:\/\/www.ess-rv.de\/index.php?rest_route=\/wp\/v2\/users\/3"}],"replies":[{"embeddable":true,"href":"https:\/\/www.ess-rv.de\/index.php?rest_route=%2Fwp%2Fv2%2Fcomments&post=4605"}],"version-history":[{"count":1,"href":"https:\/\/www.ess-rv.de\/index.php?rest_route=\/wp\/v2\/pages\/4605\/revisions"}],"predecessor-version":[{"id":4606,"href":"https:\/\/www.ess-rv.de\/index.php?rest_route=\/wp\/v2\/pages\/4605\/revisions\/4606"}],"up":[{"embeddable":true,"href":"https:\/\/www.ess-rv.de\/index.php?rest_route=\/wp\/v2\/pages\/9"}],"wp:attachment":[{"href":"https:\/\/www.ess-rv.de\/index.php?rest_route=%2Fwp%2Fv2%2Fmedia&parent=4605"}],"curies":[{"name":"wp","href":"https:\/\/api.w.org\/{rel}","templated":true}]}}