{"id":4612,"date":"2017-10-27T21:38:49","date_gmt":"2017-10-27T19:38:49","guid":{"rendered":"http:\/\/www.ess-rv.de\/?page_id=4612"},"modified":"2021-01-09T12:24:33","modified_gmt":"2021-01-09T11:24:33","slug":"anmeldung-berufliche-gymnasien","status":"publish","type":"page","link":"https:\/\/www.ess-rv.de\/?page_id=4612","title":{"rendered":"Anmeldung Berufliche Gymnasien"},"content":{"rendered":"<p>Die Anmeldung auf unsere Beruflichen Gymnasien erfolgt in diesem Jahr \u00fcber <a href=\"https:\/\/bewo.kultus-bw.de\/BewO\" target=\"_blank\" rel=\"noopener noreferrer\">BewO-online <\/a>(<a href=\"https:\/\/bewo.kultus-bw.de\/BewO\" target=\"_blank\" rel=\"noopener noreferrer\">https:\/\/bewo.kultus-bw.de\/BewO<\/a>)<\/p>\n<div data-post-id=\"4607\" class=\"insert-page insert-page-4607 \"><ul>\n<li><a title=\"Biotechnologisches Gymnasium (Standort Ravensburg)\" href=\"http:\/\/www.ess-rv.de\/?page_id=74\">Biotechnologische Richtung (BTG)<\/a><\/li>\n<li><a title=\"Ern\u00e4hrungswissenschaftliches Gymnasium (Standort Ravensburg)\" href=\"http:\/\/www.ess-rv.de\/?page_id=12\">Ern\u00e4hrungswissenschaftliche Richtung (EG)<\/a><\/li>\n<li><a title=\"Sozialwissenschaftliches Gymnasium, Profil Gesundheit \" href=\"http:\/\/www.ess-rv.de\/?page_id=76\">Sozial- und gesundheitswissenschaftliche Richtung,<br \/>\nSchwerpunkt\u00a0Gesundheit (SGGG) <\/a><\/li>\n<li><a title=\"Sozialwissenschaftliches Gymnasium, Profil\u00a0Soziales\" href=\"http:\/\/www.ess-rv.de\/?page_id=80\">Sozial- und gesundheitswissenschaftliche Richtung,<br \/>\nSchwerpunkt\u00a0Soziales (SGGS)<\/a><\/li>\n<\/ul>\n<\/div>\n<h2>Bewerbungsablauf<\/h2>\n<div data-post-id=\"4614\" class=\"insert-page insert-page-4614 \"><ol>\n<li>Registrieren Sie sich ab dem <strong>28. Januar<\/strong> bis zum 1. M\u00e4rz auf der <a href=\"https:\/\/bewo.kultus-bw.de\/BewO\" target=\"_blank\" rel=\"noopener noreferrer\">BewO-Internetseite<\/a> (<a href=\"https:\/\/bewo.kultus-bw.de\/BewO\" target=\"_blank\" rel=\"noopener noreferrer\">https:\/\/bewo.kultus-bw.de\/BewO<\/a>)<br \/>\nNach der Dateneingabe k\u00f6nnen Sie online die von Ihnen gew\u00fcnschten Bewerbungsziele (Schulen und Bildungsg\u00e4nge) ausw\u00e4hlen. \u00dcberlegen Sie sich auf jeden Fall mindestens ein bis zwei Alternativen zu Ihrem Erstwunsch.<\/li>\n<li>Ihre Bewerbungsziele ordnen Sie nach Priorit\u00e4t, d.h. der Bildungsgang, den Sie am liebsten besuchen w\u00fcrden, kommt an die erste Stelle.<\/li>\n<li>Drucken Sie den ausgef\u00fcllten Aufnahmeantrag aus und unterschreiben Sie ihn (Unterschrift der Erziehungsberechtigten nicht vergessen, sofern Sie unter 18 Jahre alt sind!)<\/li>\n<li>Geben Sie den Aufnahmeantrag bis sp\u00e4testens <strong>1. M\u00e4rz<\/strong> an der Schule Ihrer ersten Priorit\u00e4t ab. Zus\u00e4tzlich zum Antrag m\u00fcssen folgende Unterlagen abgegeben werden\n<ul>\n<li>beglaubigten Abschrift des Zeugnisses, das die Voraussetzungen f\u00fcr die Aufnahme nachweist<\/li>\n<li>Lebenslauf in tabellarischer Form mit Angaben \u00fcber den bisherigen Bildungsweg<\/li>\n<li>Erkl\u00e4rung, ob und gegebenenfalls an welchem anderen Gymnasium \/ Berufskolleg bereits an einem Aufnahmeverfahren teilgenommen wurde.<\/li>\n<\/ul>\n<\/li>\n<\/ol>\n<p>Eine ausf\u00fchrliche Anleitung und weitere Informationen finden Sie im Downloadbereich von <a href=\"https:\/\/bewo.kultus-bw.de\/BewO\" target=\"_blank\" rel=\"noopener noreferrer\">BewO online<\/a> (<a href=\"https:\/\/bewo.kultus-bw.de\/BewO\" target=\"_blank\" rel=\"noopener noreferrer\">https:\/\/bewo.kultus-bw.de\/BewO<\/a>)<\/p>\n<p><!--<a href=\"https:\/\/www.ess-rv.de\/download\/anmeldung\/bewo_2024_termine.pdf\" target=\"_blank\" rel=\"noopener\" download>Flyer zu BewO<\/a> mit zeitlichem Ablauf und beteiligten Schulen in Baden-W\u00fcrttemberg\n\n<a href=\"https:\/\/www.ess-rv.de\/download\/anmeldung\/bewo_2024_informationsblatt.pdf\" target=\"_blank\" rel=\"noopener\" download>Informationen f\u00fcr Bewerberinnen und Bewerber<\/a> des Kultusministeriums Baden-W\u00fcrttemberg--><\/p>\n<\/div>\n","protected":false},"excerpt":{"rendered":"<p>Die Anmeldung auf unsere Beruflichen Gymnasien erfolgt in diesem Jahr \u00fcber BewO-online (https:\/\/bewo.kultus-bw.de\/BewO) Bewerbungsablauf<\/p>\n","protected":false},"author":3,"featured_media":0,"parent":9,"menu_order":2170,"comment_status":"closed","ping_status":"closed","template":"","meta":{"footnotes":"","_links_to":"","_links_to_target":""},"class_list":["post-4612","page","type-page","status-publish","hentry"],"_links":{"self":[{"href":"https:\/\/www.ess-rv.de\/index.php?rest_route=\/wp\/v2\/pages\/4612","targetHints":{"allow":["GET"]}}],"collection":[{"href":"https:\/\/www.ess-rv.de\/index.php?rest_route=\/wp\/v2\/pages"}],"about":[{"href":"https:\/\/www.ess-rv.de\/index.php?rest_route=\/wp\/v2\/types\/page"}],"author":[{"embeddable":true,"href":"https:\/\/www.ess-rv.de\/index.php?rest_route=\/wp\/v2\/users\/3"}],"replies":[{"embeddable":true,"href":"https:\/\/www.ess-rv.de\/index.php?rest_route=%2Fwp%2Fv2%2Fcomments&post=4612"}],"version-history":[{"count":6,"href":"https:\/\/www.ess-rv.de\/index.php?rest_route=\/wp\/v2\/pages\/4612\/revisions"}],"predecessor-version":[{"id":6003,"href":"https:\/\/www.ess-rv.de\/index.php?rest_route=\/wp\/v2\/pages\/4612\/revisions\/6003"}],"up":[{"embeddable":true,"href":"https:\/\/www.ess-rv.de\/index.php?rest_route=\/wp\/v2\/pages\/9"}],"wp:attachment":[{"href":"https:\/\/www.ess-rv.de\/index.php?rest_route=%2Fwp%2Fv2%2Fmedia&parent=4612"}],"curies":[{"name":"wp","href":"https:\/\/api.w.org\/{rel}","templated":true}]}}