{"id":4699,"date":"2017-10-31T11:57:52","date_gmt":"2017-10-31T10:57:52","guid":{"rendered":"http:\/\/www.ess-rv.de\/?page_id=4699"},"modified":"2024-12-13T11:58:35","modified_gmt":"2024-12-13T10:58:35","slug":"anmeldung-berufsfachschulen","status":"publish","type":"page","link":"https:\/\/www.ess-rv.de\/?page_id=4699","title":{"rendered":"Anmeldung Berufsfachschulen"},"content":{"rendered":"<p>Es m\u00fcssen folgende Anmeldeunterlagen eingereicht werden: <\/p>\n<ul>\n<li>vollst\u00e4ndig ausgef\u00fclltes Anmeldeformular<\/li>\n<li>tabellarischer Lebenslauf mit Lichtbild<\/li>\n<li>beglaubigte Kopie des letzten Zeugnisses<\/li>\n<li>Direkteinstieg: Nachweis \u00fcber eine abgeschlossene Berufsausbildung oder Studienabschluss<\/li>\n<\/ul>\n<p>Anmeldeschluss ist jeweils der<strong> 1. M\u00e4rz<\/strong> f\u00fcr das folgende Schuljahr. Versp\u00e4tet eingereichte Anmeldungen k\u00f6nnen nur dann ber\u00fccksichtigt werden, wenn nach dem regul\u00e4ren Verfahren noch Pl\u00e4tze zur Verf\u00fcgung stehen.<\/p>\n<div class=\"highlight\"><a href=\"http:\/\/ess-rv.de\/download\/anmeldung_bfsa.pdf\" download target=\"_blank\" rel=\"noopener\">Anmeldeformular f\u00fcr die Berufsfachschule &#8222;Sozialp\u00e4dagogische Assistenz&#8220; und Schulfremdempr\u00fcfung<\/a><br \/><a href=\"http:\/\/ess-rv.de\/download\/anmeldung_av-vabo.pdf\" download target=\"_blank\" rel=\"noopener\">Anmeldeformular f\u00fcr AVdual und VABO<\/a><\/div>\n<p>Das ausgef\u00fcllte Formular k\u00f6nnen Sie uns als E-Mail-Anhang, per Fax oder per Post senden.<\/p>\n<p>Beachten Sie die Voraussetzungen der einzelnen Schularten:<\/p>\n<div data-post-id=\"4692\" class=\"insert-page insert-page-4692 \"><h3>Alle Berufsfachschulen und Berufsvorbereitenden Schulen befinden sich am Standort Ravensburg<\/h3>\n<ul>\n<li><a href=\"http:\/\/www.ess-rv.de\/?page_id=6506\">Ausbildungvorbereitung dual\u00a0(AVdual)<\/a><\/li>\n<li><a title=\"Berufsfachschule \u2013 Hauswirtschaft und Ern\u00e4hrung\" href=\"http:\/\/www.ess-rv.de\/?page_id=104\">Berufsfachschule Bereich Ern\u00e4hrung und Gesundheit,<br \/>\nProfil Hauswirtschaft und Ern\u00e4hrung (2BFH)<\/a><\/li>\n<li><a title=\"Berufsfachschule Profil Gesundheit und Pflege\" href=\"http:\/\/www.ess-rv.de\/?page_id=142\">Berufsfachschule Bereich Ern\u00e4hrung und Gesundheit,<br \/>\nProfil Gesundheit und Pflege (2BFP)<\/a><\/li>\n<li><a title=\"Berufsfachschule f\u00fcr sozialp\u00e4dagogische Assistenz\" href=\"http:\/\/www.ess-rv.de\/?page_id=148\">Berufsfachschule f\u00fcr sozialp\u00e4dagogische Assistenz<\/a><\/li>\n<li><a href=\"https:\/\/www.ess-rv.de\/?page_id=117\" title=\"VABO\">Vorqualifizierung Arbeit\/Beruf zum Erwerb von Deutschkenntnissen (VABO)<\/a><\/li>\n<\/ul>\n<\/div>\n","protected":false},"excerpt":{"rendered":"<p>Es m\u00fcssen folgende Anmeldeunterlagen eingereicht werden: vollst\u00e4ndig ausgef\u00fclltes Anmeldeformular tabellarischer Lebenslauf mit Lichtbild beglaubigte Kopie des letzten Zeugnisses Direkteinstieg: Nachweis \u00fcber eine abgeschlossene Berufsausbildung oder Studienabschluss Anmeldeschluss ist jeweils der 1. M\u00e4rz f\u00fcr das folgende Schuljahr. Versp\u00e4tet eingereichte Anmeldungen k\u00f6nnen nur dann ber\u00fccksichtigt werden, wenn nach dem regul\u00e4ren Verfahren noch Pl\u00e4tze zur Verf\u00fcgung stehen. Anmeldeformular &hellip; <a href=\"https:\/\/www.ess-rv.de\/?page_id=4699\" class=\"more-link\"><span class=\"screen-reader-text\">Anmeldung Berufsfachschulen<\/span> weiterlesen <span class=\"meta-nav\">&rarr;<\/span><\/a><\/p>\n","protected":false},"author":3,"featured_media":0,"parent":45,"menu_order":249,"comment_status":"closed","ping_status":"closed","template":"","meta":{"footnotes":"","_links_to":"","_links_to_target":""},"class_list":["post-4699","page","type-page","status-publish","hentry"],"_links":{"self":[{"href":"https:\/\/www.ess-rv.de\/index.php?rest_route=\/wp\/v2\/pages\/4699","targetHints":{"allow":["GET"]}}],"collection":[{"href":"https:\/\/www.ess-rv.de\/index.php?rest_route=\/wp\/v2\/pages"}],"about":[{"href":"https:\/\/www.ess-rv.de\/index.php?rest_route=\/wp\/v2\/types\/page"}],"author":[{"embeddable":true,"href":"https:\/\/www.ess-rv.de\/index.php?rest_route=\/wp\/v2\/users\/3"}],"replies":[{"embeddable":true,"href":"https:\/\/www.ess-rv.de\/index.php?rest_route=%2Fwp%2Fv2%2Fcomments&post=4699"}],"version-history":[{"count":26,"href":"https:\/\/www.ess-rv.de\/index.php?rest_route=\/wp\/v2\/pages\/4699\/revisions"}],"predecessor-version":[{"id":9065,"href":"https:\/\/www.ess-rv.de\/index.php?rest_route=\/wp\/v2\/pages\/4699\/revisions\/9065"}],"up":[{"embeddable":true,"href":"https:\/\/www.ess-rv.de\/index.php?rest_route=\/wp\/v2\/pages\/45"}],"wp:attachment":[{"href":"https:\/\/www.ess-rv.de\/index.php?rest_route=%2Fwp%2Fv2%2Fmedia&parent=4699"}],"curies":[{"name":"wp","href":"https:\/\/api.w.org\/{rel}","templated":true}]}}