{"id":473,"date":"2015-02-18T15:50:38","date_gmt":"2015-02-18T13:50:38","guid":{"rendered":"http:\/\/www.ess-rv.de\/?page_id=473"},"modified":"2019-11-19T12:03:06","modified_gmt":"2019-11-19T11:03:06","slug":"berufliches-gymnasium","status":"publish","type":"page","link":"https:\/\/www.ess-rv.de\/?page_id=473","title":{"rendered":"Sozialwissenschaftliches Gymnasium"},"content":{"rendered":"<p><span style=\"padding: 15px 25px; border-left: 12px solid #fd2; background-color: #fe4; display: block\">Hinweis: Ab dem Schuljahr 2020\/2021 werden alle neuen Klassen des <a href=\"http:\/\/www.ess-rv.de\/?page_id=9\">Beruflichen Gymnasiums<\/a> am Standort Ravensburg gef\u00fchrt. <\/span><\/p>\n<h2>\n\u00dcbersicht \u00fcber die Beruflichen Gymnasien<br \/>\n<\/h2>\n<div data-post-id=\"4607\" class=\"insert-page insert-page-4607 \"><ul>\n<li><a title=\"Biotechnologisches Gymnasium (Standort Ravensburg)\" href=\"http:\/\/www.ess-rv.de\/?page_id=74\">Biotechnologische Richtung (BTG)<\/a><\/li>\n<li><a title=\"Ern\u00e4hrungswissenschaftliches Gymnasium (Standort Ravensburg)\" href=\"http:\/\/www.ess-rv.de\/?page_id=12\">Ern\u00e4hrungswissenschaftliche Richtung (EG)<\/a><\/li>\n<li><a title=\"Sozialwissenschaftliches Gymnasium, Profil Gesundheit \" href=\"http:\/\/www.ess-rv.de\/?page_id=76\">Sozial- und gesundheitswissenschaftliche Richtung,<br \/>\nSchwerpunkt\u00a0Gesundheit (SGGG) <\/a><\/li>\n<li><a title=\"Sozialwissenschaftliches Gymnasium, Profil\u00a0Soziales\" href=\"http:\/\/www.ess-rv.de\/?page_id=80\">Sozial- und gesundheitswissenschaftliche Richtung,<br \/>\nSchwerpunkt\u00a0Soziales (SGGS)<\/a><\/li>\n<\/ul>\n<\/div>\n","protected":false},"excerpt":{"rendered":"<p>Hinweis: Ab dem Schuljahr 2020\/2021 werden alle neuen Klassen des Beruflichen Gymnasiums am Standort Ravensburg gef\u00fchrt. \u00dcbersicht \u00fcber die Beruflichen Gymnasien<\/p>\n","protected":false},"author":3,"featured_media":0,"parent":337,"menu_order":410,"comment_status":"closed","ping_status":"closed","template":"","meta":{"footnotes":"","_links_to":"","_links_to_target":""},"class_list":["post-473","page","type-page","status-publish","hentry"],"_links":{"self":[{"href":"https:\/\/www.ess-rv.de\/index.php?rest_route=\/wp\/v2\/pages\/473","targetHints":{"allow":["GET"]}}],"collection":[{"href":"https:\/\/www.ess-rv.de\/index.php?rest_route=\/wp\/v2\/pages"}],"about":[{"href":"https:\/\/www.ess-rv.de\/index.php?rest_route=\/wp\/v2\/types\/page"}],"author":[{"embeddable":true,"href":"https:\/\/www.ess-rv.de\/index.php?rest_route=\/wp\/v2\/users\/3"}],"replies":[{"embeddable":true,"href":"https:\/\/www.ess-rv.de\/index.php?rest_route=%2Fwp%2Fv2%2Fcomments&post=473"}],"version-history":[{"count":13,"href":"https:\/\/www.ess-rv.de\/index.php?rest_route=\/wp\/v2\/pages\/473\/revisions"}],"predecessor-version":[{"id":5972,"href":"https:\/\/www.ess-rv.de\/index.php?rest_route=\/wp\/v2\/pages\/473\/revisions\/5972"}],"up":[{"embeddable":true,"href":"https:\/\/www.ess-rv.de\/index.php?rest_route=\/wp\/v2\/pages\/337"}],"wp:attachment":[{"href":"https:\/\/www.ess-rv.de\/index.php?rest_route=%2Fwp%2Fv2%2Fmedia&parent=473"}],"curies":[{"name":"wp","href":"https:\/\/api.w.org\/{rel}","templated":true}]}}