{"id":587,"date":"2015-02-20T15:55:39","date_gmt":"2015-02-20T13:55:39","guid":{"rendered":"http:\/\/www.ess-rv.de\/?page_id=587"},"modified":"2025-07-16T09:06:09","modified_gmt":"2025-07-16T07:06:09","slug":"kontakt","status":"publish","type":"page","link":"https:\/\/www.ess-rv.de\/?page_id=587","title":{"rendered":"Kontakt"},"content":{"rendered":"<p>Edith-Stein-Schule Ravensburg &amp; Aulendorf<\/p>\n<p>Sankt-Martinus-Stra\u00dfe 77<br \/>\n88212 Ravensburg<\/p>\n<p><a href=\"tel:+49751368201\">0751 368-201<\/a><br \/>\n<a href=\"mailto:sekretariat-rv@ess-rv.de\">sekretariat-rv@ess-rv.de<\/a><\/p>\n<p>Aufgrund von hohem Spam-Aufkommen und um Ihre Privatsph\u00e4re auf unserer Webpr\u00e4senz zu sch\u00fctzen, k\u00f6nnen wir leider kein Kontaktformular anbieten. Bitte schreiben Sie uns eine E-Mail.<\/p>\n","protected":false},"excerpt":{"rendered":"<p>Edith-Stein-Schule Ravensburg &amp; Aulendorf Sankt-Martinus-Stra\u00dfe 77 88212 Ravensburg 0751 368-201 sekretariat-rv@ess-rv.de Aufgrund von hohem Spam-Aufkommen und um Ihre Privatsph\u00e4re auf unserer Webpr\u00e4senz zu sch\u00fctzen, k\u00f6nnen wir leider kein Kontaktformular anbieten. Bitte schreiben Sie uns eine E-Mail.<\/p>\n","protected":false},"author":3,"featured_media":0,"parent":21,"menu_order":111,"comment_status":"closed","ping_status":"closed","template":"","meta":{"footnotes":"","_links_to":"","_links_to_target":""},"class_list":["post-587","page","type-page","status-publish","hentry"],"_links":{"self":[{"href":"https:\/\/www.ess-rv.de\/index.php?rest_route=\/wp\/v2\/pages\/587","targetHints":{"allow":["GET"]}}],"collection":[{"href":"https:\/\/www.ess-rv.de\/index.php?rest_route=\/wp\/v2\/pages"}],"about":[{"href":"https:\/\/www.ess-rv.de\/index.php?rest_route=\/wp\/v2\/types\/page"}],"author":[{"embeddable":true,"href":"https:\/\/www.ess-rv.de\/index.php?rest_route=\/wp\/v2\/users\/3"}],"replies":[{"embeddable":true,"href":"https:\/\/www.ess-rv.de\/index.php?rest_route=%2Fwp%2Fv2%2Fcomments&post=587"}],"version-history":[{"count":14,"href":"https:\/\/www.ess-rv.de\/index.php?rest_route=\/wp\/v2\/pages\/587\/revisions"}],"predecessor-version":[{"id":9585,"href":"https:\/\/www.ess-rv.de\/index.php?rest_route=\/wp\/v2\/pages\/587\/revisions\/9585"}],"up":[{"embeddable":true,"href":"https:\/\/www.ess-rv.de\/index.php?rest_route=\/wp\/v2\/pages\/21"}],"wp:attachment":[{"href":"https:\/\/www.ess-rv.de\/index.php?rest_route=%2Fwp%2Fv2%2Fmedia&parent=587"}],"curies":[{"name":"wp","href":"https:\/\/api.w.org\/{rel}","templated":true}]}}