{"id":6243,"date":"2020-04-06T15:47:22","date_gmt":"2020-04-06T13:47:22","guid":{"rendered":"http:\/\/www.ess-rv.de\/?page_id=6243"},"modified":"2025-03-04T12:25:04","modified_gmt":"2025-03-04T11:25:04","slug":"information-zur-wahl-einer-zweiten-fremdsprache","status":"publish","type":"page","link":"https:\/\/www.ess-rv.de\/?page_id=6243","title":{"rendered":"Information zur Wahl einer zweiten Fremdsprache"},"content":{"rendered":"<h2 id=\"2fs\">Informationen zur Wahl einer zweiten Fremdsprache<\/h2>\n<p>Erste Fremdsprache ist Englisch (<a href=\"https:\/\/youtu.be\/p4hyFuCrZG0\" target=\"_blank\" rel=\"noopener\">Infos auf Youtube<\/a>, <a href=\"http:\/\/www.ess-rv.de\/wp-content\/uploads\/2021\/01\/bgym_englisch.pdf\">Download Informationen<\/a>). In der Eingangsklasse ist Englisch f\u00fcr alle Sch\u00fclerinnen und Sch\u00fcler verpflichtend.<\/p>\n<p>Zum Erwerb der allgemeinen Hochschulreife ist eine zweite Fremdsprache zu erf\u00fcllen.<\/p>\n<p>Je nach Erlernen\/Belegen einer zweiten Fremdsprache an Ihrer bisherigen Schule haben Sie verschiedene Wahlm\u00f6glichkeiten (siehe Diagramm unten).<\/p>\n<p>Wir unterschieden generell in Sprachen <strong>Niveau F<\/strong>, dies sind fortgef\u00fchrten Sprachen, hier wird an der Edith-Stein-Schule Franz\u00f6sisch angeboten, und Sprachen <strong>Niveau N<\/strong>, das sind neu beginnende Sprachen, hier k\u00f6nnen Sie zwischen Franz\u00f6sisch, Italienisch, Russisch und Spanisch w\u00e4hlen.<\/p>\n<table>\n<tbody>\n<tr>\n<td style=\"text-align: center; width: 25%;\"><a class=\"external-link\" href=\"https:\/\/youtu.be\/3ePoTiRCSLc\" target=\"_blank\" rel=\"noopener\"><img loading=\"lazy\" decoding=\"async\" class=\"alignnone wp-image-7075 size-full\" src=\"http:\/\/www.ess-rv.de\/wp-content\/uploads\/2021\/01\/vorschau_youtube.png\" alt=\"\" width=\"215\" height=\"215\" \/><\/a><\/td>\n<td style=\"text-align: center; width: 25%;\"><a class=\"external-link\" href=\"https:\/\/youtu.be\/96JizN9pWWo\" target=\"_blank\" rel=\"noopener\"><img loading=\"lazy\" decoding=\"async\" class=\"alignnone wp-image-7075 size-full\" src=\"http:\/\/www.ess-rv.de\/wp-content\/uploads\/2021\/01\/vorschau_youtube.png\" alt=\"\" width=\"215\" height=\"215\" \/><\/a><\/td>\n<td style=\"text-align: center; width: 25%;\"><a class=\"external-link\" href=\"https:\/\/youtu.be\/EdXmOpPF6ok\" target=\"_blank\" rel=\"noopener\"><img loading=\"lazy\" decoding=\"async\" class=\"alignnone wp-image-7075 size-full\" src=\"http:\/\/www.ess-rv.de\/wp-content\/uploads\/2021\/01\/vorschau_youtube.png\" alt=\"\" width=\"215\" height=\"215\" \/><\/a><\/td>\n<td style=\"text-align: center; width: 25%;\"><a class=\"external-link\" href=\"http:\/\/www.ess-rv.de\/wp-content\/uploads\/2021\/01\/bgym_russisch.pdf\"><img loading=\"lazy\" decoding=\"async\" class=\"alignnone wp-image-7047 size-thumbnail\" src=\"http:\/\/www.ess-rv.de\/wp-content\/uploads\/2021\/01\/Vorlage-Praesentation-Berufliches-Gymnsasium-215x215.jpg\" alt=\"\" width=\"215\" height=\"215\" \/><\/a><\/td>\n<\/tr>\n<tr>\n<td style=\"text-align: center;\"><a class=\"external-link\" href=\"https:\/\/youtu.be\/3ePoTiRCSLc\" target=\"_blank\" rel=\"noopener\">Franz\u00f6sisch<\/a><\/td>\n<td style=\"text-align: center;\"><a class=\"external-link\" href=\"https:\/\/youtu.be\/96JizN9pWWo\" target=\"_blank\" rel=\"noopener\">Spanisch<\/a><\/td>\n<td style=\"text-align: center;\"><a class=\"external-link\" href=\"https:\/\/youtu.be\/EdXmOpPF6ok\" target=\"_blank\" rel=\"noopener\">Italienisch<\/a><\/td>\n<td style=\"text-align: center;\">Russisch<\/td>\n<\/tr>\n<tr>\n<td style=\"text-align: center;\"><a href=\"http:\/\/www.ess-rv.de\/wp-content\/uploads\/2021\/01\/bgym_franzoesisch.pdf\">Download Info<\/a><\/td>\n<td style=\"text-align: center;\"><a href=\"http:\/\/www.ess-rv.de\/wp-content\/uploads\/2021\/01\/bgym_spanisch.pdf\">Download Info<\/a><\/td>\n<td style=\"text-align: center;\">&nbsp;<\/td>\n<td style=\"text-align: center;\"><a href=\"http:\/\/www.ess-rv.de\/wp-content\/uploads\/2021\/01\/bgym_russisch.pdf\">Download Info<\/a><\/td>\n<\/tr>\n<\/tbody>\n<\/table>\n<p>Sie k\u00f6nnen nur <span style=\"text-decoration: underline;\">eine<\/span> zweite Fremdsprache belegen.<\/p>\n<p>Welche Sprache f\u00fcr Sie geeignet ist, h\u00e4ngt von Ihren Interessen (Reisen, Freunde oder Familie, berufliche Interessen oder Nutzen) und Ihren Vorlieben (Klang oder Schrift einer Sprache) ab. Und nat\u00fcrlich auch vom Angebot an der Schule, deshalb geben Sie hier bitte zu Ihrem Erstwunsch auch eine Alternative an (Priorit\u00e4t 1 und Priorit\u00e4t 2).<\/p>\n<p><a href=\"http:\/\/www.ess-rv.de\/wp-content\/uploads\/2021\/01\/2fs-wahl-2021.png\"><img decoding=\"async\" class=\"no-border alignnone size-full wp-image-6930\" src=\"http:\/\/www.ess-rv.de\/wp-content\/uploads\/2021\/01\/2fs-wahl-2021.png\" alt=\"\" width=\"662\" srcset=\"https:\/\/www.ess-rv.de\/wp-content\/uploads\/2021\/01\/2fs-wahl-2021.png 1273w, https:\/\/www.ess-rv.de\/wp-content\/uploads\/2021\/01\/2fs-wahl-2021-300x300.png 300w, https:\/\/www.ess-rv.de\/wp-content\/uploads\/2021\/01\/2fs-wahl-2021-1024x1021.png 1024w, https:\/\/www.ess-rv.de\/wp-content\/uploads\/2021\/01\/2fs-wahl-2021-215x215.png 215w, https:\/\/www.ess-rv.de\/wp-content\/uploads\/2021\/01\/2fs-wahl-2021-768x766.png 768w\" sizes=\"(max-width: 1273px) 100vw, 1273px\" \/><\/a><br \/>\n<a href=\"http:\/\/www.ess-rv.de\/wp-content\/uploads\/2021\/01\/Schema-Fremsprachenwahl-2021.pdf\">Download Schema zur Fremdsprachenwahl<\/a><\/p>\n","protected":false},"excerpt":{"rendered":"<p>Informationen zur Wahl einer zweiten Fremdsprache Erste Fremdsprache ist Englisch (Infos auf Youtube, Download Informationen). In der Eingangsklasse ist Englisch f\u00fcr alle Sch\u00fclerinnen und Sch\u00fcler verpflichtend. Zum Erwerb der allgemeinen Hochschulreife ist eine zweite Fremdsprache zu erf\u00fcllen. Je nach Erlernen\/Belegen einer zweiten Fremdsprache an Ihrer bisherigen Schule haben Sie verschiedene Wahlm\u00f6glichkeiten (siehe Diagramm unten). Wir &hellip; <a href=\"https:\/\/www.ess-rv.de\/?page_id=6243\" class=\"more-link\"><span class=\"screen-reader-text\">Information zur Wahl einer zweiten Fremdsprache<\/span> weiterlesen <span class=\"meta-nav\">&rarr;<\/span><\/a><\/p>\n","protected":false},"author":3,"featured_media":0,"parent":6222,"menu_order":2182,"comment_status":"closed","ping_status":"closed","template":"","meta":{"footnotes":"","_links_to":"","_links_to_target":""},"class_list":["post-6243","page","type-page","status-publish","hentry"],"_links":{"self":[{"href":"https:\/\/www.ess-rv.de\/index.php?rest_route=\/wp\/v2\/pages\/6243","targetHints":{"allow":["GET"]}}],"collection":[{"href":"https:\/\/www.ess-rv.de\/index.php?rest_route=\/wp\/v2\/pages"}],"about":[{"href":"https:\/\/www.ess-rv.de\/index.php?rest_route=\/wp\/v2\/types\/page"}],"author":[{"embeddable":true,"href":"https:\/\/www.ess-rv.de\/index.php?rest_route=\/wp\/v2\/users\/3"}],"replies":[{"embeddable":true,"href":"https:\/\/www.ess-rv.de\/index.php?rest_route=%2Fwp%2Fv2%2Fcomments&post=6243"}],"version-history":[{"count":25,"href":"https:\/\/www.ess-rv.de\/index.php?rest_route=\/wp\/v2\/pages\/6243\/revisions"}],"predecessor-version":[{"id":9349,"href":"https:\/\/www.ess-rv.de\/index.php?rest_route=\/wp\/v2\/pages\/6243\/revisions\/9349"}],"up":[{"embeddable":true,"href":"https:\/\/www.ess-rv.de\/index.php?rest_route=\/wp\/v2\/pages\/6222"}],"wp:attachment":[{"href":"https:\/\/www.ess-rv.de\/index.php?rest_route=%2Fwp%2Fv2%2Fmedia&parent=6243"}],"curies":[{"name":"wp","href":"https:\/\/api.w.org\/{rel}","templated":true}]}}