{"id":6268,"date":"2020-04-07T11:54:07","date_gmt":"2020-04-07T09:54:07","guid":{"rendered":"http:\/\/www.ess-rv.de\/?page_id=6268"},"modified":"2021-01-06T12:24:31","modified_gmt":"2021-01-06T11:24:31","slug":"aktuelle-informationen-zur-schulschliessung","status":"publish","type":"page","link":"https:\/\/www.ess-rv.de\/?page_id=6268","title":{"rendered":"Aktuelle Informationen 2020"},"content":{"rendered":"<p><a href=\"#wiederaufnahme\">Wiederaufnahme des Unterrichts<\/a><br \/>\n<a href=\"#pruefungen\">Informationen zu den (Abschluss-)Pr\u00fcfungen<\/a><br \/>\n<a href=\"#schliessung\">Informationen zur Schulschlie\u00dfung<\/a><\/p>\n<hr id=\"wiederaufnahme\" \/>\n<h2>\nWiederaufnahme des Unterrichts<br \/>\n<\/h2>\n<p><span style=\"color: #f00;\">AKTUALISIERUNG 22.06.2020<\/span> Anpassung Unterrichtszeiten MFA und ZFA <a href=\"http:\/\/www.ess-rv.de\/wp-content\/uploads\/2020\/06\/Unterrichtszeiten-MF-ZF-f\u00fcr-Homepage-1.pdf\">Download<\/a> (Die Anpassung betrifft ausschlie\u00dflich die Berufsschule f\u00fcr medizinische- und zahnmedizinische Fachangestellte)<\/p>\n<p><span style=\"color: #f00;\">AKTUALISIERUNG 29.05.2020<\/span> <a href=\"http:\/\/www.ess-rv.de\/wp-content\/uploads\/2020\/05\/2020-05-27-CoronaVo-Schule-vom-27.-Mai-1.pdf\">Wiederaufnahme Schule (CoronaVO Schule vom 27. Mai)<\/a><\/p>\n<p><span style=\"color: #f00;\">Stand 19.05.2020<\/span> Mit dem Schreiben unserer Ministerin vom 18.05. zur Organisation des Unterrichts nach den Pfingstferien haben wir die Vorgaben f\u00fcr die Unterrichtsorganisation erhalten. Die wesentlichen Inhalte in aller K\u00fcrze zusammengefasst:<\/p>\n<ul>\n<li>Nach der Pfingstpause m\u00fcssen wir alle Sch\u00fcler*innen, die bis dahin noch nicht in die Schule gekommen sind, wieder in einen <strong>regelm\u00e4\u00dfigen Pr\u00e4senzunterricht<\/strong> holen.<\/li>\n<li>Der Ministerin ist dabei wichtig, dass in einer <strong>Mischung von Pr\u00e4senzunterricht und angeleiteten Selbstlernphasen<\/strong> alle wesentlichen, f\u00fcr die Erreichung des Bildungsziels des jeweiligen Bildungsgangs erforderlichen Inhalte und Kompetenzen bestm\u00f6glich vermittelt und gelernt werden.<\/li>\n<li>Dabei haben die Schulen ausdr\u00fccklich <strong>Freir\u00e4ume<\/strong> f\u00fcr schulindividuelle L\u00f6sungen.<\/li>\n<li>Das Ziel ist, allen Sch\u00fcler*innen ein <strong>Maximum an Pr\u00e4senzunterricht<\/strong> anzubieten. Dies soll in regelm\u00e4\u00dfigen Rhythmen, beispielsweise rollierend im wochenweisen Wechsel, erfolgen.<\/li>\n<li>F\u00fcr Sch\u00fcler*innen aus Bildungsg\u00e4ngen mit hohen sozialen und beruflichen Integrationsanforderungen ist eine <strong>hohe Kontinuit\u00e4t<\/strong> des Schulbesuchs zentral f\u00fcr den Bildungserfolg.<\/li>\n<li>Die diesj\u00e4hrigen Vor-Abschlussklassen sollten bis zur Sommerpause ein <strong>bestm\u00f6gliches Pr\u00e4senzangebot<\/strong> erhalten. Wenn m\u00f6glich, sollten zus\u00e4tzlich <strong>freiwillige individuelle F\u00f6rder- und Unterst\u00fctzungsangebote<\/strong> organisiert werden.<\/li>\n<li>Bei Sch\u00fcler*innen mit <strong>relevanten Vorerkrankungen<\/strong> entscheiden die Erziehungsberechtigten bzw. sie selbst \u00fcber die Teilnahme am Pr\u00e4senzunterricht.<\/li>\n<li>Alle Lehrkr\u00e4fte werden entweder im Pr\u00e4senz- und\/oder im Fernlernunterricht eingesetzt.<\/li>\n<li>Lehrkr\u00e4fte der Risikogruppe A k\u00f6nnen freiwillig an der Schule pr\u00e4sent sein, um organisatorische Aufgaben wahrzunehmen oder an m\u00fcndlichen Pr\u00fcfungen mitzuwirken.<\/li>\n<li>Teilabgeordnete Lehrkr\u00e4fte erteilen Pr\u00e4senzunterricht in der Regel nur an einer Schule.<\/li>\n<li>In den Pr\u00fcfungsklassen sind bis zum Schuljahresende schriftliche Arbeiten allenfalls insoweit vorzusehen, wie sie p\u00e4dagogisch noch sinnvoll sind.<\/li>\n<li>Wenn die derzeit erfolgenden R\u00fccknahmen von Beschr\u00e4nkungen einen kontrollierbaren Verlauf der Pandemie erlauben, kann die nach den Pfingstferien entstehende Unterrichtsorganisation der Ausgangspunkt f\u00fcr die nach der Sommerpause erforderlichen Planungen sein.<\/li>\n<\/ul>\n<p>Das Schulleitungsteam wird sich nun unter der Beteiligung des Personalrats in den n\u00e4chsten Tagen (neben der Organisation der Abschlusspr\u00fcfungen) an die Arbeit machen, diese Rahmenbedingungen der Ministerin f\u00fcr unsere Schule individuell umzusetzen, und Sie baldm\u00f6glichst \u00fcber die weiteren Ma\u00dfnahmen informieren.<\/p>\n<p><a href=\"http:\/\/www.ess-rv.de\/wp-content\/uploads\/2020\/05\/2020-05-18-Schreiben-von-Kultusministerin-Eisenmann-an-die-beruflichen-Schulen.pdf\">Schreiben von Kultusministerin Eisenmann an die beruflichen Schulen<\/a> vom 18.05.2020<\/p>\n<hr id=\"pruefungen\" \/>\n<h2>Verschiebung von (Abschluss-)Pr\u00fcfungen<\/h2>\n<p><!--<span style=\"color: #f00\">AKTUALISIERUNG 07.04.2020<\/span>--><br \/>\n<span style=\"color: #f00;\">AKTUALISIERUNG 07.05.2020<\/span> Pr\u00fcfungszeitr\u00e4ume f\u00fcr die Berufsschule<\/p>\n<ul>\n<li><a href=\"http:\/\/www.ess-rv.de\/wp-content\/uploads\/2020\/05\/Pr\u00fcfungszeiten-MFA-2020.pdf\">Pr\u00fcfungszeiten MFA 2020<\/a><\/li>\n<li><a href=\"http:\/\/www.ess-rv.de\/wp-content\/uploads\/2020\/05\/Pr\u00fcfungszeiten-PKA-2020.pdf\">Pr\u00fcfungszeiten PKA 2020<\/a><\/li>\n<li><a href=\"http:\/\/www.ess-rv.de\/wp-content\/uploads\/2020\/05\/Pr\u00fcfungszeiten-TFA-2020.pdf\">Pr\u00fcfungszeiten TFA 2020<\/a><\/li>\n<li><a href=\"http:\/\/www.ess-rv.de\/wp-content\/uploads\/2020\/05\/Pr\u00fcfungszeiten-ZFA-2020.pdf\">Pr\u00fcfungszeiten ZFA 2020<\/a><\/li>\n<li><a href=\"http:\/\/www.ess-rv.de\/wp-content\/uploads\/2020\/05\/Pr\u00fcfungszeiten-GK-2020.pdf\">Pr\u00fcfungszeiten GK 2020<\/a><\/li>\n<\/ul>\n<p><span style=\"color: #f00;\">AKTUALISIERUNG 30.03.2020<\/span> Das Kultusministerium (KM) hat am 27.03.2020 die ersten Termine f\u00fcr einzelne Pr\u00fcfungen nach der Schulschlie\u00dfung ver\u00f6ffentlicht. Beschlossen wurden u. a.:<\/p>\n<ul>\n<li>Neue Pr\u00fcfungs- und zus\u00e4tzliche Nachtermine<\/li>\n<li>Vereinfachungen bei den Pr\u00fcfungs- und Korrekturverfahren<\/li>\n<li>Vereinfachungen bei der Anzahl der schriftlichen Arbeiten und den gleichwertigen Feststellungen von Leistungen.<\/li>\n<\/ul>\n<p>Einzelheiten finden Sie auf der <a href=\"https:\/\/km-bw.de\/,Lde\/Startseite\/Service\/2020+03+27+Termine+zentrale+Abschlusspruefungen+2020\" target=\"_blank\" rel=\"noopener noreferrer\">Homepage des Kultusministeriums<\/a>.<\/p>\n<p>In den n\u00e4chsten Tagen werden die Sch\u00fcler*innen der Edith-Stein-Schule (Vollzeitklassen und Berufsschule) von den zust\u00e4ndigen Abteilungsleiter*innen weitere schulartspezifische Informationen erhalten. Wir werden als Schule alle m\u00f6glichen Anstrengungen unternehmen, dass alle unsere Sch\u00fcler*innen trotz dieser angespannten Rahmenbedingungen den angestrebten Abschluss erlangen.<\/p>\n<p><span style=\"color: #f00;\">AKTUALISIERUNG 23.03.2020<\/span> F\u00fcr alle Schularten (Berufsschule und Vollzeitklassen) an der Edith-Stein-Schule gilt, dass der Beginn aller zentralen Pr\u00fcfungen auf die Zeit ab dem 18. Mai 2020 verlegt wird. Die Bewerbungsfristen f\u00fcr zulassungsbeschr\u00e4nkte Studieng\u00e4nge und den Zugang zur beruflichen Ausbildung werden an den neuen Zeitplan angepasst. <del datetime=\"2020-04-07T10:28:40+00:00\">Sobald uns die neuen Termine vorliegen, werden wir dar\u00fcber informieren.<\/del><\/p>\n<p>Damit unseren Sch\u00fcler*innen keine Nachteile durch die Schulschlie\u00dfung erleiden, haben alle unsere Lehrkr\u00e4fte zahlreiche digitale Lernangebote eingestellt, z. B. auf unserer Homepage \u00fcber Moodle. Alle Sch\u00fcler*innen sind dringend aufgefordert, den Lerntipps ihrer Lehrkr\u00e4fte zu folgen und die verbindlichen Lernangebote und Hausaufgaben wahrzunehmen. Bitte nutzen Sie unbedingt die unterrichtsfreie Zeit f\u00fcr die n\u00f6tigen Vorbereitungen auf nach den Osterferien anstehende Klassenarbeiten und Pr\u00fcfungen.<\/p>\n<p><span style=\"color: #f00;\">Stand 19.03.2020<\/span> <del datetime=\"2020-04-07T10:28:40+00:00\">In der Tagespresse wird die Verschiebung von (Abschluss-)Pr\u00fcfungen angek\u00fcndigt. Sobald uns dazu verbindliche Vorgaben vorliegen, werden wir unsere Sch\u00fcler*innen umgehend informieren. Die bisher ge\u00e4nderten Pr\u00fcfungstermine f\u00fcr das Abitur 2020 wurden den betroffenen Sch\u00fcler*innen gestern bereits von der zust\u00e4ndigen Abteilungsleiterin mitgeteilt.<\/del><\/p>\n<p>Die IHK hat uns heute mitgeteilt, dass die IHK-Pr\u00fcfungen in Aus- und Weiterbildung vom 16. M\u00e4rz bis 24. April 2020 abgesagt wurden. Ausbildungsberufe der Edith-Stein-Schule sind davon bisher nicht betroffen.<\/p>\n<hr id=\"schliessung\" \/>\n<h2>Schulschlie\u00dfung <del datetime=\"2020-04-16T18:40:58+00:00\">bis 19.04.2020<\/del><\/h2>\n<p><span style=\"color: #f00;\">AKTUALISIERUNG 28.04.2020<\/span> <a href=\"http:\/\/www.ess-rv.de\/wp-content\/uploads\/2020\/04\/2020_04_28_Corona_Ministerin_Schreiben_an_Eltern-1.pdf\">Schreiben der Kultursministerin Dr. Susanne Eisenmann an die Eltern<\/a> vom 28.04.2020.<\/p>\n<p><span style=\"color: #f00;\">AKTUALISIERUNG 24.04.2020<\/span> <a href=\"http:\/\/www.ess-rv.de\/wp-content\/uploads\/2020\/04\/Unterrichtsorganisation_20200504.pdf\">Download Unterrichtsorganisation<\/a> an der Edith-Stein-Schule ab dem 4. Mai.<\/p>\n<p><span style=\"color: #f00;\">AKTUALISIERUNG 16.04.2020<\/span> Die Landesregierung hat gestern nach der Videokonferenz mit der Bundeskanzlerin und den Ministerpr\u00e4sident*innen der L\u00e4nder beschlossen, den <strong>Schulbetrieb erst ab dem 4. Mai schrittweise<\/strong> wieder aufzunehmen. <del datetime=\"2020-05-19T09:48:02+00:00\">Damit bleibt unsere Schule auch ab Montag, den 20. April zun\u00e4chst weiter geschlossen.<\/del> Sobald uns weitere Einzelheiten vorliegen, werden wir Sie dar\u00fcber informieren. Das Schulleitungsteam und das Sekretariat stehen Ihnen wie bisher zu den \u00fcblichen Gesch\u00e4ftszeiten telefonisch und per eMail zur Verf\u00fcgung. Unsere Lehrkr\u00e4fte betreuen auch weiterhin auf den bisher genutzten Wegen ihre Sch\u00fcler*innen und bereiten diese auf die Wiederaufnahme des Unterrichts und anstehende Pr\u00fcfungen vor.<\/p>\n<p><span style=\"color: #f00;\">AKTUALISIERUNG 06.04.2020<\/span> <a href=\"https:\/\/km-bw.de\/,Lde\/Startseite\/Service\/2020+04+06+Dank+von+Kultusministerin+Dr_+Susanne+Eisenmann\/?LISTPAGE=131491\" target=\"_blank\" rel=\"noopener noreferrer\">In einem Videobeitrag<\/a> w\u00fcnscht die Kultusministerin Dr. Susanne Eisenmann frohe und gesunde Osterferien.<\/p>\n<p><a href=\"http:\/\/www.ess-rv.de\/wp-content\/uploads\/2020\/04\/2020-04-06-Schreiben-Ministerin-Auftakt-Osterferien.pdf\">Download Schreiben der Ministerin<\/a><\/p>\n<p><del datetime=\"2020-05-19T09:49:31+00:00\"><span style=\"color: #f00;\">AKTUALISIERUNG 18.03.2020<\/span> Die Schulgeb\u00e4ude der Edith-Stein-Schule in Ravensburg und Aulendorf bleiben ab sofort, angelehnt an die Ma\u00dfnahmen des Landkreises, f\u00fcr den Besucherverkehr geschlossen. F\u00fcr Anliegen in dringenden F\u00e4llen sind wir f\u00fcr Besucher telefonisch \u00fcber die Sekretariate weiterhin erreichbar.<\/del><\/p>\n<p><span style=\"color: #f00;\">Stand 16.03.2020<\/span> Die Landesregierung Baden-W\u00fcrttemberg hat am 16. M\u00e4rz eine Verordnung \u00fcber infektionssch\u00fctzende Ma\u00dfnahmen gegen die Ausbreitung des Virus SARS-Cov-2 erlassen. Daher hat die Edith-Stein-Schule Ravensburg &amp; Aulendorf am Montag, den 16. M\u00e4rz den Vormittag dazu genutzt, alle Lehrkr\u00e4fte und Sch\u00fcler*innen \u00fcber die Schulschlie\u00dfung ab Dienstag, den 17. M\u00e4rz <del datetime=\"2020-04-16T18:40:58+00:00\">bis einschlie\u00dflich Sonntag, den 19. April<\/del> zu informieren und, soweit dies m\u00f6glich war, mit Aufgaben und Lernmaterialien zu versorgen. <!--more-->Dieser Ablauf diente dazu, einen m\u00f6glichst geordneten \u00dcbergang in die unterrichtsfreie Zeit sicherzustellen und zu gew\u00e4hrleisten, dass durch die Schulschlie\u00dfung den Sch\u00fcler*innen der Abschluss- und Pr\u00fcfungsklassen keine Nachteile entstehen. <del datetime=\"2020-03-23T10:50:35+00:00\">Nach heutigem Stand finden alle ab dem 21. April terminierten Pr\u00fcfungen statt.<\/del> <span style=\"color: #f44;\">Bitte beachten Sie aktuellere Informationen.<\/span><\/p>\n<p>Neben dem Unterrichtsbetrieb und der Durchf\u00fchrung au\u00dferunterrichtlicher und anderer schulischer Veranstaltungen ist auch die Nutzung der schulischen Geb\u00e4ude und angrenzender Sportst\u00e4tten f\u00fcr nichtschulische Zwecke, wie z. B. Nachhilfe- und Laborkurse, Sportangebote usw., ab sofort untersagt. Ebenso finden in der Zeit der Schulschlie\u00dfung keine Sch\u00fcler- bzw. Betriebspraktika statt. \u00dcber die Bereitstellung von Zeitfenstern f\u00fcr Lernaufgaben von Berufssch\u00fcler*innen entscheidet der jeweilige Ausbildungsbetrieb.<\/p>\n<p>Unsere Sch\u00fcler*innen sind aufgefordert, in der Zeit der Schulschlie\u00dfung nicht beruflich bedingte Au\u00dfenkontakte zu minimieren und die <strong>bereitgestellten Aufgaben und Lernmaterialien<\/strong> zu bearbeiten. Ansprechpartner f\u00fcr Lernfragen sind die entsprechenden Klassen- und Fachlehrer*innen.<\/p>\n<p>Die Lehrkr\u00e4fte der Edith-Stein-Schule unterst\u00fctzen ihre Sch\u00fcler*innen, insbesondere in den Abschluss- und Pr\u00fcfungsklassen, auch w\u00e4hrend der unterrichtsfreien Zeit durch die Verteilung von Unterrichtsmaterialien und die Beantwortung von Lernfragen. Der Kontakt findet in der Regel \u00fcber E-Mail oder bereits eingef\u00fchrte Kommunikationswege statt. Dar\u00fcber hinaus f\u00fcllen die Lehrkr\u00e4fte der Edith-Stein-Schule in den n\u00e4chsten Tagen ihre digitalen Lernumgebungen, wie z. B. <strong>virtuelle Klassenzimmer<\/strong> \u00fcber <a href=\"https:\/\/moodle.ess-rv.de\/moodle\">Moodle<\/a> und <a href=\"http:\/\/ess-rv.xmood.de\/\">Xschool<\/a>, mit weiteren Lernangeboten.<\/p>\n<p>Die Edith-Stein-Schule aktualisiert laufend ihre Informationen f\u00fcr Sch\u00fcler*innen, Eltern, Lehrkr\u00e4fte und Ausbildungsbetriebe auf ihrer Homepage und ggf. per E-Mail. Das Schulleitungsteam ist zu den \u00fcblichen Unterrichtszeiten im Dienst und steht f\u00fcr Fragen gerne zur Verf\u00fcgung. Die Sekretariate beider Standorte sind zu den Kernzeiten wie gewohnt erreichbar.<\/p>\n<p>Herzlichen Dank f\u00fcr Ihr Verst\u00e4ndnis und f\u00fcr Ihren Beitrag zur Verlangsamung der Virusausbreitung. Bitte beachten Sie auch die aktuellen Hinweise und Informationen des Kultusministeriums zum Coronavirus unter <a href=\"https:\/\/km-bw.de\/,Lde\/Startseite\" target=\"_blank\" rel=\"noopener noreferrer\">www.km-bw.de<\/a>.<\/p>\n","protected":false},"excerpt":{"rendered":"<p>Wiederaufnahme des Unterrichts Informationen zu den (Abschluss-)Pr\u00fcfungen Informationen zur Schulschlie\u00dfung Wiederaufnahme des Unterrichts AKTUALISIERUNG 22.06.2020 Anpassung Unterrichtszeiten MFA und ZFA Download (Die Anpassung betrifft ausschlie\u00dflich die Berufsschule f\u00fcr medizinische- und zahnmedizinische Fachangestellte) AKTUALISIERUNG 29.05.2020 Wiederaufnahme Schule (CoronaVO Schule vom 27. Mai) Stand 19.05.2020 Mit dem Schreiben unserer Ministerin vom 18.05. zur Organisation des Unterrichts nach &hellip; <a href=\"https:\/\/www.ess-rv.de\/?page_id=6268\" class=\"more-link\"><span class=\"screen-reader-text\">Aktuelle Informationen 2020<\/span> weiterlesen <span class=\"meta-nav\">&rarr;<\/span><\/a><\/p>\n","protected":false},"author":3,"featured_media":0,"parent":21,"menu_order":0,"comment_status":"closed","ping_status":"closed","template":"","meta":{"footnotes":"","_links_to":"","_links_to_target":""},"class_list":["post-6268","page","type-page","status-publish","hentry"],"_links":{"self":[{"href":"https:\/\/www.ess-rv.de\/index.php?rest_route=\/wp\/v2\/pages\/6268","targetHints":{"allow":["GET"]}}],"collection":[{"href":"https:\/\/www.ess-rv.de\/index.php?rest_route=\/wp\/v2\/pages"}],"about":[{"href":"https:\/\/www.ess-rv.de\/index.php?rest_route=\/wp\/v2\/types\/page"}],"author":[{"embeddable":true,"href":"https:\/\/www.ess-rv.de\/index.php?rest_route=\/wp\/v2\/users\/3"}],"replies":[{"embeddable":true,"href":"https:\/\/www.ess-rv.de\/index.php?rest_route=%2Fwp%2Fv2%2Fcomments&post=6268"}],"version-history":[{"count":30,"href":"https:\/\/www.ess-rv.de\/index.php?rest_route=\/wp\/v2\/pages\/6268\/revisions"}],"predecessor-version":[{"id":6708,"href":"https:\/\/www.ess-rv.de\/index.php?rest_route=\/wp\/v2\/pages\/6268\/revisions\/6708"}],"up":[{"embeddable":true,"href":"https:\/\/www.ess-rv.de\/index.php?rest_route=\/wp\/v2\/pages\/21"}],"wp:attachment":[{"href":"https:\/\/www.ess-rv.de\/index.php?rest_route=%2Fwp%2Fv2%2Fmedia&parent=6268"}],"curies":[{"name":"wp","href":"https:\/\/api.w.org\/{rel}","templated":true}]}}