{"id":6338,"date":"2020-05-01T11:09:30","date_gmt":"2020-05-01T09:09:30","guid":{"rendered":"http:\/\/www.ess-rv.de\/?page_id=6338"},"modified":"2020-05-04T12:50:43","modified_gmt":"2020-05-04T10:50:43","slug":"neuen-zugang-in-moodle-anlegen","status":"publish","type":"page","link":"https:\/\/www.ess-rv.de\/?page_id=6338","title":{"rendered":"Neuen Zugang in Moodle anlegen"},"content":{"rendered":"<p style=\"text-align: center;\"><a href=\"http:\/\/www.ess-rv.de\/wp-content\/uploads\/2020\/05\/Moodle-login-Neuer-Zugang-2020-04-30.pdf\">Download Anleitung als PDF<\/a><\/p>\n<h2>1. \u00dcber unsere Homepage Moodle aufrufen<\/h2>\n<p>Der <a href=\"https:\/\/moodle.ess-rv.de\/moodle\" target=\"_blank\" rel=\"noopener noreferrer\">Link zum Moodle<\/a> der Edith-Stein-Schule befindet sich ganz oben rechts.<br \/>\n<a href=\"http:\/\/www.ess-rv.de\/wp-content\/uploads\/2020\/05\/neueskontoanlegen.jpg\"><img loading=\"lazy\" decoding=\"async\" class=\"size-medium wp-image-6343 aligncenter\" src=\"http:\/\/www.ess-rv.de\/wp-content\/uploads\/2020\/05\/neueskontoanlegen-300x197.jpg\" alt=\"\" width=\"300\" height=\"197\" srcset=\"https:\/\/www.ess-rv.de\/wp-content\/uploads\/2020\/05\/neueskontoanlegen-300x197.jpg 300w, https:\/\/www.ess-rv.de\/wp-content\/uploads\/2020\/05\/neueskontoanlegen.jpg 551w\" sizes=\"auto, (max-width: 300px) 100vw, 300px\" \/><\/a><br \/>\nUnten den Button <a href=\"https:\/\/moodle.ess-rv.de\/moodle\/login\/signup.php?\" target=\"_blank\" rel=\"noopener noreferrer\"><span style=\"background-color: #e9ecef; padding: 4px; border-radius: 4px; color: #000;\">Neues Konto anlegen?<\/span><\/a> ausw\u00e4hlen<\/p>\n<h2>2. Den Anweisungen folgen<\/h2>\n<p><a href=\"http:\/\/www.ess-rv.de\/wp-content\/uploads\/2020\/05\/anmeldedateneintragen.jpg\"><img loading=\"lazy\" decoding=\"async\" class=\"aligncenter wp-image-6349 size-medium\" src=\"http:\/\/www.ess-rv.de\/wp-content\/uploads\/2020\/05\/anmeldedateneintragen-265x300.jpg\" alt=\"\" width=\"265\" height=\"300\" srcset=\"https:\/\/www.ess-rv.de\/wp-content\/uploads\/2020\/05\/anmeldedateneintragen-265x300.jpg 265w, https:\/\/www.ess-rv.de\/wp-content\/uploads\/2020\/05\/anmeldedateneintragen.jpg 649w\" sizes=\"auto, (max-width: 265px) 100vw, 265px\" \/><\/a><br \/>\nDie geforderten Daten eintragen (E-Mail-Adresse ist erforderlich f\u00fcr das best\u00e4tigen der Registrierung) und mit <span style=\"background-color: #1177d1; padding: 4px; border-radius: 4px; color: #fff;\">Neues Nutzerkonto anlegen<\/span> abschlie\u00dfen.<\/p>\n<h2>3. Nutzkonto best\u00e4tigen<\/h2>\n<p>Moodle sendet automatisch an die in Schritt 2 hinterlegte E-Mail-Adresse eine Best\u00e4tigungs-E-Mail. Dort finden Sie den Link und eine Anleitung zur Best\u00e4tigung. Bitte Link anklicken oder ggf. kopieren und im Browser \u00f6ffnen.<\/p>\n<p>Die E-Mail kommt von User Admin &#8211; nicht erschrecken. Evtl. findet die E-Mail auch im Spam-Ordner.<\/p>\n<h2>4. Im Moodle der ESS registriert<\/h2>\n<p>Wenn der Link best\u00e4tigt wurde, wird man direkt ins Moodle der ESS weitergeleitet und kann sich dann in Kurse einschreiben.<\/p>\n<h2>5. Kurse w\u00e4hlen<\/h2>\n<p>Zu Beginn ist das Moodle noch leer. \u00dcber Lehr-Lern-Moodle kann man Kurse suchen.<\/p>\n<p>Das folgende Fenster \u00f6ffnet sich und man tr\u00e4gt den Einschreibeschl\u00fcssel in das Feld ein, den man vom Lehrer per E-Mail erhalten hat. W\u00e4hlt man zum Abschluss den Button <span style=\"background-color: #1177d1; padding: 4px; border-radius: 4px; color: #fff;\">Einschreiben<\/span>, ist man sofort in dem jeweiligen Kurs drin und kann mit dem Arbeiten anfangen.<\/p>\n<div id='gallery-1' class='gallery galleryid-6338 gallery-columns-4 gallery-size-thumbnail'><figure class='gallery-item'>\n\t\t\t<div class='gallery-icon portrait'>\n\t\t\t\t<a href='https:\/\/www.ess-rv.de\/wp-content\/uploads\/2020\/05\/inkurseintragen.jpg'><img loading=\"lazy\" decoding=\"async\" width=\"215\" height=\"215\" src=\"https:\/\/www.ess-rv.de\/wp-content\/uploads\/2020\/05\/inkurseintragen-215x215.jpg\" class=\"attachment-thumbnail size-thumbnail\" alt=\"\" \/><\/a>\n\t\t\t<\/div><\/figure><figure class='gallery-item'>\n\t\t\t<div class='gallery-icon landscape'>\n\t\t\t\t<a href='https:\/\/www.ess-rv.de\/wp-content\/uploads\/2020\/05\/inkurseintragensuchen.jpg'><img loading=\"lazy\" decoding=\"async\" width=\"215\" height=\"215\" src=\"https:\/\/www.ess-rv.de\/wp-content\/uploads\/2020\/05\/inkurseintragensuchen-215x215.jpg\" class=\"attachment-thumbnail size-thumbnail\" alt=\"\" \/><\/a>\n\t\t\t<\/div><\/figure><figure class='gallery-item'>\n\t\t\t<div class='gallery-icon landscape'>\n\t\t\t\t<a href='https:\/\/www.ess-rv.de\/wp-content\/uploads\/2020\/05\/inkurseintragensuchergebnis.jpg'><img loading=\"lazy\" decoding=\"async\" width=\"215\" height=\"215\" src=\"https:\/\/www.ess-rv.de\/wp-content\/uploads\/2020\/05\/inkurseintragensuchergebnis-215x215.jpg\" class=\"attachment-thumbnail size-thumbnail\" alt=\"\" \/><\/a>\n\t\t\t<\/div><\/figure><figure class='gallery-item'>\n\t\t\t<div class='gallery-icon landscape'>\n\t\t\t\t<a href='https:\/\/www.ess-rv.de\/wp-content\/uploads\/2020\/05\/inkurseintrageneintritt.jpg'><img loading=\"lazy\" decoding=\"async\" width=\"215\" height=\"215\" src=\"https:\/\/www.ess-rv.de\/wp-content\/uploads\/2020\/05\/inkurseintrageneintritt-215x215.jpg\" class=\"attachment-thumbnail size-thumbnail\" alt=\"\" \/><\/a>\n\t\t\t<\/div><\/figure>\n\t\t<\/div>\n\n<p>So kann dann ein Moodle-Kurs aussehen:<br \/>\n<img loading=\"lazy\" decoding=\"async\" class=\"alignnone size-full wp-image-6355\" src=\"http:\/\/www.ess-rv.de\/wp-content\/uploads\/2020\/05\/moodlekursbeispiel.jpg\" alt=\"\" width=\"973\" height=\"577\" srcset=\"https:\/\/www.ess-rv.de\/wp-content\/uploads\/2020\/05\/moodlekursbeispiel.jpg 973w, https:\/\/www.ess-rv.de\/wp-content\/uploads\/2020\/05\/moodlekursbeispiel-300x178.jpg 300w, https:\/\/www.ess-rv.de\/wp-content\/uploads\/2020\/05\/moodlekursbeispiel-768x455.jpg 768w\" sizes=\"auto, (max-width: 973px) 100vw, 973px\" \/><\/p>\n","protected":false},"excerpt":{"rendered":"<p>Download Anleitung als PDF 1. \u00dcber unsere Homepage Moodle aufrufen Der Link zum Moodle der Edith-Stein-Schule befindet sich ganz oben rechts. Unten den Button Neues Konto anlegen? ausw\u00e4hlen 2. Den Anweisungen folgen Die geforderten Daten eintragen (E-Mail-Adresse ist erforderlich f\u00fcr das best\u00e4tigen der Registrierung) und mit Neues Nutzerkonto anlegen abschlie\u00dfen. 3. Nutzkonto best\u00e4tigen Moodle sendet &hellip; <a href=\"https:\/\/www.ess-rv.de\/?page_id=6338\" class=\"more-link\"><span class=\"screen-reader-text\">Neuen Zugang in Moodle anlegen<\/span> weiterlesen <span class=\"meta-nav\">&rarr;<\/span><\/a><\/p>\n","protected":false},"author":3,"featured_media":0,"parent":711,"menu_order":0,"comment_status":"closed","ping_status":"closed","template":"","meta":{"footnotes":"","_links_to":"","_links_to_target":""},"class_list":["post-6338","page","type-page","status-publish","hentry"],"_links":{"self":[{"href":"https:\/\/www.ess-rv.de\/index.php?rest_route=\/wp\/v2\/pages\/6338","targetHints":{"allow":["GET"]}}],"collection":[{"href":"https:\/\/www.ess-rv.de\/index.php?rest_route=\/wp\/v2\/pages"}],"about":[{"href":"https:\/\/www.ess-rv.de\/index.php?rest_route=\/wp\/v2\/types\/page"}],"author":[{"embeddable":true,"href":"https:\/\/www.ess-rv.de\/index.php?rest_route=\/wp\/v2\/users\/3"}],"replies":[{"embeddable":true,"href":"https:\/\/www.ess-rv.de\/index.php?rest_route=%2Fwp%2Fv2%2Fcomments&post=6338"}],"version-history":[{"count":15,"href":"https:\/\/www.ess-rv.de\/index.php?rest_route=\/wp\/v2\/pages\/6338\/revisions"}],"predecessor-version":[{"id":6364,"href":"https:\/\/www.ess-rv.de\/index.php?rest_route=\/wp\/v2\/pages\/6338\/revisions\/6364"}],"up":[{"embeddable":true,"href":"https:\/\/www.ess-rv.de\/index.php?rest_route=\/wp\/v2\/pages\/711"}],"wp:attachment":[{"href":"https:\/\/www.ess-rv.de\/index.php?rest_route=%2Fwp%2Fv2%2Fmedia&parent=6338"}],"curies":[{"name":"wp","href":"https:\/\/api.w.org\/{rel}","templated":true}]}}