{"id":6651,"date":"2020-12-08T11:39:34","date_gmt":"2020-12-08T10:39:34","guid":{"rendered":"http:\/\/www.ess-rv.de\/?page_id=6651"},"modified":"2020-12-08T12:21:37","modified_gmt":"2020-12-08T11:21:37","slug":"nutzung-der-moodle-app","status":"publish","type":"page","link":"https:\/\/www.ess-rv.de\/?page_id=6651","title":{"rendered":"Nutzung der Moodle-App"},"content":{"rendered":"<h2>Installation<\/h2>\n<ol>\n<li>Bitte installieren Sie die passende App auf Ihrem Smartphone oder Tablet:<br \/>\n<table style=\"width: 100%\">\n<tbody>\n<tr>\n<td style=\"width: 50%\">\n<h3>Google Play<\/h3>\n<\/td>\n<td style=\"width: 50%\">\n<h3>App Store<\/h3>\n<\/td>\n<\/tr>\n<tr>\n<td>F\u00fcr Android-Ger\u00e4te (Samsung, Huawei etc.)<\/td>\n<td>F\u00fcr Apple-Ger\u00e4te<\/td>\n<\/tr>\n<tr>\n<td><a href=\"https:\/\/play.google.com\/store\/apps\/details?id=com.moodle.moodlemobile&#038;hl=de&#038;gl=US\" target=\"_blank\" class=\"external-link\" rel=\"noopener noreferrer\"><img decoding=\"async\" class=\"alignnone size-full wp-image-6652 no-border\" src=\"http:\/\/www.ess-rv.de\/wp-content\/uploads\/2020\/12\/Google-store-icon-1-300x89-1.png\" alt=\"\" width=\"200\" \/><\/a><\/td>\n<td><a href=\"https:\/\/apps.apple.com\/de\/app\/moodle\/id633359593\" target=\"_blank\" class=\"external-link\" rel=\"noopener noreferrer\"><img decoding=\"async\" class=\"alignnone size-full wp-image-6653 no-border\" src=\"http:\/\/www.ess-rv.de\/wp-content\/uploads\/2020\/12\/Apple-store-icon-1-300x89-1.png\" alt=\"\" width=\"200\" \/><\/a><\/td>\n<\/tr>\n<\/tbody>\n<\/table>\n<\/li>\n<li>Sie m\u00fcssen die Moodle-URL der Schule eingeben: <a href=\"https:\/\/moodle.ess-rv.de\/moodle\" target=\"_blank\" rel=\"noopener noreferrer\">https:\/\/moodle.ess-rv.de\/moodle<\/a><br \/>\n\tOder Sie scannen diesen QR-Code:<br \/><a href=\"http:\/\/www.ess-rv.de\/wp-content\/uploads\/2020\/12\/qrcodemoodle.png\"><img loading=\"lazy\" decoding=\"async\" class=\"aligncenter size-thumbnail wp-image-6660 no-border\" src=\"http:\/\/www.ess-rv.de\/wp-content\/uploads\/2020\/12\/qrcodemoodle-215x215.png\" alt=\"\" width=\"215\" height=\"215\" srcset=\"https:\/\/www.ess-rv.de\/wp-content\/uploads\/2020\/12\/qrcodemoodle-215x215.png 215w, https:\/\/www.ess-rv.de\/wp-content\/uploads\/2020\/12\/qrcodemoodle-300x300.png 300w, https:\/\/www.ess-rv.de\/wp-content\/uploads\/2020\/12\/qrcodemoodle.png 400w\" sizes=\"auto, (max-width: 215px) 100vw, 215px\" \/><\/a>\n<\/li>\n<li>Dann loggen Sie sich mit Ihren Zugangsdaten ein. Haben Sie keine Zugangsdaten? Dann folgen Sie <a href=\"http:\/\/www.ess-rv.de\/?page_id=6338\">dieser Anleitung<\/a><\/li>\n<\/ol>\n<h2>\nNutzung<br \/>\n<\/h2>\n<p>Mit der Moodle-App k\u00f6nnen Sie auf die meisten Tools zugreifen bzw. Dokumente downloaden. Manche Tools \u00f6ffnen sich ggf. im Browser. F\u00fcr das \u00d6ffnen der Dokumente m\u00fcssen Sie ggf. weitere Apps laden z. B. PDF-Reader, Word-App, Excel-App etc.<\/p>\n<p>Achten Sie bei BigBlueButton darauf, dass es sich im Browser Chrome \u00f6ffnet. Sollte dies nicht der Fall sein, dann melden Sie sich bitte direkt mit Chrome im Moodle an.<\/p>\n","protected":false},"excerpt":{"rendered":"<p>Installation Bitte installieren Sie die passende App auf Ihrem Smartphone oder Tablet: Google Play App Store F\u00fcr Android-Ger\u00e4te (Samsung, Huawei etc.) F\u00fcr Apple-Ger\u00e4te Sie m\u00fcssen die Moodle-URL der Schule eingeben: https:\/\/moodle.ess-rv.de\/moodle Oder Sie scannen diesen QR-Code: Dann loggen Sie sich mit Ihren Zugangsdaten ein. Haben Sie keine Zugangsdaten? Dann folgen Sie dieser Anleitung Nutzung Mit &hellip; <a href=\"https:\/\/www.ess-rv.de\/?page_id=6651\" class=\"more-link\"><span class=\"screen-reader-text\">Nutzung der Moodle-App<\/span> weiterlesen <span class=\"meta-nav\">&rarr;<\/span><\/a><\/p>\n","protected":false},"author":3,"featured_media":0,"parent":711,"menu_order":0,"comment_status":"closed","ping_status":"closed","template":"","meta":{"footnotes":"","_links_to":"","_links_to_target":""},"class_list":["post-6651","page","type-page","status-publish","hentry"],"_links":{"self":[{"href":"https:\/\/www.ess-rv.de\/index.php?rest_route=\/wp\/v2\/pages\/6651","targetHints":{"allow":["GET"]}}],"collection":[{"href":"https:\/\/www.ess-rv.de\/index.php?rest_route=\/wp\/v2\/pages"}],"about":[{"href":"https:\/\/www.ess-rv.de\/index.php?rest_route=\/wp\/v2\/types\/page"}],"author":[{"embeddable":true,"href":"https:\/\/www.ess-rv.de\/index.php?rest_route=\/wp\/v2\/users\/3"}],"replies":[{"embeddable":true,"href":"https:\/\/www.ess-rv.de\/index.php?rest_route=%2Fwp%2Fv2%2Fcomments&post=6651"}],"version-history":[{"count":10,"href":"https:\/\/www.ess-rv.de\/index.php?rest_route=\/wp\/v2\/pages\/6651\/revisions"}],"predecessor-version":[{"id":6664,"href":"https:\/\/www.ess-rv.de\/index.php?rest_route=\/wp\/v2\/pages\/6651\/revisions\/6664"}],"up":[{"embeddable":true,"href":"https:\/\/www.ess-rv.de\/index.php?rest_route=\/wp\/v2\/pages\/711"}],"wp:attachment":[{"href":"https:\/\/www.ess-rv.de\/index.php?rest_route=%2Fwp%2Fv2%2Fmedia&parent=6651"}],"curies":[{"name":"wp","href":"https:\/\/api.w.org\/{rel}","templated":true}]}}