{"id":6734,"date":"2021-01-09T12:08:12","date_gmt":"2021-01-09T11:08:12","guid":{"rendered":"http:\/\/www.ess-rv.de\/?page_id=6734"},"modified":"2021-01-21T21:17:44","modified_gmt":"2021-01-21T20:17:44","slug":"ernaehrungswissenschaftliches-gymnasium-2","status":"publish","type":"page","link":"https:\/\/www.ess-rv.de\/?page_id=6734","title":{"rendered":"Ern\u00e4hrungswissenschaftliches Gymnasium"},"content":{"rendered":"<p><iframe loading=\"lazy\" width=\"560\" height=\"315\" src=\"https:\/\/www.youtube-nocookie.com\/embed\/ykTBL4-tIH8\" frameborder=\"0\" allow=\"accelerometer; autoplay; clipboard-write; encrypted-media; gyroscope; picture-in-picture\" allowfullscreen><\/iframe><\/p>\n<p><a href=\"http:\/\/www.ess-rv.de\/download\/beruflichegymnasien\/2021_eg.pdf\">Flyer Ern\u00e4hrungswissenschaftliches Gymnasium<\/a><\/p>\n<p>Weitere Informationen <\/p>\n<ul>\n<li><a href=\"http:\/\/www.ess-rv.de\/?page_id=12\">Ern\u00e4hrungswissenschaftliches Gymnasium<\/a><\/li>\n<li><a href=\"http:\/\/www.ess-rv.de\/?page_id=6222\">F\u00e4cherwahl in der Eingangsklassen<\/a><\/li>\n<li><a href=\"http:\/\/www.ess-rv.de\/?page_id=4612\">Anmeldung<\/a><\/li>\n<\/ul>\n","protected":false},"excerpt":{"rendered":"<p>Flyer Ern\u00e4hrungswissenschaftliches Gymnasium Weitere Informationen Ern\u00e4hrungswissenschaftliches Gymnasium F\u00e4cherwahl in der Eingangsklassen Anmeldung<\/p>\n","protected":false},"author":3,"featured_media":0,"parent":9,"menu_order":2131,"comment_status":"closed","ping_status":"closed","template":"","meta":{"footnotes":"","_links_to":"","_links_to_target":""},"class_list":["post-6734","page","type-page","status-publish","hentry"],"_links":{"self":[{"href":"https:\/\/www.ess-rv.de\/index.php?rest_route=\/wp\/v2\/pages\/6734","targetHints":{"allow":["GET"]}}],"collection":[{"href":"https:\/\/www.ess-rv.de\/index.php?rest_route=\/wp\/v2\/pages"}],"about":[{"href":"https:\/\/www.ess-rv.de\/index.php?rest_route=\/wp\/v2\/types\/page"}],"author":[{"embeddable":true,"href":"https:\/\/www.ess-rv.de\/index.php?rest_route=\/wp\/v2\/users\/3"}],"replies":[{"embeddable":true,"href":"https:\/\/www.ess-rv.de\/index.php?rest_route=%2Fwp%2Fv2%2Fcomments&post=6734"}],"version-history":[{"count":5,"href":"https:\/\/www.ess-rv.de\/index.php?rest_route=\/wp\/v2\/pages\/6734\/revisions"}],"predecessor-version":[{"id":6975,"href":"https:\/\/www.ess-rv.de\/index.php?rest_route=\/wp\/v2\/pages\/6734\/revisions\/6975"}],"up":[{"embeddable":true,"href":"https:\/\/www.ess-rv.de\/index.php?rest_route=\/wp\/v2\/pages\/9"}],"wp:attachment":[{"href":"https:\/\/www.ess-rv.de\/index.php?rest_route=%2Fwp%2Fv2%2Fmedia&parent=6734"}],"curies":[{"name":"wp","href":"https:\/\/api.w.org\/{rel}","templated":true}]}}