{"id":6738,"date":"2021-01-09T12:30:07","date_gmt":"2021-01-09T11:30:07","guid":{"rendered":"http:\/\/www.ess-rv.de\/?page_id=6738"},"modified":"2021-01-10T20:30:29","modified_gmt":"2021-01-10T19:30:29","slug":"wahlfach-bioinformatik","status":"publish","type":"page","link":"https:\/\/www.ess-rv.de\/?page_id=6738","title":{"rendered":"Wahlfach Bioinformatik"},"content":{"rendered":"<figure id=\"attachment_6776\" aria-describedby=\"caption-attachment-6776\" style=\"width: 182px\" class=\"wp-caption alignright\"><a href=\"http:\/\/www.ess-rv.de\/wp-content\/uploads\/2021\/01\/DNA_orbit_animated_small.gif\"><img loading=\"lazy\" decoding=\"async\" class=\"wp-image-6776 size-full\" src=\"http:\/\/www.ess-rv.de\/wp-content\/uploads\/2021\/01\/DNA_orbit_animated_small.gif\" alt=\"\" width=\"182\" height=\"300\" \/><\/a><figcaption id=\"caption-attachment-6776\" class=\"wp-caption-text\"><a href=\"https:\/\/commons.wikimedia.org\/wiki\/File:DNA_orbit_animated_small.gif\">Zephyris<\/a>, <a href=\"http:\/\/creativecommons.org\/licenses\/by-sa\/3.0\/\">CC BY-SA 3.0<\/a>, via Wikimedia Commons<\/figcaption><\/figure>\n<p>Die Bioinformatik ist eine interdisziplin\u00e4re Wissenschaft. Sie l\u00f6st Fragestellungen aus der Biologie oder auch sog. &#8222;Life Sciences&#8220; mit theoretischen, computergest\u00fctzten Methoden.<\/p>\n<p>Ein bekanntes Beispiel f\u00fcr die Bedeutung dieser Disziplin ist die Sequenzierung von DNA. So kann die im Genom gespeicherte genetische Information entschl\u00fcsselt werden. Die <a href=\"https:\/\/de.wikipedia.org\/wiki\/Humangenomprojekt\" target=\"_blank\" rel=\"noopener\">Entschl\u00fcsselung des menschlichen Genoms<\/a> begann im Jahr 1990 und wurde im Jahr 2003 fertiggestellt &#8211; sie dauerte also \u00fcber 13 Jahre. Heute k\u00f6nnen menschliche Genome dank Bioinformatik innerhalb weniger Tage entschl\u00fcsselt werden. Die Bioinformatik leistet damit einen zentralen Beitrag zum Verst\u00e4ndnis des Lebens und dem Selbstverst\u00e4ndnis des Menschen, aber auch bei der Entwicklung von Medikamenten wie z. B. Impfstoffen.<\/p>\n<p>Auch bei zuk\u00fcnftigen Analysen des Genoms, aber auch der Proteinausstattung der Zellen (&#8222;Proteom&#8220;) sind bioinformatische Methoden unerl\u00e4sslich.<\/p>\n<p>Das Fach Bioinformatik gew\u00e4hrt den Sch\u00fclerinnen und Sch\u00fclern eine Orientierung im Bereich der Datenerhebung und Datenanalyse, vor allem in den Gesundheits- und Lebenswissenschaften als bedeutsamen Anwendungsbereichen einer Vielzahl informatischer Methoden. Die Bioinformatik ist somit eine wertvolle Erg\u00e4nzung zu den naturwissenschaftlichen Profilf\u00e4chern.<\/p>\n<p>Der f\u00e4cher\u00fcbergreifende Unterricht erm\u00f6glicht den Sch\u00fclerinnen und Sch\u00fclern \u201eWissenschaftssprache\u201c kennen zu lernen. Der interdisziplin\u00e4re Charakter der Bioinformatik wird unter anderem auch durch die Querverweise zu den Bildungspl\u00e4nen Biotechnologie, Chemie und Informatik als bedeutende wissenschaftliche Disziplin deutlich.<\/p>\n<p>Zusammen mit dem Fach Informatik unterst\u00fctzt das Fach damit die Entwicklung von digitalen Kompetenzen der Sch\u00fclerinnen und Sch\u00fcler und bereitet sie auf eine zunehmend digitalisierte Lebens- und Arbeitswelt vor.<\/p>\n<p>Die Auswahl der Themengebiete und die inhaltliche Gestaltung der Bildungsplaneinheiten ber\u00fccksichtigt die biologischen und informationstechnischen Vorkenntnisse der Sch\u00fclerinnen und Sch\u00fcler mit einem mittleren Bildungsabschluss (Realschulabschluss). Die Sch\u00fclerinnen und Sch\u00fcler werden \u00fcber eine kompetenzorientierte Gestaltung des Unterrichts im Fach Bioinformatik bef\u00e4higt, sich aktiv an gesellschaftlichen und wissenschaftlichen Diskussionen zu beteiligen.<\/p>\n<p>Nach &#8222;Vorbemerkungen zum Bildungsplan Bioinformatik&#8220;, Abgerufen am 10. Januar 2021 von <a href=\"http:\/\/www.bildungsplaene-bw.de\/,Lde\/BioInf_OS\" target=\"_blank\" rel=\"noopener\">www.bildungsplaene-bw.de\/,Lde\/BioInf_OS<\/a><\/p>\n<hr \/>\n<p>Beispiel f\u00fcr die Aktualit\u00e4t des Faches Bioinformatik:<\/p>\n<h2>KI-Kampf gegen Covid-19: Bioinformatik sucht Gegenmittel<\/h2>\n<p><iframe loading=\"lazy\" title=\"KI-Kampf gegen Covid-19: Bioinformatik sucht Gegenmittel | Gut zu wissen | Corona | BR\" width=\"604\" height=\"340\" src=\"https:\/\/www.youtube.com\/embed\/JKvR59_Qfzw?feature=oembed\" frameborder=\"0\" allow=\"accelerometer; autoplay; clipboard-write; encrypted-media; gyroscope; picture-in-picture; web-share\" referrerpolicy=\"strict-origin-when-cross-origin\" allowfullscreen><\/iframe><\/p>\n","protected":false},"excerpt":{"rendered":"<p>Die Bioinformatik ist eine interdisziplin\u00e4re Wissenschaft. Sie l\u00f6st Fragestellungen aus der Biologie oder auch sog. &#8222;Life Sciences&#8220; mit theoretischen, computergest\u00fctzten Methoden. Ein bekanntes Beispiel f\u00fcr die Bedeutung dieser Disziplin ist die Sequenzierung von DNA. So kann die im Genom gespeicherte genetische Information entschl\u00fcsselt werden. Die Entschl\u00fcsselung des menschlichen Genoms begann im Jahr 1990 und wurde &hellip; <a href=\"https:\/\/www.ess-rv.de\/?page_id=6738\" class=\"more-link\"><span class=\"screen-reader-text\">Wahlfach Bioinformatik<\/span> weiterlesen <span class=\"meta-nav\">&rarr;<\/span><\/a><\/p>\n","protected":false},"author":3,"featured_media":0,"parent":6222,"menu_order":2185,"comment_status":"closed","ping_status":"closed","template":"","meta":{"footnotes":"","_links_to":"","_links_to_target":""},"class_list":["post-6738","page","type-page","status-publish","hentry"],"_links":{"self":[{"href":"https:\/\/www.ess-rv.de\/index.php?rest_route=\/wp\/v2\/pages\/6738","targetHints":{"allow":["GET"]}}],"collection":[{"href":"https:\/\/www.ess-rv.de\/index.php?rest_route=\/wp\/v2\/pages"}],"about":[{"href":"https:\/\/www.ess-rv.de\/index.php?rest_route=\/wp\/v2\/types\/page"}],"author":[{"embeddable":true,"href":"https:\/\/www.ess-rv.de\/index.php?rest_route=\/wp\/v2\/users\/3"}],"replies":[{"embeddable":true,"href":"https:\/\/www.ess-rv.de\/index.php?rest_route=%2Fwp%2Fv2%2Fcomments&post=6738"}],"version-history":[{"count":6,"href":"https:\/\/www.ess-rv.de\/index.php?rest_route=\/wp\/v2\/pages\/6738\/revisions"}],"predecessor-version":[{"id":6780,"href":"https:\/\/www.ess-rv.de\/index.php?rest_route=\/wp\/v2\/pages\/6738\/revisions\/6780"}],"up":[{"embeddable":true,"href":"https:\/\/www.ess-rv.de\/index.php?rest_route=\/wp\/v2\/pages\/6222"}],"wp:attachment":[{"href":"https:\/\/www.ess-rv.de\/index.php?rest_route=%2Fwp%2Fv2%2Fmedia&parent=6738"}],"curies":[{"name":"wp","href":"https:\/\/api.w.org\/{rel}","templated":true}]}}