{"id":6744,"date":"2021-01-09T12:33:10","date_gmt":"2021-01-09T11:33:10","guid":{"rendered":"http:\/\/www.ess-rv.de\/?page_id=6744"},"modified":"2021-01-10T20:40:08","modified_gmt":"2021-01-10T19:40:08","slug":"wahlfach-naturwissenschaftliches-experimentieren","status":"publish","type":"page","link":"https:\/\/www.ess-rv.de\/?page_id=6744","title":{"rendered":"Wahlfach Naturwissenschaftliches Experimentieren"},"content":{"rendered":"<p>Das neue Wahlpflichtfach <strong>Naturwissenschaftliches Experimentieren<\/strong> <strong>NExt <\/strong>soll ein neues wissenschaftsprop\u00e4deutisches MINT-Angebot mit hohem \u201eForschungsanteil\u201c zur St\u00e4rkung der Studierf\u00e4higkeit schaffen. F\u00fcr die Sch\u00fclerinnen und Sch\u00fcler stehen dabei der naturwissenschaftliche Erkenntnisgewinn und das praktisches Arbeiten im Mittelpunkt. Es werden theoretische Aspekte wie z. B. Recherche, Sicherheit, Projektplanung, wissenschaftliche Dokumentation, Ergebnissicherung- und Auswertung mit praktischen Experimenten und eigenen ggf. profilbezogenen Forschungsprojekten verkn\u00fcpft. Dabei sollen die Sch\u00fclerinnen und Sch\u00fcler auch zur Teilnahme an Wettbewerben motiviert und die daf\u00fcr notwendigen Rahmenbedingungen gew\u00e4hrleistet werden. Das Fach soll au\u00dferdem dazu beitragen, dass die Schulen sowie die Sch\u00fclerinnen und Sch\u00fcler Kooperationen mit naturwissenschaftlichen Institutionen und Betrieben etablieren bzw. weiterentwickeln k\u00f6nnen.<\/p>\n<p>Das Fach soll in der Eingangsklasse (2-st\u00fcndig) als Wahlpflichtfach angeboten werden und kann in der Jahrgangsstufe 1 (3-st\u00fcndig) als naturwissenschaftlich gepr\u00e4gter Seminarkurs weitergef\u00fchrt werden.<\/p>\n<p>Dabei dienen die in der Eingangsklasse erworbenen Kompetenzen als Grundlage f\u00fcr die Durchf\u00fchrung eines praktischen, naturwissenschaftlichen Projekts im Seminarkurs bzw. erm\u00f6glichen die Fortf\u00fchrung eines bereits bestehenden Projekts aus der Eingangsklasse. Damit k\u00f6nnen die Voraussetzungen f\u00fcr die Teilnahme an Wettbewerben, z.B. Jugend forscht, geschaffen werden.<\/p>\n","protected":false},"excerpt":{"rendered":"<p>Das neue Wahlpflichtfach Naturwissenschaftliches Experimentieren NExt soll ein neues wissenschaftsprop\u00e4deutisches MINT-Angebot mit hohem \u201eForschungsanteil\u201c zur St\u00e4rkung der Studierf\u00e4higkeit schaffen. F\u00fcr die Sch\u00fclerinnen und Sch\u00fcler stehen dabei der naturwissenschaftliche Erkenntnisgewinn und das praktisches Arbeiten im Mittelpunkt. Es werden theoretische Aspekte wie z. B. Recherche, Sicherheit, Projektplanung, wissenschaftliche Dokumentation, Ergebnissicherung- und Auswertung mit praktischen Experimenten und eigenen &hellip; <a href=\"https:\/\/www.ess-rv.de\/?page_id=6744\" class=\"more-link\"><span class=\"screen-reader-text\">Wahlfach Naturwissenschaftliches Experimentieren<\/span> weiterlesen <span class=\"meta-nav\">&rarr;<\/span><\/a><\/p>\n","protected":false},"author":3,"featured_media":0,"parent":6222,"menu_order":2186,"comment_status":"closed","ping_status":"closed","template":"","meta":{"footnotes":"","_links_to":"","_links_to_target":""},"class_list":["post-6744","page","type-page","status-publish","hentry"],"_links":{"self":[{"href":"https:\/\/www.ess-rv.de\/index.php?rest_route=\/wp\/v2\/pages\/6744","targetHints":{"allow":["GET"]}}],"collection":[{"href":"https:\/\/www.ess-rv.de\/index.php?rest_route=\/wp\/v2\/pages"}],"about":[{"href":"https:\/\/www.ess-rv.de\/index.php?rest_route=\/wp\/v2\/types\/page"}],"author":[{"embeddable":true,"href":"https:\/\/www.ess-rv.de\/index.php?rest_route=\/wp\/v2\/users\/3"}],"replies":[{"embeddable":true,"href":"https:\/\/www.ess-rv.de\/index.php?rest_route=%2Fwp%2Fv2%2Fcomments&post=6744"}],"version-history":[{"count":3,"href":"https:\/\/www.ess-rv.de\/index.php?rest_route=\/wp\/v2\/pages\/6744\/revisions"}],"predecessor-version":[{"id":6783,"href":"https:\/\/www.ess-rv.de\/index.php?rest_route=\/wp\/v2\/pages\/6744\/revisions\/6783"}],"up":[{"embeddable":true,"href":"https:\/\/www.ess-rv.de\/index.php?rest_route=\/wp\/v2\/pages\/6222"}],"wp:attachment":[{"href":"https:\/\/www.ess-rv.de\/index.php?rest_route=%2Fwp%2Fv2%2Fmedia&parent=6744"}],"curies":[{"name":"wp","href":"https:\/\/api.w.org\/{rel}","templated":true}]}}