{"id":6797,"date":"2021-01-14T10:12:06","date_gmt":"2021-01-14T09:12:06","guid":{"rendered":"http:\/\/www.ess-rv.de\/?page_id=6797"},"modified":"2021-01-14T11:37:07","modified_gmt":"2021-01-14T10:37:07","slug":"hilfestellung-was-tun-bei-technischen-problemen","status":"publish","type":"page","link":"https:\/\/www.ess-rv.de\/?page_id=6797","title":{"rendered":"Hilfestellung: Was tun bei technischen Problemen?"},"content":{"rendered":"<p><a href=\"https:\/\/www.google.com\/chrome\/\"><img decoding=\"async\" class=\"alignright wp-image-6799 no-border\" src=\"http:\/\/www.ess-rv.de\/wp-content\/uploads\/2021\/01\/512px-Google_Chrome_icon_September_2014.svg_-215x215.png\" alt=\"\" width=\"100px\" height=\"100px\" srcset=\"https:\/\/www.ess-rv.de\/wp-content\/uploads\/2021\/01\/512px-Google_Chrome_icon_September_2014.svg_-215x215.png 215w, https:\/\/www.ess-rv.de\/wp-content\/uploads\/2021\/01\/512px-Google_Chrome_icon_September_2014.svg_-300x300.png 300w, https:\/\/www.ess-rv.de\/wp-content\/uploads\/2021\/01\/512px-Google_Chrome_icon_September_2014.svg_.png 512w\" sizes=\"(max-width: 215px) 100vw, 215px\" \/><\/a>Bitte verwende den Browser <strong>Chrome<\/strong>. Du musst die aktuelle Version installieren.<\/p>\n<ul>\n<li>Laptop\/PC: <a href=\"https:\/\/www.google.com\/chrome\/\" target=\"_blank\" rel=\"noopener\">www.google.com\/chrome\/<\/a><\/li>\n<li>Handy\/Tablet (Android): <a href=\"https:\/\/play.google.com\/store\/apps\/details?id=com.android.chrome&amp;pcampaignid=websitedialog\" target=\"_blank\" rel=\"noopener\">play.google.com\/<\/a><\/li>\n<li>IPhone\/IPad: <a href=\"https:\/\/apps.apple.com\/us\/app\/chrome\/id535886823\" target=\"_blank\" rel=\"noopener\">apps.apple.com\/<\/a><\/li>\n<\/ul>\n<p>Du musst BBB-Videokonferenzen im Browser Chrome \u00f6ffnen. Du darfst die Videokonferenz NICHT in der App \u00f6ffnen.<\/p>\n<p>\u00d6ffne den Browser Chrome. Logge dich in <a href=\"https:\/\/moodle.ess-rv.de\/moodle\/blocks\/exa2fa\/login\/\" target=\"_blank\" rel=\"noopener\">Moodle<\/a> ein. Gehe dann zum Kurs. \u00d6ffne dort die Videokonferenz.<\/p>\n<p>&nbsp;<\/p>\n<hr \/>\n<p><a href=\"https:\/\/download.moodle.org\/mobile\/\"><img decoding=\"async\" class=\"alignright size-full wp-image-6800 no-border\" src=\"http:\/\/www.ess-rv.de\/wp-content\/uploads\/2021\/01\/unnamed.png\" alt=\"\" width=\"100px\" height=\"100px\"\/><\/a>Es gibt viele <strong>Moodle-Apps<\/strong> im Internet. Benutze nur die richtige.<\/p>\n<ul>\n<li>Mobile Ger\u00e4te: <a href=\"https:\/\/download.moodle.org\/mobile\/\" target=\"_blank\" rel=\"noopener\">download.moodle.org\/mobile\/<\/a><\/li>\n<li>PC\/Laptop\/Mac: <a href=\"https:\/\/download.moodle.org\/desktop\/\" target=\"_blank\" rel=\"noopener\">download.moodle.org\/desktop\/<\/a><\/li>\n<\/ul>\n<p>&nbsp;<br \/>&nbsp;<br \/>&nbsp;<\/p>\n<hr \/>\n<p><img decoding=\"async\" class=\"alignright wp-image-6804 no-border\" src=\"http:\/\/www.ess-rv.de\/wp-content\/uploads\/2021\/01\/wifi-215x215.png\" alt=\"\" width=\"100px\" height=\"100px\" srcset=\"https:\/\/www.ess-rv.de\/wp-content\/uploads\/2021\/01\/wifi-215x215.png 215w, https:\/\/www.ess-rv.de\/wp-content\/uploads\/2021\/01\/wifi-300x300.png 300w, https:\/\/www.ess-rv.de\/wp-content\/uploads\/2021\/01\/wifi.png 512w\" sizes=\"(max-width: 215px) 100vw, 215px\" \/>Allgemeine Hinweise zur Nutzung von <strong>WLAN<\/strong><\/p>\n<ul>\n<li>Kabel ist IMMER VIEL BESSER als WLAN!<\/li>\n<li>WLAN-Router auf den Schrank stellen &#8211; nicht in den Schrank!<\/li>\n<li>WLAN-Router am besten auf \u00fcber 2 m H\u00f6he anbringen!<\/li>\n<li>Falls der WLAN-Router Antennen hat, diese in alle Richtungen ausrichten!<\/li>\n<li>Je nach Stockwerk\/Entfernung WLAN-Verst\u00e4rker nutzen!<\/li>\n<\/ul>\n","protected":false},"excerpt":{"rendered":"<p>Bitte verwende den Browser Chrome. Du musst die aktuelle Version installieren. Laptop\/PC: www.google.com\/chrome\/ Handy\/Tablet (Android): play.google.com\/ IPhone\/IPad: apps.apple.com\/ Du musst BBB-Videokonferenzen im Browser Chrome \u00f6ffnen. Du darfst die Videokonferenz NICHT in der App \u00f6ffnen. \u00d6ffne den Browser Chrome. Logge dich in Moodle ein. Gehe dann zum Kurs. \u00d6ffne dort die Videokonferenz. &nbsp; Es gibt viele &hellip; <a href=\"https:\/\/www.ess-rv.de\/?page_id=6797\" class=\"more-link\"><span class=\"screen-reader-text\">Hilfestellung: Was tun bei technischen Problemen?<\/span> weiterlesen <span class=\"meta-nav\">&rarr;<\/span><\/a><\/p>\n","protected":false},"author":3,"featured_media":0,"parent":0,"menu_order":0,"comment_status":"closed","ping_status":"closed","template":"","meta":{"footnotes":"","_links_to":"","_links_to_target":""},"class_list":["post-6797","page","type-page","status-publish","hentry"],"_links":{"self":[{"href":"https:\/\/www.ess-rv.de\/index.php?rest_route=\/wp\/v2\/pages\/6797","targetHints":{"allow":["GET"]}}],"collection":[{"href":"https:\/\/www.ess-rv.de\/index.php?rest_route=\/wp\/v2\/pages"}],"about":[{"href":"https:\/\/www.ess-rv.de\/index.php?rest_route=\/wp\/v2\/types\/page"}],"author":[{"embeddable":true,"href":"https:\/\/www.ess-rv.de\/index.php?rest_route=\/wp\/v2\/users\/3"}],"replies":[{"embeddable":true,"href":"https:\/\/www.ess-rv.de\/index.php?rest_route=%2Fwp%2Fv2%2Fcomments&post=6797"}],"version-history":[{"count":10,"href":"https:\/\/www.ess-rv.de\/index.php?rest_route=\/wp\/v2\/pages\/6797\/revisions"}],"predecessor-version":[{"id":6811,"href":"https:\/\/www.ess-rv.de\/index.php?rest_route=\/wp\/v2\/pages\/6797\/revisions\/6811"}],"wp:attachment":[{"href":"https:\/\/www.ess-rv.de\/index.php?rest_route=%2Fwp%2Fv2%2Fmedia&parent=6797"}],"curies":[{"name":"wp","href":"https:\/\/api.w.org\/{rel}","templated":true}]}}