{"id":70,"date":"2014-02-04T21:36:03","date_gmt":"2014-02-04T20:36:03","guid":{"rendered":"https:\/\/intern.hls.rv.bw.schule.de\/secure\/?page_id=70"},"modified":"2021-01-09T12:14:04","modified_gmt":"2021-01-09T11:14:04","slug":"agrarwissenschaftliches-gymnasium","status":"publish","type":"page","link":"https:\/\/www.ess-rv.de\/?page_id=70","title":{"rendered":"Agrarwissenschaftliches Gymnasium"},"content":{"rendered":"<div class=\"link-anmeldung\"><a href=\"http:\/\/www.ess-rv.de\/?page_id=4612\">Anmeldung<\/a><\/div>\n<h2>Ausbildungsziel<\/h2>\n<p><span style=\"padding: 10px; border: 2px solid #fc0; display: block\">Leider bieten wir ab dem Schuljahr 2018\/2019 kein Agrarwissenschaftliches Gymnasium (AG) an.<\/span><\/p>\n<p>Berufliche Gymnasien f\u00fchren in drei Jahren zum Abitur und berechtigen damit zum Studium aller F\u00e4cher an Universit\u00e4ten und Hochschulen.<\/p>\n<p>Das <strong>Agrarwissenschaftliche Gymnasium (AG) <\/strong>richtet sich an alle Sch\u00fclerinnen und Sch\u00fcler, die sich f\u00fcr Agrarwissenschaften und Umweltschutz interessieren. Es werden grundlegende Zusammenh\u00e4nge zwischen Landwirtschaft und Natur- und Umweltschutz er\u00f6rtert.<\/p>\n<figure id=\"attachment_2822\" aria-describedby=\"caption-attachment-2822\" style=\"width: 180px\" class=\"wp-caption alignleft\"><a href=\"http:\/\/www.ess-rv.de\/wp-content\/uploads\/2014\/02\/stundentafel_ag.jpg\" rel=\"attachment wp-att-2822\"><img loading=\"lazy\" decoding=\"async\" class=\"wp-image-2822 size-thumbnail\" src=\"http:\/\/www.ess-rv.de\/wp-content\/uploads\/2014\/02\/stundentafel_ag-180x180.jpg\" alt=\"Stundentafel f\u00fcr die Eingangsklasse des Agrarwissenschaftlichen Gymnasiums. Aus dem Wahlpflichtbereich muss mindestens ein Fach gew\u00e4hlt werden.\" width=\"180\" height=\"180\" \/><\/a><figcaption id=\"caption-attachment-2822\" class=\"wp-caption-text\">Stundentafel (Zum Verg\u00f6\u00dfern bitte klicken)<\/figcaption><\/figure>\n<p>Das sechsst\u00fcndigen Profilfach <strong>Agrarbiologie <\/strong>vermittelt biologische Grundkenntnisse und vertieft Themen der Pflanzenproduktion, der Tierhaltung, der Gentechnik und der Z\u00fcchtung. Wissenschaftliche Erkenntnisse der Biologie werden mit der Umsetzung in der praktischen Landwirtschaft verkn\u00fcpft und unter \u00f6kologischen Aspekten beleuchtet.<\/p>\n<p>Im profilerg\u00e4nzenden Fach <strong>Wirtschaftslehre<\/strong> wird eine breite \u00f6konomische Allgemeinbildung vermittelt und auf branchenspezifische Fragestellungen eingegangen.<\/p>\n<p>F\u00fcr die Allgemeine Hochschulreife ist ein ausreichender Unterricht (mindestens vier Unterrichtsjahre) in einer zweiten Fremdsprache erforderlich. Sch\u00fcler, die diese Voraussetzung in der Herkunftsschule noch nicht erf\u00fcllt haben, m\u00fcssen eine zweite Fremdsprache (Niveau B) w\u00e4hlen.<\/p>\n<h2>Aufnahmebedingungen<\/h2>\n<ul>\n<li>Mittlerer Bildungsabschluss (Realschulabschluss, Fachschulreife oder gleichwertiger mittlerer Bildungsabschluss) wenn\n<ul>\n<li>in den F\u00e4chern Deutsch, Englisch und Mathematik ein Durchschnitt von mindestens 3,0 vorliegt und<\/li>\n<li>in jedem dieser F\u00e4cher mindestens die Note ausreichend (4,0) erteilt wurde.<\/li>\n<\/ul>\n<\/li>\n<\/ul>\n<ul>\n<li>Gymnasium:<br \/>\nVersetzungszeugnis nach Klasse 10 (G 8)<br \/>\nVersetzungszeugnis nach Klasse 11 (G 9)<\/li>\n<\/ul>\n<p><!--Falls sich mehr Bewerber anmelden, als die Schule aufnehmen kann, erfolgt ein Auswahlverfahren nach den Noten des Mittleren Bildungsabschlusses.\n\nEs besteht Schulgeld- und Lernmittelfreiheit.\n\n\n<h1>Bewerbungsablauf<\/h1>\n\n\n[insert page='4614' display='content']--><\/p>\n","protected":false},"excerpt":{"rendered":"<p>Anmeldung Ausbildungsziel Leider bieten wir ab dem Schuljahr 2018\/2019 kein Agrarwissenschaftliches Gymnasium (AG) an. Berufliche Gymnasien f\u00fchren in drei Jahren zum Abitur und berechtigen damit zum Studium aller F\u00e4cher an Universit\u00e4ten und Hochschulen. Das Agrarwissenschaftliche Gymnasium (AG) richtet sich an alle Sch\u00fclerinnen und Sch\u00fcler, die sich f\u00fcr Agrarwissenschaften und Umweltschutz interessieren. Es werden grundlegende Zusammenh\u00e4nge &hellip; <a href=\"https:\/\/www.ess-rv.de\/?page_id=70\" class=\"more-link\"><span class=\"screen-reader-text\">Agrarwissenschaftliches Gymnasium<\/span> weiterlesen <span class=\"meta-nav\">&rarr;<\/span><\/a><\/p>\n","protected":false},"author":3,"featured_media":0,"parent":9,"menu_order":2110,"comment_status":"closed","ping_status":"closed","template":"","meta":{"footnotes":"","_links_to":"","_links_to_target":""},"class_list":["post-70","page","type-page","status-publish","hentry"],"_links":{"self":[{"href":"https:\/\/www.ess-rv.de\/index.php?rest_route=\/wp\/v2\/pages\/70","targetHints":{"allow":["GET"]}}],"collection":[{"href":"https:\/\/www.ess-rv.de\/index.php?rest_route=\/wp\/v2\/pages"}],"about":[{"href":"https:\/\/www.ess-rv.de\/index.php?rest_route=\/wp\/v2\/types\/page"}],"author":[{"embeddable":true,"href":"https:\/\/www.ess-rv.de\/index.php?rest_route=\/wp\/v2\/users\/3"}],"replies":[{"embeddable":true,"href":"https:\/\/www.ess-rv.de\/index.php?rest_route=%2Fwp%2Fv2%2Fcomments&post=70"}],"version-history":[{"count":17,"href":"https:\/\/www.ess-rv.de\/index.php?rest_route=\/wp\/v2\/pages\/70\/revisions"}],"predecessor-version":[{"id":5449,"href":"https:\/\/www.ess-rv.de\/index.php?rest_route=\/wp\/v2\/pages\/70\/revisions\/5449"}],"up":[{"embeddable":true,"href":"https:\/\/www.ess-rv.de\/index.php?rest_route=\/wp\/v2\/pages\/9"}],"wp:attachment":[{"href":"https:\/\/www.ess-rv.de\/index.php?rest_route=%2Fwp%2Fv2%2Fmedia&parent=70"}],"curies":[{"name":"wp","href":"https:\/\/api.w.org\/{rel}","templated":true}]}}