{"id":7440,"date":"2021-10-19T12:07:53","date_gmt":"2021-10-19T10:07:53","guid":{"rendered":"http:\/\/www.ess-rv.de\/?page_id=7440"},"modified":"2022-10-24T09:24:32","modified_gmt":"2022-10-24T07:24:32","slug":"schulseelsorge-aulendorf","status":"publish","type":"page","link":"https:\/\/www.ess-rv.de\/?page_id=7440","title":{"rendered":"Schulseelsorge Aulendorf"},"content":{"rendered":"<ul>\n<li>Wenn ein offenes Ohr gebraucht wird, zum Aussprechen oder um gemeinsam nach L\u00f6sungen zu suchen.<\/li>\n<li>Wenn ich allein nicht mehr weiter komme.<\/li>\n<li>Wenn mein Leben aus den Fugen ger\u00e4t \u2013 bei privaten und beruf-lichen Problemen.<\/li>\n<li>Wenn es schwierige Entscheidungen zu treffen gilt.<\/li>\n<\/ul>\n<p><img loading=\"lazy\" decoding=\"async\" class=\"wp-image-7965 size-medium alignright\" src=\"http:\/\/www.ess-rv.de\/wp-content\/uploads\/2022\/10\/thomaswagner-235x300.jpg\" alt=\"\" width=\"235\" height=\"300\" srcset=\"https:\/\/www.ess-rv.de\/wp-content\/uploads\/2022\/10\/thomaswagner-235x300.jpg 235w, https:\/\/www.ess-rv.de\/wp-content\/uploads\/2022\/10\/thomaswagner.jpg 601w\" sizes=\"auto, (max-width: 235px) 100vw, 235px\" \/><\/p>\n<p>Die Gespr\u00e4che bleiben vertraulich und unterliegen der Schweigepflicht!<\/p>\n<p>Ein Gespr\u00e4chsangebot f\u00fcr Sch\u00fcler*innen, Lehrer*innen und Eltern \u2013 unabh\u00e4ngig der eigenen Glaubenszugeh\u00f6rigkeit oder weltanschaulichen Bindung.<\/p>\n<p>Mein Name ist Thomas Wagner, ich bin von Beruf evangelischer Pfarrer und arbeite als Lehrer an der ESS in Ravensburg und Aulendorf.<\/p>\n<h2>Kontakt<\/h2>\n<p>Untis Messenger: Thomas Wagner<br \/>\n<a href=\"mailto:thomas.wagner@ess-rv.de\">thomas.wagner@ess-rv.de<\/a><\/p>\n","protected":false},"excerpt":{"rendered":"<p>Wenn ein offenes Ohr gebraucht wird, zum Aussprechen oder um gemeinsam nach L\u00f6sungen zu suchen. Wenn ich allein nicht mehr weiter komme. Wenn mein Leben aus den Fugen ger\u00e4t \u2013 bei privaten und beruf-lichen Problemen. Wenn es schwierige Entscheidungen zu treffen gilt. Die Gespr\u00e4che bleiben vertraulich und unterliegen der Schweigepflicht! Ein Gespr\u00e4chsangebot f\u00fcr Sch\u00fcler*innen, Lehrer*innen &hellip; <a href=\"https:\/\/www.ess-rv.de\/?page_id=7440\" class=\"more-link\"><span class=\"screen-reader-text\">Schulseelsorge Aulendorf<\/span> weiterlesen <span class=\"meta-nav\">&rarr;<\/span><\/a><\/p>\n","protected":false},"author":3,"featured_media":0,"parent":337,"menu_order":412,"comment_status":"closed","ping_status":"closed","template":"","meta":{"footnotes":"","_links_to":"","_links_to_target":""},"class_list":["post-7440","page","type-page","status-publish","hentry"],"_links":{"self":[{"href":"https:\/\/www.ess-rv.de\/index.php?rest_route=\/wp\/v2\/pages\/7440","targetHints":{"allow":["GET"]}}],"collection":[{"href":"https:\/\/www.ess-rv.de\/index.php?rest_route=\/wp\/v2\/pages"}],"about":[{"href":"https:\/\/www.ess-rv.de\/index.php?rest_route=\/wp\/v2\/types\/page"}],"author":[{"embeddable":true,"href":"https:\/\/www.ess-rv.de\/index.php?rest_route=\/wp\/v2\/users\/3"}],"replies":[{"embeddable":true,"href":"https:\/\/www.ess-rv.de\/index.php?rest_route=%2Fwp%2Fv2%2Fcomments&post=7440"}],"version-history":[{"count":7,"href":"https:\/\/www.ess-rv.de\/index.php?rest_route=\/wp\/v2\/pages\/7440\/revisions"}],"predecessor-version":[{"id":7966,"href":"https:\/\/www.ess-rv.de\/index.php?rest_route=\/wp\/v2\/pages\/7440\/revisions\/7966"}],"up":[{"embeddable":true,"href":"https:\/\/www.ess-rv.de\/index.php?rest_route=\/wp\/v2\/pages\/337"}],"wp:attachment":[{"href":"https:\/\/www.ess-rv.de\/index.php?rest_route=%2Fwp%2Fv2%2Fmedia&parent=7440"}],"curies":[{"name":"wp","href":"https:\/\/api.w.org\/{rel}","templated":true}]}}