{"id":7501,"date":"2021-11-16T14:11:47","date_gmt":"2021-11-16T13:11:47","guid":{"rendered":"http:\/\/www.ess-rv.de\/?page_id=7501"},"modified":"2021-11-17T10:43:22","modified_gmt":"2021-11-17T09:43:22","slug":"schulsozialarbeit-standort-aulendorf","status":"publish","type":"page","link":"https:\/\/www.ess-rv.de\/?page_id=7501","title":{"rendered":"Schulsozialarbeiterin Aulendorf"},"content":{"rendered":"<div class=\"tabelle\"><!--\n\n\n<div class=\"tkopf\">\n\n\n<div class=\"zeile\">\n\n\n<div id=\"thop\" class=\"zelle\">Schulsozialarbeiterin Ravensburg &amp; Aulendorf<\/div>\n\n\n\n\n<div class=\"zelle\" style=\"width: 250px\"><\/div>\n\n\n<\/div>\n\n\n<\/div>\n\n\n--><\/p>\n<div class=\"tinhalt\">\n<div class=\"zeile\">\n<div class=\"zelle\">\n<ul>\n<li>Einzelfallhilfe f\u00fcr Sch\u00fcler*innen<\/li>\n<li>Unterst\u00fctzung bei beh\u00f6rdlichen Angelegenheiten<\/li>\n<li>Beratung f\u00fcr Eltern und Lehrer*innen<\/li>\n<\/ul>\n<p>Die Gespr\u00e4che unterliegen der Schweigepflicht.\n<\/p><\/div>\n<div id=\"thop\" class=\"zelle\"><strong>Petra Thomas<\/strong><br \/>\n<a href=\"tel:+49751368362\">0751 368-362<\/a><br \/>\n<a href=\"mailto:petra.thomas@ess-rv.de\">petra.thomas@ess-rv.de<\/a><br \/>\nRV Raum N. 2.03<\/div>\n<\/div>\n<\/div>\n<\/div>\n","protected":false},"excerpt":{"rendered":"<p>Einzelfallhilfe f\u00fcr Sch\u00fcler*innen Unterst\u00fctzung bei beh\u00f6rdlichen Angelegenheiten Beratung f\u00fcr Eltern und Lehrer*innen Die Gespr\u00e4che unterliegen der Schweigepflicht. Petra Thomas 0751 368-362 petra.thomas@ess-rv.de RV Raum N. 2.03<\/p>\n","protected":false},"author":3,"featured_media":0,"parent":0,"menu_order":414,"comment_status":"closed","ping_status":"closed","template":"","meta":{"footnotes":"","_links_to":"","_links_to_target":""},"class_list":["post-7501","page","type-page","status-publish","hentry"],"_links":{"self":[{"href":"https:\/\/www.ess-rv.de\/index.php?rest_route=\/wp\/v2\/pages\/7501","targetHints":{"allow":["GET"]}}],"collection":[{"href":"https:\/\/www.ess-rv.de\/index.php?rest_route=\/wp\/v2\/pages"}],"about":[{"href":"https:\/\/www.ess-rv.de\/index.php?rest_route=\/wp\/v2\/types\/page"}],"author":[{"embeddable":true,"href":"https:\/\/www.ess-rv.de\/index.php?rest_route=\/wp\/v2\/users\/3"}],"replies":[{"embeddable":true,"href":"https:\/\/www.ess-rv.de\/index.php?rest_route=%2Fwp%2Fv2%2Fcomments&post=7501"}],"version-history":[{"count":6,"href":"https:\/\/www.ess-rv.de\/index.php?rest_route=\/wp\/v2\/pages\/7501\/revisions"}],"predecessor-version":[{"id":7503,"href":"https:\/\/www.ess-rv.de\/index.php?rest_route=\/wp\/v2\/pages\/7501\/revisions\/7503"}],"wp:attachment":[{"href":"https:\/\/www.ess-rv.de\/index.php?rest_route=%2Fwp%2Fv2%2Fmedia&parent=7501"}],"curies":[{"name":"wp","href":"https:\/\/api.w.org\/{rel}","templated":true}]}}