{"id":8438,"date":"2023-12-11T13:05:12","date_gmt":"2023-12-11T12:05:12","guid":{"rendered":"https:\/\/www.ess-rv.de\/?page_id=8438"},"modified":"2025-07-16T09:02:56","modified_gmt":"2025-07-16T07:02:56","slug":"barrierefreiheit","status":"publish","type":"page","link":"https:\/\/www.ess-rv.de\/?page_id=8438","title":{"rendered":"Erkl\u00e4rung zur Barrierefreiheit"},"content":{"rendered":"<p>Diese Erkl\u00e4rung zur Barrierefreiheit gilt f\u00fcr die unter der <a href=\"https:\/\/www.ess-rv.de\/\" title=\"Link zur Website der Schule\">https:\/\/www.ess-rv.de<\/a> ver\u00f6ffentlichten Website der Edith-Stein-Schule Ravensburg &amp; Aulendorf.<\/p>\n<p>Als \u00f6ffentliche Stelle im Sinne der Richtlinie (EU) 2016\/2102 sind wir bem\u00fcht, unsere Websites und mobilen Anwendungen im Einklang mit den Bestimmungen des Behindertengleichstellungsgesetzes des Bundes (BGG), dem Landes-Behindertengleichstellungsgesetz (L-BGG) sowie der Barrierefreien-Informationstechnik-Verordnung (BITV 2.0) zur Umsetzung der Richtlinie (EU) 2016\/2102 barrierefrei zug\u00e4nglich zu machen.<\/p>\n<h2>Stand der Vereinbarkeit mit den Anforderungen<\/h2>\n<p>Die Anforderungen der Barrierefreiheit ergeben sich aus \u00a7\u00a7 3 Abs\u00e4tze 1 bis 4 und 4 der BITV 2.0, die auf der Grundlage von \u00a7 12d BGG erlassen wurde. <\/p>\n<p>Die \u00dcberpr\u00fcfung der Einhaltung der Anforderungen beruht auf einer am 11.12.2023 durchgef\u00fchrten Selbstbewertung. <\/p>\n<p>Aufgrund der \u00dcberpr\u00fcfung ist die Website mit den zuvor genannten Anforderungen nicht vereinbar.<\/p>\n<p>Diese Erkl\u00e4rung wurde am 11.12.2023 erstellt und zuletzt am 11.12.2023 aktualisiert.<\/p>\n<h2>Barrieren melden: Kontakt zu den Feedback-Ansprechpartnern<\/h2>\n<p>Sie m\u00f6chten uns bestehende Barrieren mitteilen oder Informationen zur Umsetzung der Barrierefreiheit erfragen? F\u00fcr Ihr Feedback sowie alle weiteren Informationen sprechen Sie unsere verantwortlichen Kontaktpersonen <span id=\"eeb-479510-260667\"><\/span><script type=\"text\/javascript\">(function(){var ml=\"0ftl%rom3Ahain4Dd.-F2ekvECcs\",mi=\"48I;4D0:5E148?4DD7;<326489KEF5E2;5<;2B5G4>0EKKB5GA@E4DD4D0J3;KK48?4DD7;<326B3<=F4DD48HKEF5E2;5<;2B5G4>0EKKB5GA@E48I4DC;48H\",o=\"\";for(var j=0,l=mi.length;j<l;j++){o+=ml.charAt(mi.charCodeAt(j)-48);}document.getElementById(\"eeb-479510-260667\").innerHTML = decodeURIComponent(o);}());<\/script><noscript>*protected email*<\/noscript> an.<\/p>\n<h2>Schlichtungsverfahren<\/h2>\n<p>Wenn auch nach Ihrem Feedback an den oben genannten Kontakt keine zufriedenstellende L\u00f6sung gefunden wurde, k\u00f6nnen Sie sich an die Schlichtungsstelle nach \u00a716 BGG wenden. <\/p>\n<p>Die Schlichtungsstelle BGG hat die Aufgabe, bei Konflikten zum Thema Barrierefreiheit zwischen Menschen mit Behinderungen und \u00f6ffentlichen Stellen des Bundes eine au\u00dfergerichtliche Streitbeilegung zu unterst\u00fctzen. <\/p>\n<p>Das Schlichtungsverfahren ist kostenlos. Es muss kein Rechtsbeistand eingeschaltet werden. <\/p>\n<p>Weitere Informationen zum Schlichtungsverfahren und den M\u00f6glichkeiten der Antragstellung erhalten Sie unter: <a href=\"https:\/\/www.schlichtungsstelle-bgg.de\" title=\"Link zur Schlichtungsstelle des Bundes\">www.schlichtungsstelle-bgg.de<\/a><\/p>\n<p>Direkt kontaktieren k\u00f6nnen Sie die Schlichtungsstelle BGG unter <a href=\"mailto:info@schlichtungsstelle-bgg.de\" title=\"E-Mail-Adresse der Schlichtungsstelle des Bundes\">info@schlichtungsstelle-bgg.de<\/a><\/p>\n","protected":false},"excerpt":{"rendered":"<p>Diese Erkl\u00e4rung zur Barrierefreiheit gilt f\u00fcr die unter der https:\/\/www.ess-rv.de ver\u00f6ffentlichten Website der Edith-Stein-Schule Ravensburg &amp; Aulendorf. Als \u00f6ffentliche Stelle im Sinne der Richtlinie (EU) 2016\/2102 sind wir bem\u00fcht, unsere Websites und mobilen Anwendungen im Einklang mit den Bestimmungen des Behindertengleichstellungsgesetzes des Bundes (BGG), dem Landes-Behindertengleichstellungsgesetz (L-BGG) sowie der Barrierefreien-Informationstechnik-Verordnung (BITV 2.0) zur Umsetzung der &hellip; <a href=\"https:\/\/www.ess-rv.de\/?page_id=8438\" class=\"more-link\"><span class=\"screen-reader-text\">Erkl\u00e4rung zur Barrierefreiheit<\/span> weiterlesen <span class=\"meta-nav\">&rarr;<\/span><\/a><\/p>\n","protected":false},"author":3,"featured_media":0,"parent":21,"menu_order":0,"comment_status":"closed","ping_status":"closed","template":"","meta":{"footnotes":"","_links_to":"","_links_to_target":""},"class_list":["post-8438","page","type-page","status-publish","hentry"],"_links":{"self":[{"href":"https:\/\/www.ess-rv.de\/index.php?rest_route=\/wp\/v2\/pages\/8438","targetHints":{"allow":["GET"]}}],"collection":[{"href":"https:\/\/www.ess-rv.de\/index.php?rest_route=\/wp\/v2\/pages"}],"about":[{"href":"https:\/\/www.ess-rv.de\/index.php?rest_route=\/wp\/v2\/types\/page"}],"author":[{"embeddable":true,"href":"https:\/\/www.ess-rv.de\/index.php?rest_route=\/wp\/v2\/users\/3"}],"replies":[{"embeddable":true,"href":"https:\/\/www.ess-rv.de\/index.php?rest_route=%2Fwp%2Fv2%2Fcomments&post=8438"}],"version-history":[{"count":4,"href":"https:\/\/www.ess-rv.de\/index.php?rest_route=\/wp\/v2\/pages\/8438\/revisions"}],"predecessor-version":[{"id":9582,"href":"https:\/\/www.ess-rv.de\/index.php?rest_route=\/wp\/v2\/pages\/8438\/revisions\/9582"}],"up":[{"embeddable":true,"href":"https:\/\/www.ess-rv.de\/index.php?rest_route=\/wp\/v2\/pages\/21"}],"wp:attachment":[{"href":"https:\/\/www.ess-rv.de\/index.php?rest_route=%2Fwp%2Fv2%2Fmedia&parent=8438"}],"curies":[{"name":"wp","href":"https:\/\/api.w.org\/{rel}","templated":true}]}}