{"id":9,"date":"2014-01-27T22:37:00","date_gmt":"2014-01-27T21:37:00","guid":{"rendered":"https:\/\/intern.hls.rv.bw.schule.de\/secure\/?page_id=9"},"modified":"2024-12-12T18:41:06","modified_gmt":"2024-12-12T17:41:06","slug":"berufliche-gymnasien","status":"publish","type":"page","link":"https:\/\/www.ess-rv.de\/?page_id=9","title":{"rendered":"Berufliche Gymnasien"},"content":{"rendered":"<h2>Gymnasien des lebens- und humanwissenschaftlichen Profils<\/h2>\n<p><a href=\"http:\/\/www.ess-rv.de\/download\/beruflichegymnasien\/bg_allgemeines_2023-01.pdf\" download target=\"_blank\">Download Informationen und Links<\/a><\/p>\n<div class=\"link-anmeldung\"><a href=\"http:\/\/www.ess-rv.de\/?page_id=4612\">Bewerbung<\/a><\/div>\n<p>Die Edith-Stein-Schule Ravensburg bietet ein sehr vielf\u00e4ltiges Angebot an beruflichen Gymnasien mit zeitgem\u00e4\u00dfen und zukunftsweisenden Profilen. Berufliche Gymnasien f\u00fchren in drei Jahren zum Abitur (Allgemeine Hochschulreife).<\/p>\n<p>N\u00e4here Informationen finden Sie bei den jeweiligen Gymnasien.<\/p>\n<div data-post-id=\"4607\" class=\"insert-page insert-page-4607 \"><ul>\n<li><a title=\"Biotechnologisches Gymnasium (Standort Ravensburg)\" href=\"http:\/\/www.ess-rv.de\/?page_id=74\">Biotechnologische Richtung (BTG)<\/a><\/li>\n<li><a title=\"Ern\u00e4hrungswissenschaftliches Gymnasium (Standort Ravensburg)\" href=\"http:\/\/www.ess-rv.de\/?page_id=12\">Ern\u00e4hrungswissenschaftliche Richtung (EG)<\/a><\/li>\n<li><a title=\"Sozialwissenschaftliches Gymnasium, Profil Gesundheit \" href=\"http:\/\/www.ess-rv.de\/?page_id=76\">Sozial- und gesundheitswissenschaftliche Richtung,<br \/>\nSchwerpunkt\u00a0Gesundheit (SGGG) <\/a><\/li>\n<li><a title=\"Sozialwissenschaftliches Gymnasium, Profil\u00a0Soziales\" href=\"http:\/\/www.ess-rv.de\/?page_id=80\">Sozial- und gesundheitswissenschaftliche Richtung,<br \/>\nSchwerpunkt\u00a0Soziales (SGGS)<\/a><\/li>\n<\/ul>\n<\/div>\n<div id=\"metaslider-id-9040\" style=\"width: 100%;\" class=\"ml-slider-3-108-0 metaslider metaslider-flex metaslider-9040 ml-slider has-dots-nav ms-theme-databold\" role=\"region\" aria-label=\"Berufliche Gymnasien\" data-height=\"400\" data-width=\"600\">\n    <div id=\"metaslider_container_9040\">\n        <div id=\"metaslider_9040\">\n            <ul class='slides'>\n                <li style=\"display: block; width: 100%;\" class=\"slide-9046 ms-image \" aria-roledescription=\"slide\" data-date=\"2024-12-12 18:33:04\" data-filename=\"2024-10-30-kennenlerntage_ek-1280-002-600x400.jpg\" data-slide-type=\"image\"><img loading=\"lazy\" decoding=\"async\" src=\"https:\/\/www.ess-rv.de\/wp-content\/uploads\/2024\/10\/2024-10-30-kennenlerntage_ek-1280-002-600x400.jpg\" height=\"400\" width=\"600\" alt=\"\" class=\"slider-9040 slide-9046 msDefaultImage\" title=\"2024-10-30-kennenlerntage_ek-1280-002\" \/><div class=\"caption-wrap\"><div class=\"caption\"><div>Fester Bestandteil f\u00fcr das Ankommen an unserer Schule sind die Kennenlerntage der Eingangsklassen mit erlebnisp\u00e4dagogischen Teamtrainings und viel Spa\u00df!<\/div><\/div><\/div><\/li>\n                <li style=\"display: none; width: 100%;\" class=\"slide-9044 ms-image \" aria-roledescription=\"slide\" data-date=\"2024-12-12 18:31:47\" data-filename=\"IMG_20160128_140312-600x400.jpg\" data-slide-type=\"image\"><img loading=\"lazy\" decoding=\"async\" src=\"https:\/\/www.ess-rv.de\/wp-content\/uploads\/2018\/02\/IMG_20160128_140312-600x400.jpg\" height=\"400\" width=\"600\" alt=\"\" class=\"slider-9040 slide-9044 msDefaultImage\" title=\"IMG_20160128_140312\" \/><div class=\"caption-wrap\"><div class=\"caption\"><div>Die vielf\u00e4ltigen Facetten der Life Sciences sind Unterrichtsinhalt in unseren naturwissenschaftlichen Profile Biotechnologie, Ern\u00e4hrung und Chemie und Biologie und Gesundheit.<\/div><\/div><\/div><\/li>\n                <li style=\"display: none; width: 100%;\" class=\"slide-9050 ms-image \" aria-roledescription=\"slide\" data-date=\"2024-12-12 18:33:10\" data-filename=\"2024-04-1080_02-600x400.jpg\" data-slide-type=\"image\"><img loading=\"lazy\" decoding=\"async\" src=\"https:\/\/www.ess-rv.de\/wp-content\/uploads\/2024\/04\/2024-04-1080_02-600x400.jpg\" height=\"400\" width=\"600\" alt=\"\" class=\"slider-9040 slide-9050 msDefaultImage\" title=\"2024-04-1080_02\" \/><div class=\"caption-wrap\"><div class=\"caption\"><div>Unsere Sprachfahrten bieten die M\u00f6glichkeit auch Land und Leute kennenzulernen. Der Spanisch-Kurs f\u00e4hrt in der Jahrgangsstufe 1 zu einer einw\u00f6chigen Fahrt nach Granada und M\u00e1laga.<\/div><\/div><\/div><\/li>\n                <li style=\"display: none; width: 100%;\" class=\"slide-9042 ms-image \" aria-roledescription=\"slide\" data-date=\"2024-12-12 18:31:46\" data-filename=\"2022-02-21-45e8273470da4cad0005ea00002d30d1-1024-600x400.jpg\" data-slide-type=\"image\"><img loading=\"lazy\" decoding=\"async\" src=\"https:\/\/www.ess-rv.de\/wp-content\/uploads\/2022\/02\/2022-02-21-45e8273470da4cad0005ea00002d30d1-1024-600x400.jpg\" height=\"400\" width=\"600\" alt=\"\" class=\"slider-9040 slide-9042 msDefaultImage\" title=\"2022-02-21-45e8273470da4cad0005ea00002d30d1-1024\" \/><div class=\"caption-wrap\"><div class=\"caption\"><div>Das Fach \"Naturwissenschaftliches Experimentieren\" bereitet in der Eingangsklasse die Teilnahme an den Wettbewerben \"Jugend forscht\" und \"Jugend testet\" vor.<\/div><\/div><\/div><\/li>\n                <li style=\"display: none; width: 100%;\" class=\"slide-9047 ms-image \" aria-roledescription=\"slide\" data-date=\"2024-12-12 18:33:04\" data-filename=\"2024-10-11-10-1280-004-600x400.jpg\" data-slide-type=\"image\"><img loading=\"lazy\" decoding=\"async\" src=\"https:\/\/www.ess-rv.de\/wp-content\/uploads\/2024\/10\/2024-10-11-10-1280-004-600x400.jpg\" height=\"400\" width=\"600\" alt=\"\" class=\"slider-9040 slide-9047 msDefaultImage\" title=\"2024-10-11-10-1280-004\" \/><div class=\"caption-wrap\"><div class=\"caption\"><div>Neben dem Unterricht im Klassenzimmer besteht auch immer mal wieder die M\u00f6glichkeit nach drau\u00dfen zu gehen - z. B. f\u00fcr die wissenschaftliche Untersuchung des Biotops gleich neben unserem Schulgel\u00e4nde.<\/div><\/div><\/div><\/li>\n                <li style=\"display: none; width: 100%;\" class=\"slide-9049 ms-image \" aria-roledescription=\"slide\" data-date=\"2024-12-12 18:33:07\" data-filename=\"20240718_082706-600x400.jpg\" data-slide-type=\"image\"><img loading=\"lazy\" decoding=\"async\" src=\"https:\/\/www.ess-rv.de\/wp-content\/uploads\/2024\/07\/20240718_082706-600x400.jpg\" height=\"400\" width=\"600\" alt=\"\" class=\"slider-9040 slide-9049 msDefaultImage\" title=\"20240718_082706\" \/><div class=\"caption-wrap\"><div class=\"caption\"><div>Der Abiturjahrgang 2024 beging einen besonderen und feierlichen Abschlussball im Kultur- und Kongresszentrum Weingarten.<\/div><\/div><\/div><\/li>\n                <li style=\"display: none; width: 100%;\" class=\"slide-9048 ms-image \" aria-roledescription=\"slide\" data-date=\"2024-12-12 18:33:05\" data-filename=\"2024-10-11-10-1280-008-600x400.jpg\" data-slide-type=\"image\"><img loading=\"lazy\" decoding=\"async\" src=\"https:\/\/www.ess-rv.de\/wp-content\/uploads\/2024\/10\/2024-10-11-10-1280-008-600x400.jpg\" height=\"400\" width=\"600\" alt=\"\" class=\"slider-9040 slide-9048 msDefaultImage\" title=\"2024-10-11-10-1280-008\" \/><div class=\"caption-wrap\"><div class=\"caption\"><div>Neben dem Unterricht im Klassenzimmer besteht auch immer mal wieder die M\u00f6glichkeit nach drau\u00dfen zu gehen - z. B. f\u00fcr die wissenschaftliche Untersuchung des Biotops gleich neben unserem Schulgel\u00e4nde.<\/div><\/div><\/div><\/li>\n                <li style=\"display: none; width: 100%;\" class=\"slide-9051 ms-image \" aria-roledescription=\"slide\" data-date=\"2024-12-12 18:33:11\" data-filename=\"2024-03-1024_05-600x400.jpg\" data-slide-type=\"image\"><img loading=\"lazy\" decoding=\"async\" src=\"https:\/\/www.ess-rv.de\/wp-content\/uploads\/2024\/03\/2024-03-1024_05-600x400.jpg\" height=\"400\" width=\"600\" alt=\"\" class=\"slider-9040 slide-9051 msDefaultImage\" title=\"2024-03-1024_05\" \/><div class=\"caption-wrap\"><div class=\"caption\"><div>Die Biologie-Kurse der Oberstufe profitieren von einer Kooperation mit der P\u00e4dagogischen Hochschule. Die Sch\u00fclerinnen und Sch\u00fcler konnten bei gentechnologischen Versuchen ihr geballtes Biowissen praktisch anwenden.<\/div><\/div><\/div><\/li>\n                <li style=\"display: none; width: 100%;\" class=\"slide-9052 ms-image \" aria-roledescription=\"slide\" data-date=\"2024-12-12 18:33:13\" data-filename=\"2024-02-1024_01-600x400.jpg\" data-slide-type=\"image\"><img loading=\"lazy\" decoding=\"async\" src=\"https:\/\/www.ess-rv.de\/wp-content\/uploads\/2024\/02\/2024-02-1024_01-600x400.jpg\" height=\"400\" width=\"600\" alt=\"\" class=\"slider-9040 slide-9052 msDefaultImage\" title=\"2024-02-1024_01\" \/><div class=\"caption-wrap\"><div class=\"caption\"><div>Sch\u00fclerinnen und Sch\u00fcler machen in den Sport-Kursen nicht nur Sport - sie besuchen auch Bundesliga-Sport in der Region wie z. B. Basketballspiele von Ratiopharm Ulm.<\/div><\/div><\/div><\/li>\n            <\/ul>\n        <\/div>\n        \n    <\/div>\n<\/div>\n<p><!--\n\n<div style=\"padding: 15px 25px;border-left: 12px solid #fd4;margin-bottom: 15px;background-color: #fe4\">Hinweis: Ab dem Schuljahr 2020\/2021 werden alle neuen Klassen des Beruflichen Gymnasiums am Standort Ravensburg gef\u00fchrt.<\/div>\n\n\n\n\n<h2>Aktuelle Beitr\u00e4ge<\/h2>\n\n\n[insert page='4605' display='content']--><\/p>\n","protected":false},"excerpt":{"rendered":"<p>Gymnasien des lebens- und humanwissenschaftlichen Profils Download Informationen und Links Bewerbung Die Edith-Stein-Schule Ravensburg bietet ein sehr vielf\u00e4ltiges Angebot an beruflichen Gymnasien mit zeitgem\u00e4\u00dfen und zukunftsweisenden Profilen. Berufliche Gymnasien f\u00fchren in drei Jahren zum Abitur (Allgemeine Hochschulreife). N\u00e4here Informationen finden Sie bei den jeweiligen Gymnasien.<\/p>\n","protected":false},"author":3,"featured_media":0,"parent":301,"menu_order":210,"comment_status":"closed","ping_status":"closed","template":"","meta":{"footnotes":"","_links_to":"","_links_to_target":""},"class_list":["post-9","page","type-page","status-publish","hentry"],"_links":{"self":[{"href":"https:\/\/www.ess-rv.de\/index.php?rest_route=\/wp\/v2\/pages\/9","targetHints":{"allow":["GET"]}}],"collection":[{"href":"https:\/\/www.ess-rv.de\/index.php?rest_route=\/wp\/v2\/pages"}],"about":[{"href":"https:\/\/www.ess-rv.de\/index.php?rest_route=\/wp\/v2\/types\/page"}],"author":[{"embeddable":true,"href":"https:\/\/www.ess-rv.de\/index.php?rest_route=\/wp\/v2\/users\/3"}],"replies":[{"embeddable":true,"href":"https:\/\/www.ess-rv.de\/index.php?rest_route=%2Fwp%2Fv2%2Fcomments&post=9"}],"version-history":[{"count":49,"href":"https:\/\/www.ess-rv.de\/index.php?rest_route=\/wp\/v2\/pages\/9\/revisions"}],"predecessor-version":[{"id":9053,"href":"https:\/\/www.ess-rv.de\/index.php?rest_route=\/wp\/v2\/pages\/9\/revisions\/9053"}],"up":[{"embeddable":true,"href":"https:\/\/www.ess-rv.de\/index.php?rest_route=\/wp\/v2\/pages\/301"}],"wp:attachment":[{"href":"https:\/\/www.ess-rv.de\/index.php?rest_route=%2Fwp%2Fv2%2Fmedia&parent=9"}],"curies":[{"name":"wp","href":"https:\/\/api.w.org\/{rel}","templated":true}]}}