{"id":9190,"date":"2025-01-17T16:33:52","date_gmt":"2025-01-17T15:33:52","guid":{"rendered":"https:\/\/www.ess-rv.de\/?page_id=9190"},"modified":"2025-01-18T10:15:16","modified_gmt":"2025-01-18T09:15:16","slug":"jugend-testet","status":"publish","type":"page","link":"https:\/\/www.ess-rv.de\/?page_id=9190","title":{"rendered":"Jugend testet"},"content":{"rendered":"<p><img loading=\"lazy\" decoding=\"async\" src=\"https:\/\/www.ess-rv.de\/wp-content\/uploads\/2025\/01\/Jugend-testet-logo-allgemein.png\" alt=\"\" width=\"198\" height=\"166\" class=\"no-border alignright size-full wp-image-9227\" \/>Im Rahmen <a href=\"https:\/\/www.ess-rv.de\/?page_id=6744\">Wahlfaches NExt<\/a> werden die Sch\u00fclerinnen und Sch\u00fcler der Eingangsklassen zu Forscherinnen und Forscher. Im Unterricht des Wahlfaches wird naturwissenschaftliches Arbeiten ganz praktisch erlernt. Wir fangen mit einfachen Experimenten an und streben die Teilnahme an einem Schulwettbewerb an.<\/p>\n<p>Beim <a href=\"https:\/\/www.jugend-testet.de\/\" target=\"_blank\">Schulwettbewerb \u201eJugend testet\u201c<\/a> k\u00f6nnen Sch\u00fclerinnen und Sch\u00fcler ein Produkt oder eine Dienstleistung ihrer Wahl testen. Sie entscheiden selbst: Was getestet wird, nach welchen Kriterien untersucht wird und wie die Ergebnisse pr\u00e4sentiert werden. Um zu gewinnen, braucht man eine kreative Idee, ein gutes Testverfahren und eine interessante Pr\u00e4sentation der Ergebnisse.<\/p>\n<h2 id=\"jugend-testet-chronik\">\u00dcbersicht<\/h2>\n<div class=\"tabelle zweispalten\">\n<div class=\"tkopf\">\n<div class=\"zeile\">\n<div class=\"zelle hervorheben\">Jahr<\/div>\n<div class=\"zelle hervorheben\">Projekt<\/div>\n<\/div>\n<\/div>\n<div class=\"tinhalt\">\n<div class=\"zeile\">\n<div class=\"zelle\"><strong>2025<\/strong><\/div>\n<div class=\"zelle\"><a href=\"https:\/\/www.ess-rv.de\/wp-content\/uploads\/2025\/01\/Jugend-testet-Logo-2025.jpg\"><img loading=\"lazy\" decoding=\"async\" src=\"https:\/\/www.ess-rv.de\/wp-content\/uploads\/2025\/01\/Jugend-testet-Logo-2025-215x215.jpg\" alt=\"\" width=\"215\" height=\"215\" class=\"alignright size-thumbnail wp-image-9217\" \/><\/a>Die Sch\u00fclerinnen und Sch\u00fcler unterziehen dreizehn wiederverwendbare Trinkhalme einem Qualit\u00e4tsscheck. Zu Redaktionsschluss waren die Ergebnisse noch streng geheim.<\/div>\n<\/p><\/div>\n<div class=\"zeile\">\n<div class=\"zelle\"><strong>2023<\/strong><\/div>\n<div class=\"zelle\"><a href=\"https:\/\/www.ess-rv.de\/wp-content\/uploads\/2025\/01\/Jugend-testet-2023-Siegerehrung.jpg\"><img loading=\"lazy\" decoding=\"async\" src=\"https:\/\/www.ess-rv.de\/wp-content\/uploads\/2025\/01\/Jugend-testet-2023-Siegerehrung-215x215.jpg\" alt=\"\" width=\"215\" height=\"215\" class=\"alignright size-thumbnail wp-image-9224\" \/><\/a>Bundessieger in der Kategorie Produkttestung wurden die Sch\u00fclerinnen und Sch\u00fcler der Eingangsklasse des beruflichen Gymnasiums: Roman Bechthold, Denis Bitiq, Wendelin Buck, Lilian Gro\u00dfmann, Maximilian Lipp, Isabell Mock, Lasse Ruster, Jakob Siebert, Ilkan Solmaz und Luca Zeuner der Edith Stein Schule Ravensburg. Sie gewinnen den mit 2500 Euro dotieren Hauptpreis der Stiftung Warentest. <\/p>\n<p>\t\tZur Preisverleihung mit der Bundesministerin f\u00fcr Umwelt- und Verbraucherschutz Steffi Lemke durfte das Gewinnerteam nach Berlin fahren. Getestet haben sie torffreie Aussaatsubstrate, denn den 16- bis 19-J\u00e4hrigen ist wichtig, Moore und Umwelt zu sch\u00fctzen. Mithilfe von Chinakohlsamen untersuchten sie die Keimrate und das Wachstumsverhalten in den Substraten, sie pr\u00fcften unter anderem aber auch den Salzgehalt, den pH-Wert, die Wasserhaltef\u00e4higkeit, das Austrocknungsverhalten sowie die Sterilit\u00e4t der Aussaaterden.<\/p>\n<p>\t\tBei dem j\u00e4hrlich ausgeschriebenen Wettbewerb der Stiftung Warentest haben dieses Jahr \u00fcber 3400 Sch\u00fclerInnen teilgenommen und in 960 eingereichten Arbeiten Produkte und Dienstleistungen getestet.<\/p>\n<p>\t\t<a href=\"https:\/\/www.ess-rv.de\/wp-content\/uploads\/2025\/01\/Jugend-testet-2023-Plakat.pdf\">Download Jugend testet 2023 Plakat<\/a><\/div>\n<\/p><\/div>\n<div class=\"zeile\">\n<div class=\"zelle\"><strong>2022<\/strong><\/div>\n<div class=\"zelle\"><img loading=\"lazy\" decoding=\"async\" src=\"https:\/\/www.ess-rv.de\/wp-content\/uploads\/2025\/01\/Jugend-testet-Logo-2022-215x215.jpg\" alt=\"\" width=\"215\" height=\"215\" class=\"alignright size-thumbnail wp-image-9219\" \/>Die Sch\u00fclerinnen und Sch\u00fcler des NExt-Kurses (Naturwissenschaftliches Experimentieren) stellten sich die Frage, in welchem Discounter oder Supermarkt man wohl die beste <strong>Qualit\u00e4t an Schnittrosen<\/strong> bekommt und bei wem die Blumen am l\u00e4ngsten haltbar sind. Daf\u00fcr machten Sie den Qualit\u00e4tscheck, kauften in acht Discountern und Supermarktketten Rosen und bewerteten ihre Qualit\u00e4t. Ermittelt wurden die Anzahl der Rosen pro Bund, der Preis, die \u00e4u\u00dfere Qualit\u00e4t, die Haltbarkeit der Rosen und das Aufbl\u00fchverhalten der Bl\u00fcte, die Wirkung der beigef\u00fcgten Frischhaltemittel und die Nachhaltigkeit und Fairness bei der Produktion der Rosen. Die Testk\u00e4ufe der Rosen erfolgten bei Lidl, real, Netto, Kaufland, Norma, Aldi, Rewe und Penny. <\/p>\n<p>\t\tDie Ergebnisse der Analysen wurden in Noten von 1 bis 6 bewertet. Die Gesamtergebnisse der Qualit\u00e4t der Rosen waren alle relativ \u00e4hnlich. Sie lagen im Bereich von befriedigend und die Spanne der Noten reichte von 2,3 \u2013 3,5. <\/p>\n<p>\t\tMit diesem Qualit\u00e4tscheck nahmen die Sch\u00fclerinnen und Sch\u00fcler beim Wettbewerb &#8222;Jugend testet&#8220; zusammen mit insgesamt 3100 Jugendlichen und 826 Wettbewerbsbeitr\u00e4gen teil. Die NExt-Jungforscherinnen und -Jungforscher waren sehr erfolgreich und ihre Forschungsarbeit geh\u00f6rte zu den besten 20 der eingereichten Wettbewerbsbeitr\u00e4ge. Alle Sch\u00fclerinnen und Sch\u00fcler erhielten eine Urkunde \u00fcber die erfolgreiche Teilnahme und als Preis ein kostenloses Jahres-Abo der Zeitschrift test oder Finanztest.<\/p>\n<p>\t\t<a href=\"https:\/\/www.ess-rv.de\/wp-content\/uploads\/2025\/01\/Jugend-testet-2022-Abschlussbericht.pdf\">Download Jugend testet 2022 Plakat<\/a><\/div>\n<\/p><\/div>\n<\/div>\n<\/div>\n","protected":false},"excerpt":{"rendered":"<p>Im Rahmen Wahlfaches NExt werden die Sch\u00fclerinnen und Sch\u00fcler der Eingangsklassen zu Forscherinnen und Forscher. Im Unterricht des Wahlfaches wird naturwissenschaftliches Arbeiten ganz praktisch erlernt. Wir fangen mit einfachen Experimenten an und streben die Teilnahme an einem Schulwettbewerb an. Beim Schulwettbewerb \u201eJugend testet\u201c k\u00f6nnen Sch\u00fclerinnen und Sch\u00fcler ein Produkt oder eine Dienstleistung ihrer Wahl testen. &hellip; <a href=\"https:\/\/www.ess-rv.de\/?page_id=9190\" class=\"more-link\"><span class=\"screen-reader-text\">Jugend testet<\/span> weiterlesen <span class=\"meta-nav\">&rarr;<\/span><\/a><\/p>\n","protected":false},"author":3,"featured_media":0,"parent":9185,"menu_order":0,"comment_status":"closed","ping_status":"closed","template":"","meta":{"footnotes":"","_links_to":"","_links_to_target":""},"class_list":["post-9190","page","type-page","status-publish","hentry"],"_links":{"self":[{"href":"https:\/\/www.ess-rv.de\/index.php?rest_route=\/wp\/v2\/pages\/9190","targetHints":{"allow":["GET"]}}],"collection":[{"href":"https:\/\/www.ess-rv.de\/index.php?rest_route=\/wp\/v2\/pages"}],"about":[{"href":"https:\/\/www.ess-rv.de\/index.php?rest_route=\/wp\/v2\/types\/page"}],"author":[{"embeddable":true,"href":"https:\/\/www.ess-rv.de\/index.php?rest_route=\/wp\/v2\/users\/3"}],"replies":[{"embeddable":true,"href":"https:\/\/www.ess-rv.de\/index.php?rest_route=%2Fwp%2Fv2%2Fcomments&post=9190"}],"version-history":[{"count":8,"href":"https:\/\/www.ess-rv.de\/index.php?rest_route=\/wp\/v2\/pages\/9190\/revisions"}],"predecessor-version":[{"id":9235,"href":"https:\/\/www.ess-rv.de\/index.php?rest_route=\/wp\/v2\/pages\/9190\/revisions\/9235"}],"up":[{"embeddable":true,"href":"https:\/\/www.ess-rv.de\/index.php?rest_route=\/wp\/v2\/pages\/9185"}],"wp:attachment":[{"href":"https:\/\/www.ess-rv.de\/index.php?rest_route=%2Fwp%2Fv2%2Fmedia&parent=9190"}],"curies":[{"name":"wp","href":"https:\/\/api.w.org\/{rel}","templated":true}]}}